{"id":10384,"date":"2021-12-24T12:54:07","date_gmt":"2021-12-24T11:54:07","guid":{"rendered":"https:\/\/zapateneo.net\/wordpress\/?post_type=product&#038;p=10384"},"modified":"2021-12-24T12:55:08","modified_gmt":"2021-12-24T11:55:08","slug":"descolonizar-el-lenguaje","status":"publish","type":"product","link":"https:\/\/zapateneo.net\/wordpress\/index.php\/producto\/descolonizar-el-lenguaje\/","title":{"rendered":"Descolonizar el lenguaje"},"content":{"rendered":"<p>DESCOLONIZAR EL LENGUAJE, una selecci\u00f3n de cr\u00edticas y ensayos de la escritora peruana Patricia de Souza, nos acerca a la vida y obra de distintas escritoras como Flora Trist\u00e1n, Blanca Varela, Marguerite Duras, Simone Weil, Teresa de \u00c1vila, Joyce Mansour, Catherine Pozzi, Elena Garro, entre otras figuras fundamentales de la literatura. En este libro recorremos los entramados de sus revueltas individuales y las limitaciones que encontraron para construir su propia representaci\u00f3n del mundo, una que se inscribiese en una tradici\u00f3n no-patriarcal. \u00bfC\u00f3mo hicieron para oponerse a los mandatos sociales, pol\u00edticos y culturales de la \u00e9poca en que les toc\u00f3 vivir? Son textos escritos con un lenguaje \u00edntimo y un tono confesional que colocan a la autora en el cruce de la autobiograf\u00eda y el trabajo de escritura que busca un nuevo plano, otra perspectiva literaria en medio de la crisis de sentido que afrontamos en el siglo XXI. Temas fundamentales como la lucha por los derechos de la mujer, la igualdad plena, son algunos de los t\u00f3picos presentes en lo que ser\u00eda un leg\u00edtimo intento por inventar una subjetividad femenina y otra Modernidad.<br \/>\nUna inmersi\u00f3n en la vida y obra de feministas y escritoras imprescindibles, mujeres que nos entregaron textos, lenguaje, y un mundo desde donde pensar de otra manera: dialogar y ejercer una pr\u00e1ctica que nos coloque en un plano de visibilidad. Todo empieza por nombrar las cosas de otra manera. Un repaso a la vida y obra de destacadas escritoras feministas, mujeres que nos entregaron en su momento una base indiscutible desde donde pensar, dialogar, y construir hoy y en el futuro, nuevas teor\u00edas y pr\u00e1cticas, siempre subversivas y acordes a nuestro tiempo.<\/p>\n<p>AUTOR\/A<br \/>\nSOUZA, PATRICIA DE<br \/>\nLa periodista y escritora peruana Patricia de Souza (Per\u00fa 1964 ? Francia, 24 de octubre de 2019) naci\u00f3 en Coracora, Ayacucho. Su infancia transcurri\u00f3 en Chaclacayo, a las afueras de Lima. Fue licenciada en Letras, y realiz\u00f3 estudios de ciencias pol\u00edticas, periodismo y filosof\u00eda. Posteriormente se especializ\u00f3 en literatura francesa: obtuvo el Doctorado en Literatura francesa por la Universidad Sorbonne nouvelle Paris III con la tesis doctoral &#8216;Flora Trist\u00e1n et Lautr\u00e9amont, ou l&#8217;invention de soi, entre deux langues et deux continents&#8217;.<BR>Escribi\u00f3 para diversas publicaciones (como la revista peruana &#8216;Caretas&#8217;) y peri\u00f3dicos (p.e. &#8216;El Pa\u00eds&#8217;) y fue profesora de franc\u00e9s en la Universidad Nacional Mayor de San Marcos. Tradujo poes\u00eda de Michel Leiris y narrativa de Jean Echenoz. Vivi\u00f3 en los \u00c1ngeles, Ciudad de M\u00e9xico, Caracas y Par\u00eds, ciudad en la que residi\u00f3 por varias d\u00e9cadas y en la que sigui\u00f3 sus estudios de doctorado. Ha desarrollado una obra variopinta en la que ha sabido tocar con lucidez varios g\u00e9neros, entre los que se destacan sus novelas y ensayos. Fue en 1994 cuando hizo su debut literario con la novela &#8216;Cuando llegue la noche&#8217;, que ya inclu\u00eda algunos de los t\u00f3picos habituales de su obra, como la violencia, la migraci\u00f3n y la autorreflexi\u00f3n sobre la escritura hecha por mujeres, que anticipar\u00eda el mayor peso que tendr\u00eda el feminismo en su obra y su discurso.<BR>De su amplia obra se pueden distinguir tres etapas. La primera estar\u00eda comprendida por sus cuatro primeras novelas que evidencian un estilo cl\u00e1sico en su estructura y composici\u00f3n. Aborda temas como la violencia, el desarraigo, la soledad&#8230; Muestra los nuevos modelos de mujer, dentro de la perspectiva de igualdad, en la que busca la ruptura con los roles de g\u00e9nero tradicionales. La segunda etapa abarcar\u00eda sus cinco obras publicadas entre 2000 y 2010, y se caracterizar\u00eda por estructuras m\u00e1s experimentales y con mayor presencia de un tono confesional. Asimismo, se puede percibir una voz que se asume conscientemente feminista. Finalmente, la \u00faltima etapa llegar\u00eda hasta 2018 y adem\u00e1s de dos novelas, resaltan tres ensayos: Eva no tiene para\u00edso (2011), Descolonizar el lenguaje (2015) y Ecofeminismo decolonial y crisis del patriarcado (2018). Este periodo de su producci\u00f3n estar\u00eda caracterizado por un f\u00e9rreo compromiso social, pol\u00edtico y est\u00e9tico presente en tanto en los textos de ficci\u00f3n como en los de no ficci\u00f3n. Libros publicados: Cuando llegue la noche (1994); a mentira de un fauno (1999); El \u00faltimo cuerpo de \u00darsula (2000) traducido al alem\u00e1n, al ingl\u00e9s y al franc\u00e9s; Stabat Mater (2001); Electra en la ciudad (2006); Aquella imagen que transpira (2006); Ellos dos (2007); Er\u00f3tika, escenas de la vida sexual (2008); Trist\u00e1n (2010); Eva no tiene para\u00edso (2011); Verg\u00fcenza (2014); Descolonizar el lenguaje (2015); Mujeres que trepan a los \u00e1rboles (2017); Y Ecofeminismo decolonial y crisis del patriarcado (2018).<\/p>\n","protected":false},"excerpt":{"rendered":"<p><strong>Patricia de Souza<\/strong><br \/>\n9789569648045 &#8211; Libros de la mujer rota &#8211; 2016 &#8211; 124 p\u00e1ginas \/orri.<\/p>\n","protected":false},"featured_media":10401,"template":"","meta":[],"product_brand":[],"product_cat":[16,173],"product_tag":[5311,5310],"class_list":{"0":"post-10384","1":"product","2":"type-product","3":"status-publish","4":"has-post-thumbnail","6":"product_cat-libros","7":"product_cat-saiakera-ensayo","8":"product_tag-libros-de-la-mujer-rota","9":"product_tag-patricia-de-souza","11":"first","12":"instock","13":"sold-individually","14":"shipping-taxable","15":"purchasable","16":"product-type-simple"},"yoast_head":"<!-- This site is optimized with the Yoast SEO plugin v27.3 - https:\/\/yoast.com\/product\/yoast-seo-wordpress\/ -->\n<title>Descolonizar el lenguaje &#8212; Zapateneo<\/title>\n<meta name=\"robots\" content=\"index, follow, max-snippet:-1, max-image-preview:large, max-video-preview:-1\" \/>\n<link rel=\"canonical\" href=\"https:\/\/zapateneo.net\/wordpress\/index.php\/producto\/descolonizar-el-lenguaje\/\" \/>\n<meta property=\"og:locale\" content=\"es_ES\" \/>\n<meta property=\"og:type\" content=\"article\" \/>\n<meta property=\"og:title\" content=\"Descolonizar el lenguaje &#8212; Zapateneo\" \/>\n<meta property=\"og:description\" content=\"Patricia de Souza 9789569648045 - Libros de la mujer rota - 2016 - 124 p\u00e1ginas \/orri.\" \/>\n<meta property=\"og:url\" content=\"https:\/\/zapateneo.net\/wordpress\/index.php\/producto\/descolonizar-el-lenguaje\/\" \/>\n<meta property=\"og:site_name\" content=\"Zapateneo\" \/>\n<meta property=\"article:modified_time\" content=\"2021-12-24T11:55:08+00:00\" \/>\n<meta name=\"twitter:card\" content=\"summary_large_image\" \/>\n<meta name=\"twitter:site\" content=\"@zapateneo\" \/>\n<meta name=\"twitter:label1\" content=\"Tiempo de lectura\" \/>\n\t<meta name=\"twitter:data1\" content=\"4 minutos\" \/>\n<script type=\"application\/ld+json\" class=\"yoast-schema-graph\">{\"@context\":\"https:\\\/\\\/schema.org\",\"@graph\":[{\"@type\":\"WebPage\",\"@id\":\"https:\\\/\\\/zapateneo.net\\\/wordpress\\\/index.php\\\/producto\\\/descolonizar-el-lenguaje\\\/\",\"url\":\"https:\\\/\\\/zapateneo.net\\\/wordpress\\\/index.php\\\/producto\\\/descolonizar-el-lenguaje\\\/\",\"name\":\"Descolonizar el lenguaje &#8212; Zapateneo\",\"isPartOf\":{\"@id\":\"https:\\\/\\\/zapateneo.net\\\/wordpress\\\/#website\"},\"primaryImageOfPage\":{\"@id\":\"https:\\\/\\\/zapateneo.net\\\/wordpress\\\/index.php\\\/producto\\\/descolonizar-el-lenguaje\\\/#primaryimage\"},\"image\":{\"@id\":\"https:\\\/\\\/zapateneo.net\\\/wordpress\\\/index.php\\\/producto\\\/descolonizar-el-lenguaje\\\/#primaryimage\"},\"thumbnailUrl\":\"https:\\\/\\\/zapateneo.net\\\/wordpress\\\/wp-content\\\/uploads\\\/2021\\\/12\\\/9789569648045.gif\",\"datePublished\":\"2021-12-24T11:54:07+00:00\",\"dateModified\":\"2021-12-24T11:55:08+00:00\",\"breadcrumb\":{\"@id\":\"https:\\\/\\\/zapateneo.net\\\/wordpress\\\/index.php\\\/producto\\\/descolonizar-el-lenguaje\\\/#breadcrumb\"},\"inLanguage\":\"es\",\"potentialAction\":[{\"@type\":\"ReadAction\",\"target\":[\"https:\\\/\\\/zapateneo.net\\\/wordpress\\\/index.php\\\/producto\\\/descolonizar-el-lenguaje\\\/\"]}]},{\"@type\":\"ImageObject\",\"inLanguage\":\"es\",\"@id\":\"https:\\\/\\\/zapateneo.net\\\/wordpress\\\/index.php\\\/producto\\\/descolonizar-el-lenguaje\\\/#primaryimage\",\"url\":\"https:\\\/\\\/zapateneo.net\\\/wordpress\\\/wp-content\\\/uploads\\\/2021\\\/12\\\/9789569648045.gif\",\"contentUrl\":\"https:\\\/\\\/zapateneo.net\\\/wordpress\\\/wp-content\\\/uploads\\\/2021\\\/12\\\/9789569648045.gif\",\"width\":240,\"height\":346},{\"@type\":\"BreadcrumbList\",\"@id\":\"https:\\\/\\\/zapateneo.net\\\/wordpress\\\/index.php\\\/producto\\\/descolonizar-el-lenguaje\\\/#breadcrumb\",\"itemListElement\":[{\"@type\":\"ListItem\",\"position\":1,\"name\":\"Portada\",\"item\":\"https:\\\/\\\/zapateneo.net\\\/wordpress\\\/\"},{\"@type\":\"ListItem\",\"position\":2,\"name\":\"Tienda\",\"item\":\"https:\\\/\\\/zapateneo.net\\\/wordpress\\\/\"},{\"@type\":\"ListItem\",\"position\":3,\"name\":\"Descolonizar el lenguaje\"}]},{\"@type\":\"WebSite\",\"@id\":\"https:\\\/\\\/zapateneo.net\\\/wordpress\\\/#website\",\"url\":\"https:\\\/\\\/zapateneo.net\\\/wordpress\\\/\",\"name\":\"Zapateneo\",\"description\":\"Zapateneoaren webgunea\",\"publisher\":{\"@id\":\"https:\\\/\\\/zapateneo.net\\\/wordpress\\\/#organization\"},\"potentialAction\":[{\"@type\":\"SearchAction\",\"target\":{\"@type\":\"EntryPoint\",\"urlTemplate\":\"https:\\\/\\\/zapateneo.net\\\/wordpress\\\/?s={search_term_string}\"},\"query-input\":{\"@type\":\"PropertyValueSpecification\",\"valueRequired\":true,\"valueName\":\"search_term_string\"}}],\"inLanguage\":\"es\"},{\"@type\":\"Organization\",\"@id\":\"https:\\\/\\\/zapateneo.net\\\/wordpress\\\/#organization\",\"name\":\"Zapateneo Kultur Elkartea\",\"url\":\"https:\\\/\\\/zapateneo.net\\\/wordpress\\\/\",\"logo\":{\"@type\":\"ImageObject\",\"inLanguage\":\"es\",\"@id\":\"https:\\\/\\\/zapateneo.net\\\/wordpress\\\/#\\\/schema\\\/logo\\\/image\\\/\",\"url\":\"https:\\\/\\\/zapateneo.net\\\/wordpress\\\/wp-content\\\/uploads\\\/2021\\\/04\\\/zap-libu-kolec.jpg\",\"contentUrl\":\"https:\\\/\\\/zapateneo.net\\\/wordpress\\\/wp-content\\\/uploads\\\/2021\\\/04\\\/zap-libu-kolec.jpg\",\"width\":2234,\"height\":398,\"caption\":\"Zapateneo Kultur Elkartea\"},\"image\":{\"@id\":\"https:\\\/\\\/zapateneo.net\\\/wordpress\\\/#\\\/schema\\\/logo\\\/image\\\/\"},\"sameAs\":[\"https:\\\/\\\/x.com\\\/zapateneo\"]}]}<\/script>\n<!-- \/ Yoast SEO plugin. -->","yoast_head_json":{"title":"Descolonizar el lenguaje &#8212; Zapateneo","robots":{"index":"index","follow":"follow","max-snippet":"max-snippet:-1","max-image-preview":"max-image-preview:large","max-video-preview":"max-video-preview:-1"},"canonical":"https:\/\/zapateneo.net\/wordpress\/index.php\/producto\/descolonizar-el-lenguaje\/","og_locale":"es_ES","og_type":"article","og_title":"Descolonizar el lenguaje &#8212; Zapateneo","og_description":"Patricia de Souza 9789569648045 - Libros de la mujer rota - 2016 - 124 p\u00e1ginas \/orri.","og_url":"https:\/\/zapateneo.net\/wordpress\/index.php\/producto\/descolonizar-el-lenguaje\/","og_site_name":"Zapateneo","article_modified_time":"2021-12-24T11:55:08+00:00","twitter_card":"summary_large_image","twitter_site":"@zapateneo","twitter_misc":{"Tiempo de lectura":"4 minutos"},"schema":{"@context":"https:\/\/schema.org","@graph":[{"@type":"WebPage","@id":"https:\/\/zapateneo.net\/wordpress\/index.php\/producto\/descolonizar-el-lenguaje\/","url":"https:\/\/zapateneo.net\/wordpress\/index.php\/producto\/descolonizar-el-lenguaje\/","name":"Descolonizar el lenguaje &#8212; Zapateneo","isPartOf":{"@id":"https:\/\/zapateneo.net\/wordpress\/#website"},"primaryImageOfPage":{"@id":"https:\/\/zapateneo.net\/wordpress\/index.php\/producto\/descolonizar-el-lenguaje\/#primaryimage"},"image":{"@id":"https:\/\/zapateneo.net\/wordpress\/index.php\/producto\/descolonizar-el-lenguaje\/#primaryimage"},"thumbnailUrl":"https:\/\/zapateneo.net\/wordpress\/wp-content\/uploads\/2021\/12\/9789569648045.gif","datePublished":"2021-12-24T11:54:07+00:00","dateModified":"2021-12-24T11:55:08+00:00","breadcrumb":{"@id":"https:\/\/zapateneo.net\/wordpress\/index.php\/producto\/descolonizar-el-lenguaje\/#breadcrumb"},"inLanguage":"es","potentialAction":[{"@type":"ReadAction","target":["https:\/\/zapateneo.net\/wordpress\/index.php\/producto\/descolonizar-el-lenguaje\/"]}]},{"@type":"ImageObject","inLanguage":"es","@id":"https:\/\/zapateneo.net\/wordpress\/index.php\/producto\/descolonizar-el-lenguaje\/#primaryimage","url":"https:\/\/zapateneo.net\/wordpress\/wp-content\/uploads\/2021\/12\/9789569648045.gif","contentUrl":"https:\/\/zapateneo.net\/wordpress\/wp-content\/uploads\/2021\/12\/9789569648045.gif","width":240,"height":346},{"@type":"BreadcrumbList","@id":"https:\/\/zapateneo.net\/wordpress\/index.php\/producto\/descolonizar-el-lenguaje\/#breadcrumb","itemListElement":[{"@type":"ListItem","position":1,"name":"Portada","item":"https:\/\/zapateneo.net\/wordpress\/"},{"@type":"ListItem","position":2,"name":"Tienda","item":"https:\/\/zapateneo.net\/wordpress\/"},{"@type":"ListItem","position":3,"name":"Descolonizar el lenguaje"}]},{"@type":"WebSite","@id":"https:\/\/zapateneo.net\/wordpress\/#website","url":"https:\/\/zapateneo.net\/wordpress\/","name":"Zapateneo","description":"Zapateneoaren webgunea","publisher":{"@id":"https:\/\/zapateneo.net\/wordpress\/#organization"},"potentialAction":[{"@type":"SearchAction","target":{"@type":"EntryPoint","urlTemplate":"https:\/\/zapateneo.net\/wordpress\/?s={search_term_string}"},"query-input":{"@type":"PropertyValueSpecification","valueRequired":true,"valueName":"search_term_string"}}],"inLanguage":"es"},{"@type":"Organization","@id":"https:\/\/zapateneo.net\/wordpress\/#organization","name":"Zapateneo Kultur Elkartea","url":"https:\/\/zapateneo.net\/wordpress\/","logo":{"@type":"ImageObject","inLanguage":"es","@id":"https:\/\/zapateneo.net\/wordpress\/#\/schema\/logo\/image\/","url":"https:\/\/zapateneo.net\/wordpress\/wp-content\/uploads\/2021\/04\/zap-libu-kolec.jpg","contentUrl":"https:\/\/zapateneo.net\/wordpress\/wp-content\/uploads\/2021\/04\/zap-libu-kolec.jpg","width":2234,"height":398,"caption":"Zapateneo Kultur Elkartea"},"image":{"@id":"https:\/\/zapateneo.net\/wordpress\/#\/schema\/logo\/image\/"},"sameAs":["https:\/\/x.com\/zapateneo"]}]}},"_links":{"self":[{"href":"https:\/\/zapateneo.net\/wordpress\/index.php\/wp-json\/wp\/v2\/product\/10384","targetHints":{"allow":["GET"]}}],"collection":[{"href":"https:\/\/zapateneo.net\/wordpress\/index.php\/wp-json\/wp\/v2\/product"}],"about":[{"href":"https:\/\/zapateneo.net\/wordpress\/index.php\/wp-json\/wp\/v2\/types\/product"}],"wp:featuredmedia":[{"embeddable":true,"href":"https:\/\/zapateneo.net\/wordpress\/index.php\/wp-json\/wp\/v2\/media\/10401"}],"wp:attachment":[{"href":"https:\/\/zapateneo.net\/wordpress\/index.php\/wp-json\/wp\/v2\/media?parent=10384"}],"wp:term":[{"taxonomy":"product_brand","embeddable":true,"href":"https:\/\/zapateneo.net\/wordpress\/index.php\/wp-json\/wp\/v2\/product_brand?post=10384"},{"taxonomy":"product_cat","embeddable":true,"href":"https:\/\/zapateneo.net\/wordpress\/index.php\/wp-json\/wp\/v2\/product_cat?post=10384"},{"taxonomy":"product_tag","embeddable":true,"href":"https:\/\/zapateneo.net\/wordpress\/index.php\/wp-json\/wp\/v2\/product_tag?post=10384"}],"curies":[{"name":"wp","href":"https:\/\/api.w.org\/{rel}","templated":true}]}}