{"id":10380,"date":"2021-12-24T12:54:06","date_gmt":"2021-12-24T11:54:06","guid":{"rendered":"https:\/\/zapateneo.net\/wordpress\/?post_type=product&#038;p=10380"},"modified":"2021-12-24T12:54:56","modified_gmt":"2021-12-24T11:54:56","slug":"en-nombre-de-los-derechos-de-las-mujeres-el-auge-del-feminacionalismo","status":"publish","type":"product","link":"https:\/\/zapateneo.net\/wordpress\/index.php\/producto\/en-nombre-de-los-derechos-de-las-mujeres-el-auge-del-feminacionalismo\/","title":{"rendered":"En nombre de los derechos de las mujeres. El auge del feminacionalismo"},"content":{"rendered":"<p>Es evidente el uso instrumental que los partidos de extrema derecha y las nuevas formas de nacionalismo hacen de los derechos de las mujeres para agitar sus pol\u00edticas antinmigraci\u00f3n, pero \u00bfpor qu\u00e9 algunas feministas y la propaganda neoliberal presentan a los hombres musulmanes (y no occidentales) como enemigos peligrosos, mientras que las mujeres musulmanas (y no occidentales) son presentadas como v\u00edctimas a salvar e integrar? En este libro, Sara Farris analiza en profundidad la convergencia imperfecta de lo que llama \u00abfeminacionalismo\u00bb (\u00abnacionalismo feminista\u00bb) a partir de la teor\u00eda poscolonial y feminista, de la econom\u00eda pol\u00edtica y de su propio trabajo de campo en Francia, Italia y Holanda. Demuestra que la actualizaci\u00f3n del archivo colonial (relativo a la \u00absexualizaci\u00f3n del racismo\u00bb y la \u00abracializaci\u00f3n del sexismo\u00bb) se debe al papel fundamental e imprescindible que realizan las mujeres migrantes en el campo de la reproducci\u00f3n social (los cuidados y el trabajo dom\u00e9stico), mercantilizado por el neoliberalismo y privatizado por la retirada del Estado del bienestar.<br \/>\nLos discursos nacionalistas y los neoliberales se dirigen entonces no a abominar de estas mujeres, como hacen con sus pares masculinos, cuanto a presionarlas para que se integren, \u00abmodernicen\u00bb y, sencillamente, se pongan a trabajar. M\u00e1s parad\u00f3jico es el papel de las feministas que tambi\u00e9n creen liberarlas del yugo de sus \u00abculturas patriarcales\u00bb anim\u00e1ndolas a aceptar, por medio de las leyes de inmigraci\u00f3n y del workfare, trabajos mal pagados y poco reconocidos. Farris propone, de este modo, un complejo y completo an\u00e1lisis del papel que juega la construcci\u00f3n del Otro, sea como enemigo o como v\u00edctima, en el largo momento neoconservador y neoliberal de nuestras sociedades.<\/p>\n<p>Sara R. Farris es profesora de Ciencias Pol\u00edticas y Sociolog\u00eda en la Goldsmiths University of London. Su campo de investigaci\u00f3n se centra en las construcciones te\u00f3ricas del racismo y el nacionalismo. Adem\u00e1s de numerosos art\u00edculos y de este libro, es autora de Max Weber&#8217;s Theory of Personality (2014).<\/p>\n","protected":false},"excerpt":{"rendered":"<p><strong>Sara R. Farris<\/strong><br \/>\n9788412339857 &#8211; Traficantes de sue\u00f1os &#8211; 2021 &#8211; 312 p\u00e1ginas \/orri.<\/p>\n","protected":false},"featured_media":10397,"template":"","meta":[],"product_brand":[],"product_cat":[174,16],"product_tag":[5313,72],"class_list":{"0":"post-10380","1":"product","2":"type-product","3":"status-publish","4":"has-post-thumbnail","6":"product_cat-generoak-generos","7":"product_cat-libros","8":"product_tag-sara-r-farris","9":"product_tag-traficantes-de-suenos","11":"first","12":"instock","13":"sold-individually","14":"shipping-taxable","15":"purchasable","16":"product-type-simple"},"yoast_head":"<!-- This site is optimized with the Yoast SEO plugin v27.3 - https:\/\/yoast.com\/product\/yoast-seo-wordpress\/ -->\n<title>En nombre de los derechos de las mujeres. El auge del feminacionalismo &#8212; Zapateneo<\/title>\n<meta name=\"robots\" content=\"index, follow, max-snippet:-1, max-image-preview:large, max-video-preview:-1\" \/>\n<link rel=\"canonical\" href=\"https:\/\/zapateneo.net\/wordpress\/index.php\/producto\/en-nombre-de-los-derechos-de-las-mujeres-el-auge-del-feminacionalismo\/\" \/>\n<meta property=\"og:locale\" content=\"es_ES\" \/>\n<meta property=\"og:type\" content=\"article\" \/>\n<meta property=\"og:title\" content=\"En nombre de los derechos de las mujeres. El auge del feminacionalismo &#8212; Zapateneo\" \/>\n<meta property=\"og:description\" content=\"Sara R. Farris 9788412339857 - Traficantes de sue\u00f1os - 2021 - 312 p\u00e1ginas \/orri.\" \/>\n<meta property=\"og:url\" content=\"https:\/\/zapateneo.net\/wordpress\/index.php\/producto\/en-nombre-de-los-derechos-de-las-mujeres-el-auge-del-feminacionalismo\/\" \/>\n<meta property=\"og:site_name\" content=\"Zapateneo\" \/>\n<meta property=\"article:modified_time\" content=\"2021-12-24T11:54:56+00:00\" \/>\n<meta name=\"twitter:card\" content=\"summary_large_image\" \/>\n<meta name=\"twitter:site\" content=\"@zapateneo\" \/>\n<meta name=\"twitter:label1\" content=\"Tiempo de lectura\" \/>\n\t<meta name=\"twitter:data1\" content=\"2 minutos\" \/>\n<script type=\"application\/ld+json\" class=\"yoast-schema-graph\">{\"@context\":\"https:\\\/\\\/schema.org\",\"@graph\":[{\"@type\":\"WebPage\",\"@id\":\"https:\\\/\\\/zapateneo.net\\\/wordpress\\\/index.php\\\/producto\\\/en-nombre-de-los-derechos-de-las-mujeres-el-auge-del-feminacionalismo\\\/\",\"url\":\"https:\\\/\\\/zapateneo.net\\\/wordpress\\\/index.php\\\/producto\\\/en-nombre-de-los-derechos-de-las-mujeres-el-auge-del-feminacionalismo\\\/\",\"name\":\"En nombre de los derechos de las mujeres. El auge del feminacionalismo &#8212; Zapateneo\",\"isPartOf\":{\"@id\":\"https:\\\/\\\/zapateneo.net\\\/wordpress\\\/#website\"},\"primaryImageOfPage\":{\"@id\":\"https:\\\/\\\/zapateneo.net\\\/wordpress\\\/index.php\\\/producto\\\/en-nombre-de-los-derechos-de-las-mujeres-el-auge-del-feminacionalismo\\\/#primaryimage\"},\"image\":{\"@id\":\"https:\\\/\\\/zapateneo.net\\\/wordpress\\\/index.php\\\/producto\\\/en-nombre-de-los-derechos-de-las-mujeres-el-auge-del-feminacionalismo\\\/#primaryimage\"},\"thumbnailUrl\":\"https:\\\/\\\/zapateneo.net\\\/wordpress\\\/wp-content\\\/uploads\\\/2021\\\/12\\\/9788412339857.png\",\"datePublished\":\"2021-12-24T11:54:06+00:00\",\"dateModified\":\"2021-12-24T11:54:56+00:00\",\"breadcrumb\":{\"@id\":\"https:\\\/\\\/zapateneo.net\\\/wordpress\\\/index.php\\\/producto\\\/en-nombre-de-los-derechos-de-las-mujeres-el-auge-del-feminacionalismo\\\/#breadcrumb\"},\"inLanguage\":\"es\",\"potentialAction\":[{\"@type\":\"ReadAction\",\"target\":[\"https:\\\/\\\/zapateneo.net\\\/wordpress\\\/index.php\\\/producto\\\/en-nombre-de-los-derechos-de-las-mujeres-el-auge-del-feminacionalismo\\\/\"]}]},{\"@type\":\"ImageObject\",\"inLanguage\":\"es\",\"@id\":\"https:\\\/\\\/zapateneo.net\\\/wordpress\\\/index.php\\\/producto\\\/en-nombre-de-los-derechos-de-las-mujeres-el-auge-del-feminacionalismo\\\/#primaryimage\",\"url\":\"https:\\\/\\\/zapateneo.net\\\/wordpress\\\/wp-content\\\/uploads\\\/2021\\\/12\\\/9788412339857.png\",\"contentUrl\":\"https:\\\/\\\/zapateneo.net\\\/wordpress\\\/wp-content\\\/uploads\\\/2021\\\/12\\\/9788412339857.png\",\"width\":286,\"height\":400},{\"@type\":\"BreadcrumbList\",\"@id\":\"https:\\\/\\\/zapateneo.net\\\/wordpress\\\/index.php\\\/producto\\\/en-nombre-de-los-derechos-de-las-mujeres-el-auge-del-feminacionalismo\\\/#breadcrumb\",\"itemListElement\":[{\"@type\":\"ListItem\",\"position\":1,\"name\":\"Portada\",\"item\":\"https:\\\/\\\/zapateneo.net\\\/wordpress\\\/\"},{\"@type\":\"ListItem\",\"position\":2,\"name\":\"Tienda\",\"item\":\"https:\\\/\\\/zapateneo.net\\\/wordpress\\\/\"},{\"@type\":\"ListItem\",\"position\":3,\"name\":\"En nombre de los derechos de las mujeres. El auge del feminacionalismo\"}]},{\"@type\":\"WebSite\",\"@id\":\"https:\\\/\\\/zapateneo.net\\\/wordpress\\\/#website\",\"url\":\"https:\\\/\\\/zapateneo.net\\\/wordpress\\\/\",\"name\":\"Zapateneo\",\"description\":\"Zapateneoaren webgunea\",\"publisher\":{\"@id\":\"https:\\\/\\\/zapateneo.net\\\/wordpress\\\/#organization\"},\"potentialAction\":[{\"@type\":\"SearchAction\",\"target\":{\"@type\":\"EntryPoint\",\"urlTemplate\":\"https:\\\/\\\/zapateneo.net\\\/wordpress\\\/?s={search_term_string}\"},\"query-input\":{\"@type\":\"PropertyValueSpecification\",\"valueRequired\":true,\"valueName\":\"search_term_string\"}}],\"inLanguage\":\"es\"},{\"@type\":\"Organization\",\"@id\":\"https:\\\/\\\/zapateneo.net\\\/wordpress\\\/#organization\",\"name\":\"Zapateneo Kultur Elkartea\",\"url\":\"https:\\\/\\\/zapateneo.net\\\/wordpress\\\/\",\"logo\":{\"@type\":\"ImageObject\",\"inLanguage\":\"es\",\"@id\":\"https:\\\/\\\/zapateneo.net\\\/wordpress\\\/#\\\/schema\\\/logo\\\/image\\\/\",\"url\":\"https:\\\/\\\/zapateneo.net\\\/wordpress\\\/wp-content\\\/uploads\\\/2021\\\/04\\\/zap-libu-kolec.jpg\",\"contentUrl\":\"https:\\\/\\\/zapateneo.net\\\/wordpress\\\/wp-content\\\/uploads\\\/2021\\\/04\\\/zap-libu-kolec.jpg\",\"width\":2234,\"height\":398,\"caption\":\"Zapateneo Kultur Elkartea\"},\"image\":{\"@id\":\"https:\\\/\\\/zapateneo.net\\\/wordpress\\\/#\\\/schema\\\/logo\\\/image\\\/\"},\"sameAs\":[\"https:\\\/\\\/x.com\\\/zapateneo\"]}]}<\/script>\n<!-- \/ Yoast SEO plugin. -->","yoast_head_json":{"title":"En nombre de los derechos de las mujeres. El auge del feminacionalismo &#8212; Zapateneo","robots":{"index":"index","follow":"follow","max-snippet":"max-snippet:-1","max-image-preview":"max-image-preview:large","max-video-preview":"max-video-preview:-1"},"canonical":"https:\/\/zapateneo.net\/wordpress\/index.php\/producto\/en-nombre-de-los-derechos-de-las-mujeres-el-auge-del-feminacionalismo\/","og_locale":"es_ES","og_type":"article","og_title":"En nombre de los derechos de las mujeres. El auge del feminacionalismo &#8212; Zapateneo","og_description":"Sara R. Farris 9788412339857 - Traficantes de sue\u00f1os - 2021 - 312 p\u00e1ginas \/orri.","og_url":"https:\/\/zapateneo.net\/wordpress\/index.php\/producto\/en-nombre-de-los-derechos-de-las-mujeres-el-auge-del-feminacionalismo\/","og_site_name":"Zapateneo","article_modified_time":"2021-12-24T11:54:56+00:00","twitter_card":"summary_large_image","twitter_site":"@zapateneo","twitter_misc":{"Tiempo de lectura":"2 minutos"},"schema":{"@context":"https:\/\/schema.org","@graph":[{"@type":"WebPage","@id":"https:\/\/zapateneo.net\/wordpress\/index.php\/producto\/en-nombre-de-los-derechos-de-las-mujeres-el-auge-del-feminacionalismo\/","url":"https:\/\/zapateneo.net\/wordpress\/index.php\/producto\/en-nombre-de-los-derechos-de-las-mujeres-el-auge-del-feminacionalismo\/","name":"En nombre de los derechos de las mujeres. El auge del feminacionalismo &#8212; Zapateneo","isPartOf":{"@id":"https:\/\/zapateneo.net\/wordpress\/#website"},"primaryImageOfPage":{"@id":"https:\/\/zapateneo.net\/wordpress\/index.php\/producto\/en-nombre-de-los-derechos-de-las-mujeres-el-auge-del-feminacionalismo\/#primaryimage"},"image":{"@id":"https:\/\/zapateneo.net\/wordpress\/index.php\/producto\/en-nombre-de-los-derechos-de-las-mujeres-el-auge-del-feminacionalismo\/#primaryimage"},"thumbnailUrl":"https:\/\/zapateneo.net\/wordpress\/wp-content\/uploads\/2021\/12\/9788412339857.png","datePublished":"2021-12-24T11:54:06+00:00","dateModified":"2021-12-24T11:54:56+00:00","breadcrumb":{"@id":"https:\/\/zapateneo.net\/wordpress\/index.php\/producto\/en-nombre-de-los-derechos-de-las-mujeres-el-auge-del-feminacionalismo\/#breadcrumb"},"inLanguage":"es","potentialAction":[{"@type":"ReadAction","target":["https:\/\/zapateneo.net\/wordpress\/index.php\/producto\/en-nombre-de-los-derechos-de-las-mujeres-el-auge-del-feminacionalismo\/"]}]},{"@type":"ImageObject","inLanguage":"es","@id":"https:\/\/zapateneo.net\/wordpress\/index.php\/producto\/en-nombre-de-los-derechos-de-las-mujeres-el-auge-del-feminacionalismo\/#primaryimage","url":"https:\/\/zapateneo.net\/wordpress\/wp-content\/uploads\/2021\/12\/9788412339857.png","contentUrl":"https:\/\/zapateneo.net\/wordpress\/wp-content\/uploads\/2021\/12\/9788412339857.png","width":286,"height":400},{"@type":"BreadcrumbList","@id":"https:\/\/zapateneo.net\/wordpress\/index.php\/producto\/en-nombre-de-los-derechos-de-las-mujeres-el-auge-del-feminacionalismo\/#breadcrumb","itemListElement":[{"@type":"ListItem","position":1,"name":"Portada","item":"https:\/\/zapateneo.net\/wordpress\/"},{"@type":"ListItem","position":2,"name":"Tienda","item":"https:\/\/zapateneo.net\/wordpress\/"},{"@type":"ListItem","position":3,"name":"En nombre de los derechos de las mujeres. El auge del feminacionalismo"}]},{"@type":"WebSite","@id":"https:\/\/zapateneo.net\/wordpress\/#website","url":"https:\/\/zapateneo.net\/wordpress\/","name":"Zapateneo","description":"Zapateneoaren webgunea","publisher":{"@id":"https:\/\/zapateneo.net\/wordpress\/#organization"},"potentialAction":[{"@type":"SearchAction","target":{"@type":"EntryPoint","urlTemplate":"https:\/\/zapateneo.net\/wordpress\/?s={search_term_string}"},"query-input":{"@type":"PropertyValueSpecification","valueRequired":true,"valueName":"search_term_string"}}],"inLanguage":"es"},{"@type":"Organization","@id":"https:\/\/zapateneo.net\/wordpress\/#organization","name":"Zapateneo Kultur Elkartea","url":"https:\/\/zapateneo.net\/wordpress\/","logo":{"@type":"ImageObject","inLanguage":"es","@id":"https:\/\/zapateneo.net\/wordpress\/#\/schema\/logo\/image\/","url":"https:\/\/zapateneo.net\/wordpress\/wp-content\/uploads\/2021\/04\/zap-libu-kolec.jpg","contentUrl":"https:\/\/zapateneo.net\/wordpress\/wp-content\/uploads\/2021\/04\/zap-libu-kolec.jpg","width":2234,"height":398,"caption":"Zapateneo Kultur Elkartea"},"image":{"@id":"https:\/\/zapateneo.net\/wordpress\/#\/schema\/logo\/image\/"},"sameAs":["https:\/\/x.com\/zapateneo"]}]}},"_links":{"self":[{"href":"https:\/\/zapateneo.net\/wordpress\/index.php\/wp-json\/wp\/v2\/product\/10380","targetHints":{"allow":["GET"]}}],"collection":[{"href":"https:\/\/zapateneo.net\/wordpress\/index.php\/wp-json\/wp\/v2\/product"}],"about":[{"href":"https:\/\/zapateneo.net\/wordpress\/index.php\/wp-json\/wp\/v2\/types\/product"}],"wp:featuredmedia":[{"embeddable":true,"href":"https:\/\/zapateneo.net\/wordpress\/index.php\/wp-json\/wp\/v2\/media\/10397"}],"wp:attachment":[{"href":"https:\/\/zapateneo.net\/wordpress\/index.php\/wp-json\/wp\/v2\/media?parent=10380"}],"wp:term":[{"taxonomy":"product_brand","embeddable":true,"href":"https:\/\/zapateneo.net\/wordpress\/index.php\/wp-json\/wp\/v2\/product_brand?post=10380"},{"taxonomy":"product_cat","embeddable":true,"href":"https:\/\/zapateneo.net\/wordpress\/index.php\/wp-json\/wp\/v2\/product_cat?post=10380"},{"taxonomy":"product_tag","embeddable":true,"href":"https:\/\/zapateneo.net\/wordpress\/index.php\/wp-json\/wp\/v2\/product_tag?post=10380"}],"curies":[{"name":"wp","href":"https:\/\/api.w.org\/{rel}","templated":true}]}}