{"id":10375,"date":"2021-12-24T12:54:05","date_gmt":"2021-12-24T11:54:05","guid":{"rendered":"https:\/\/zapateneo.net\/wordpress\/?post_type=product&#038;p=10375"},"modified":"2021-12-24T12:54:28","modified_gmt":"2021-12-24T11:54:28","slug":"la-columna-de-hierro-hechos-reales-hazanas-y-fabulaciones-sobre-la-celebre-milicia","status":"publish","type":"product","link":"https:\/\/zapateneo.net\/wordpress\/index.php\/producto\/la-columna-de-hierro-hechos-reales-hazanas-y-fabulaciones-sobre-la-celebre-milicia\/","title":{"rendered":"La Columna de Hierro. Hechos reales, haza\u00f1as y fabulaciones sobre la c\u00e9lebre milicia."},"content":{"rendered":"<p>Este libro reconstruye, de manera cronol\u00f3gica y documentada, la actividad de la Columna de Hierro, que tuvo su origen entre las filas de la CNT y la FAI valencianas. Describe tanto su actividad en el frente como su papel durante el proceso revolucionario que estall\u00f3 tras el golpe militar de 1936. Rinde homenaje al coraje de las milicias libertarias que lucharon para escapar de las trampas del gubernamentalismo y la militarizaci\u00f3n, y trae al presente la gesta de un proletariado en armas que, a pesar de las calumnias, sigue perdurando en el coraz\u00f3n y la memoria rebelde. La Columna de Hierro -especialmente desde su visita a la retaguardia- fue objeto de una enorme difamaci\u00f3n. Se le atribuyeron todo tipo de fechor\u00edas, saqueos y violencias. Tras el fin de la guerra y el aplastamiento de la revoluci\u00f3n social, las milicias derrotadas no pod\u00edan esperar clemencia de los vencedores. Y no la obtuvieron. Muchos de los componentes y colaboradores de la Columna fueron fusilados.<\/p>\n","protected":false},"excerpt":{"rendered":"<p><strong>Miquel Amor\u00f3s<\/strong><br \/>\n9788494875687 &#8211; Milvis &#8211; 2021 &#8211; 412 p\u00e1ginas \/orri.<\/p>\n","protected":false},"featured_media":10392,"template":"","meta":[],"product_brand":[],"product_cat":[1868,16],"product_tag":[5307,2097],"class_list":{"0":"post-10375","1":"product","2":"type-product","3":"status-publish","4":"has-post-thumbnail","6":"product_cat-anarkismoa-anarquismo","7":"product_cat-libros","8":"product_tag-milvis","9":"product_tag-miquel-amoros","11":"first","12":"instock","13":"sold-individually","14":"shipping-taxable","15":"purchasable","16":"product-type-simple"},"yoast_head":"<!-- This site is optimized with the Yoast SEO plugin v27.3 - https:\/\/yoast.com\/product\/yoast-seo-wordpress\/ -->\n<title>La Columna de Hierro. Hechos reales, haza\u00f1as y fabulaciones sobre la c\u00e9lebre milicia. &#8212; Zapateneo<\/title>\n<meta name=\"robots\" content=\"index, follow, max-snippet:-1, max-image-preview:large, max-video-preview:-1\" \/>\n<link rel=\"canonical\" href=\"https:\/\/zapateneo.net\/wordpress\/index.php\/producto\/la-columna-de-hierro-hechos-reales-hazanas-y-fabulaciones-sobre-la-celebre-milicia\/\" \/>\n<meta property=\"og:locale\" content=\"es_ES\" \/>\n<meta property=\"og:type\" content=\"article\" \/>\n<meta property=\"og:title\" content=\"La Columna de Hierro. Hechos reales, haza\u00f1as y fabulaciones sobre la c\u00e9lebre milicia. &#8212; Zapateneo\" \/>\n<meta property=\"og:description\" content=\"Miquel Amor\u00f3s 9788494875687 - Milvis - 2021 - 412 p\u00e1ginas \/orri.\" \/>\n<meta property=\"og:url\" content=\"https:\/\/zapateneo.net\/wordpress\/index.php\/producto\/la-columna-de-hierro-hechos-reales-hazanas-y-fabulaciones-sobre-la-celebre-milicia\/\" \/>\n<meta property=\"og:site_name\" content=\"Zapateneo\" \/>\n<meta property=\"article:modified_time\" content=\"2021-12-24T11:54:28+00:00\" \/>\n<meta name=\"twitter:card\" content=\"summary_large_image\" \/>\n<meta name=\"twitter:site\" content=\"@zapateneo\" \/>\n<meta name=\"twitter:label1\" content=\"Tiempo de lectura\" \/>\n\t<meta name=\"twitter:data1\" content=\"1 minuto\" \/>\n<script type=\"application\/ld+json\" class=\"yoast-schema-graph\">{\"@context\":\"https:\\\/\\\/schema.org\",\"@graph\":[{\"@type\":\"WebPage\",\"@id\":\"https:\\\/\\\/zapateneo.net\\\/wordpress\\\/index.php\\\/producto\\\/la-columna-de-hierro-hechos-reales-hazanas-y-fabulaciones-sobre-la-celebre-milicia\\\/\",\"url\":\"https:\\\/\\\/zapateneo.net\\\/wordpress\\\/index.php\\\/producto\\\/la-columna-de-hierro-hechos-reales-hazanas-y-fabulaciones-sobre-la-celebre-milicia\\\/\",\"name\":\"La Columna de Hierro. Hechos reales, haza\u00f1as y fabulaciones sobre la c\u00e9lebre milicia. &#8212; Zapateneo\",\"isPartOf\":{\"@id\":\"https:\\\/\\\/zapateneo.net\\\/wordpress\\\/#website\"},\"primaryImageOfPage\":{\"@id\":\"https:\\\/\\\/zapateneo.net\\\/wordpress\\\/index.php\\\/producto\\\/la-columna-de-hierro-hechos-reales-hazanas-y-fabulaciones-sobre-la-celebre-milicia\\\/#primaryimage\"},\"image\":{\"@id\":\"https:\\\/\\\/zapateneo.net\\\/wordpress\\\/index.php\\\/producto\\\/la-columna-de-hierro-hechos-reales-hazanas-y-fabulaciones-sobre-la-celebre-milicia\\\/#primaryimage\"},\"thumbnailUrl\":\"https:\\\/\\\/zapateneo.net\\\/wordpress\\\/wp-content\\\/uploads\\\/2021\\\/12\\\/9788494875687.gif\",\"datePublished\":\"2021-12-24T11:54:05+00:00\",\"dateModified\":\"2021-12-24T11:54:28+00:00\",\"breadcrumb\":{\"@id\":\"https:\\\/\\\/zapateneo.net\\\/wordpress\\\/index.php\\\/producto\\\/la-columna-de-hierro-hechos-reales-hazanas-y-fabulaciones-sobre-la-celebre-milicia\\\/#breadcrumb\"},\"inLanguage\":\"es\",\"potentialAction\":[{\"@type\":\"ReadAction\",\"target\":[\"https:\\\/\\\/zapateneo.net\\\/wordpress\\\/index.php\\\/producto\\\/la-columna-de-hierro-hechos-reales-hazanas-y-fabulaciones-sobre-la-celebre-milicia\\\/\"]}]},{\"@type\":\"ImageObject\",\"inLanguage\":\"es\",\"@id\":\"https:\\\/\\\/zapateneo.net\\\/wordpress\\\/index.php\\\/producto\\\/la-columna-de-hierro-hechos-reales-hazanas-y-fabulaciones-sobre-la-celebre-milicia\\\/#primaryimage\",\"url\":\"https:\\\/\\\/zapateneo.net\\\/wordpress\\\/wp-content\\\/uploads\\\/2021\\\/12\\\/9788494875687.gif\",\"contentUrl\":\"https:\\\/\\\/zapateneo.net\\\/wordpress\\\/wp-content\\\/uploads\\\/2021\\\/12\\\/9788494875687.gif\",\"width\":240,\"height\":350},{\"@type\":\"BreadcrumbList\",\"@id\":\"https:\\\/\\\/zapateneo.net\\\/wordpress\\\/index.php\\\/producto\\\/la-columna-de-hierro-hechos-reales-hazanas-y-fabulaciones-sobre-la-celebre-milicia\\\/#breadcrumb\",\"itemListElement\":[{\"@type\":\"ListItem\",\"position\":1,\"name\":\"Portada\",\"item\":\"https:\\\/\\\/zapateneo.net\\\/wordpress\\\/\"},{\"@type\":\"ListItem\",\"position\":2,\"name\":\"Tienda\",\"item\":\"https:\\\/\\\/zapateneo.net\\\/wordpress\\\/\"},{\"@type\":\"ListItem\",\"position\":3,\"name\":\"La Columna de Hierro. Hechos reales, haza\u00f1as y fabulaciones sobre la c\u00e9lebre milicia.\"}]},{\"@type\":\"WebSite\",\"@id\":\"https:\\\/\\\/zapateneo.net\\\/wordpress\\\/#website\",\"url\":\"https:\\\/\\\/zapateneo.net\\\/wordpress\\\/\",\"name\":\"Zapateneo\",\"description\":\"Zapateneoaren webgunea\",\"publisher\":{\"@id\":\"https:\\\/\\\/zapateneo.net\\\/wordpress\\\/#organization\"},\"potentialAction\":[{\"@type\":\"SearchAction\",\"target\":{\"@type\":\"EntryPoint\",\"urlTemplate\":\"https:\\\/\\\/zapateneo.net\\\/wordpress\\\/?s={search_term_string}\"},\"query-input\":{\"@type\":\"PropertyValueSpecification\",\"valueRequired\":true,\"valueName\":\"search_term_string\"}}],\"inLanguage\":\"es\"},{\"@type\":\"Organization\",\"@id\":\"https:\\\/\\\/zapateneo.net\\\/wordpress\\\/#organization\",\"name\":\"Zapateneo Kultur Elkartea\",\"url\":\"https:\\\/\\\/zapateneo.net\\\/wordpress\\\/\",\"logo\":{\"@type\":\"ImageObject\",\"inLanguage\":\"es\",\"@id\":\"https:\\\/\\\/zapateneo.net\\\/wordpress\\\/#\\\/schema\\\/logo\\\/image\\\/\",\"url\":\"https:\\\/\\\/zapateneo.net\\\/wordpress\\\/wp-content\\\/uploads\\\/2021\\\/04\\\/zap-libu-kolec.jpg\",\"contentUrl\":\"https:\\\/\\\/zapateneo.net\\\/wordpress\\\/wp-content\\\/uploads\\\/2021\\\/04\\\/zap-libu-kolec.jpg\",\"width\":2234,\"height\":398,\"caption\":\"Zapateneo Kultur Elkartea\"},\"image\":{\"@id\":\"https:\\\/\\\/zapateneo.net\\\/wordpress\\\/#\\\/schema\\\/logo\\\/image\\\/\"},\"sameAs\":[\"https:\\\/\\\/x.com\\\/zapateneo\"]}]}<\/script>\n<!-- \/ Yoast SEO plugin. -->","yoast_head_json":{"title":"La Columna de Hierro. Hechos reales, haza\u00f1as y fabulaciones sobre la c\u00e9lebre milicia. &#8212; Zapateneo","robots":{"index":"index","follow":"follow","max-snippet":"max-snippet:-1","max-image-preview":"max-image-preview:large","max-video-preview":"max-video-preview:-1"},"canonical":"https:\/\/zapateneo.net\/wordpress\/index.php\/producto\/la-columna-de-hierro-hechos-reales-hazanas-y-fabulaciones-sobre-la-celebre-milicia\/","og_locale":"es_ES","og_type":"article","og_title":"La Columna de Hierro. Hechos reales, haza\u00f1as y fabulaciones sobre la c\u00e9lebre milicia. &#8212; Zapateneo","og_description":"Miquel Amor\u00f3s 9788494875687 - Milvis - 2021 - 412 p\u00e1ginas \/orri.","og_url":"https:\/\/zapateneo.net\/wordpress\/index.php\/producto\/la-columna-de-hierro-hechos-reales-hazanas-y-fabulaciones-sobre-la-celebre-milicia\/","og_site_name":"Zapateneo","article_modified_time":"2021-12-24T11:54:28+00:00","twitter_card":"summary_large_image","twitter_site":"@zapateneo","twitter_misc":{"Tiempo de lectura":"1 minuto"},"schema":{"@context":"https:\/\/schema.org","@graph":[{"@type":"WebPage","@id":"https:\/\/zapateneo.net\/wordpress\/index.php\/producto\/la-columna-de-hierro-hechos-reales-hazanas-y-fabulaciones-sobre-la-celebre-milicia\/","url":"https:\/\/zapateneo.net\/wordpress\/index.php\/producto\/la-columna-de-hierro-hechos-reales-hazanas-y-fabulaciones-sobre-la-celebre-milicia\/","name":"La Columna de Hierro. Hechos reales, haza\u00f1as y fabulaciones sobre la c\u00e9lebre milicia. &#8212; Zapateneo","isPartOf":{"@id":"https:\/\/zapateneo.net\/wordpress\/#website"},"primaryImageOfPage":{"@id":"https:\/\/zapateneo.net\/wordpress\/index.php\/producto\/la-columna-de-hierro-hechos-reales-hazanas-y-fabulaciones-sobre-la-celebre-milicia\/#primaryimage"},"image":{"@id":"https:\/\/zapateneo.net\/wordpress\/index.php\/producto\/la-columna-de-hierro-hechos-reales-hazanas-y-fabulaciones-sobre-la-celebre-milicia\/#primaryimage"},"thumbnailUrl":"https:\/\/zapateneo.net\/wordpress\/wp-content\/uploads\/2021\/12\/9788494875687.gif","datePublished":"2021-12-24T11:54:05+00:00","dateModified":"2021-12-24T11:54:28+00:00","breadcrumb":{"@id":"https:\/\/zapateneo.net\/wordpress\/index.php\/producto\/la-columna-de-hierro-hechos-reales-hazanas-y-fabulaciones-sobre-la-celebre-milicia\/#breadcrumb"},"inLanguage":"es","potentialAction":[{"@type":"ReadAction","target":["https:\/\/zapateneo.net\/wordpress\/index.php\/producto\/la-columna-de-hierro-hechos-reales-hazanas-y-fabulaciones-sobre-la-celebre-milicia\/"]}]},{"@type":"ImageObject","inLanguage":"es","@id":"https:\/\/zapateneo.net\/wordpress\/index.php\/producto\/la-columna-de-hierro-hechos-reales-hazanas-y-fabulaciones-sobre-la-celebre-milicia\/#primaryimage","url":"https:\/\/zapateneo.net\/wordpress\/wp-content\/uploads\/2021\/12\/9788494875687.gif","contentUrl":"https:\/\/zapateneo.net\/wordpress\/wp-content\/uploads\/2021\/12\/9788494875687.gif","width":240,"height":350},{"@type":"BreadcrumbList","@id":"https:\/\/zapateneo.net\/wordpress\/index.php\/producto\/la-columna-de-hierro-hechos-reales-hazanas-y-fabulaciones-sobre-la-celebre-milicia\/#breadcrumb","itemListElement":[{"@type":"ListItem","position":1,"name":"Portada","item":"https:\/\/zapateneo.net\/wordpress\/"},{"@type":"ListItem","position":2,"name":"Tienda","item":"https:\/\/zapateneo.net\/wordpress\/"},{"@type":"ListItem","position":3,"name":"La Columna de Hierro. Hechos reales, haza\u00f1as y fabulaciones sobre la c\u00e9lebre milicia."}]},{"@type":"WebSite","@id":"https:\/\/zapateneo.net\/wordpress\/#website","url":"https:\/\/zapateneo.net\/wordpress\/","name":"Zapateneo","description":"Zapateneoaren webgunea","publisher":{"@id":"https:\/\/zapateneo.net\/wordpress\/#organization"},"potentialAction":[{"@type":"SearchAction","target":{"@type":"EntryPoint","urlTemplate":"https:\/\/zapateneo.net\/wordpress\/?s={search_term_string}"},"query-input":{"@type":"PropertyValueSpecification","valueRequired":true,"valueName":"search_term_string"}}],"inLanguage":"es"},{"@type":"Organization","@id":"https:\/\/zapateneo.net\/wordpress\/#organization","name":"Zapateneo Kultur Elkartea","url":"https:\/\/zapateneo.net\/wordpress\/","logo":{"@type":"ImageObject","inLanguage":"es","@id":"https:\/\/zapateneo.net\/wordpress\/#\/schema\/logo\/image\/","url":"https:\/\/zapateneo.net\/wordpress\/wp-content\/uploads\/2021\/04\/zap-libu-kolec.jpg","contentUrl":"https:\/\/zapateneo.net\/wordpress\/wp-content\/uploads\/2021\/04\/zap-libu-kolec.jpg","width":2234,"height":398,"caption":"Zapateneo Kultur Elkartea"},"image":{"@id":"https:\/\/zapateneo.net\/wordpress\/#\/schema\/logo\/image\/"},"sameAs":["https:\/\/x.com\/zapateneo"]}]}},"_links":{"self":[{"href":"https:\/\/zapateneo.net\/wordpress\/index.php\/wp-json\/wp\/v2\/product\/10375","targetHints":{"allow":["GET"]}}],"collection":[{"href":"https:\/\/zapateneo.net\/wordpress\/index.php\/wp-json\/wp\/v2\/product"}],"about":[{"href":"https:\/\/zapateneo.net\/wordpress\/index.php\/wp-json\/wp\/v2\/types\/product"}],"wp:featuredmedia":[{"embeddable":true,"href":"https:\/\/zapateneo.net\/wordpress\/index.php\/wp-json\/wp\/v2\/media\/10392"}],"wp:attachment":[{"href":"https:\/\/zapateneo.net\/wordpress\/index.php\/wp-json\/wp\/v2\/media?parent=10375"}],"wp:term":[{"taxonomy":"product_brand","embeddable":true,"href":"https:\/\/zapateneo.net\/wordpress\/index.php\/wp-json\/wp\/v2\/product_brand?post=10375"},{"taxonomy":"product_cat","embeddable":true,"href":"https:\/\/zapateneo.net\/wordpress\/index.php\/wp-json\/wp\/v2\/product_cat?post=10375"},{"taxonomy":"product_tag","embeddable":true,"href":"https:\/\/zapateneo.net\/wordpress\/index.php\/wp-json\/wp\/v2\/product_tag?post=10375"}],"curies":[{"name":"wp","href":"https:\/\/api.w.org\/{rel}","templated":true}]}}