{"id":10371,"date":"2021-12-24T12:54:05","date_gmt":"2021-12-24T11:54:05","guid":{"rendered":"https:\/\/zapateneo.net\/wordpress\/?post_type=product&#038;p=10371"},"modified":"2021-12-24T12:54:16","modified_gmt":"2021-12-24T11:54:16","slug":"carcel-y-exilio-historia-de-un-comunista-ii","status":"publish","type":"product","link":"https:\/\/zapateneo.net\/wordpress\/index.php\/producto\/carcel-y-exilio-historia-de-un-comunista-ii\/","title":{"rendered":"C\u00e1rcel y exilio. Historia de un comunista II"},"content":{"rendered":"<p>En esta segunda parte parte de su autobiograf\u00eda, Toni Negri relata el periodo vital en el que el profesor y militante de la autonomia operaia se convirti\u00f3 en el protagonista de lo que Michel Foucault denomin\u00f3 \u00abun nuevo affaire Dreyfus en Europa\u00bb. Elegido por los fiscales cercanos al PCI como el cattivo maestro detr\u00e1s del conjunto de la lucha armada en el \u00ablargo 68&#8243; italiano, la gran redada del 7 de abril de 1979 llev\u00f3 a Negri a la c\u00e1rcel y junto a \u00e9l a buena parte de la militancia aut\u00f3noma italiana. La apuesta italiana por una Europa revolucionaria termin\u00f3 de aquella manera. En medio del calvario carcelario, el paisaje pol\u00edtico y social italiano y europeo vivi\u00f3 las devastaciones de la contrarrevoluci\u00f3n neoliberal, cuya primera tarea fue la desfiguraci\u00f3n del pasado y de la memoria. El significante \u00aba\u00f1os de plomo\u00bb se encarg\u00f3 de cubrir por igual de una p\u00e1tina siniestra a verdugos y v\u00edctimas, al terrorismo de Estado y a la autodefensa de las luchas obreras y proletarias.<br \/>\nEn ese laberinto, Negri aprende a resistir colectivamente a la c\u00e1rcel como \u00fanica manera de sobrevivir. Tiene que resistir a intentos de convertirlo en un pentito, a la din\u00e1mica suicida del brigadismo rojo que lo condena a muerte y a la extensi\u00f3n del nihilismo posmoderno como est\u00e9tica de la supervivencia. Tras su elecci\u00f3n como diputado por el Partido Radical en 1983, no desaprovecha la \u00fanica posibilidad real de escapar del infierno y de la cadena perpetua. No sin un desgarramiento interno, huye a Francia donde, tras muchas vicisitudes, consigue el estatuto de refugiado pol\u00edtico.<br \/>\nEl exilio en Francia es una reconstrucci\u00f3n personal y pol\u00edtica dura y por momentos casi imposible. Sin documentos, con una familia rota, sin apenas posibilidad de encontrar un trabajo o de reanudar la pr\u00e1ctica te\u00f3rica, amenazado de expulsi\u00f3n ante cualquier expresi\u00f3n directamente pol\u00edtica, Negri recorre los hitos de una experiencia de refundaci\u00f3n que no es solo personal, sino que est\u00e1 marcada por la renovaci\u00f3n salvaje del proyecto comunista iniciada por la experiencia del operaismo y de la autonomia operaia.<\/p>\n<p>Antonio Negri (Padua, 1933) es uno de los exponentes m\u00e1s notables del marxismo y el comunismo her\u00e9ticos. Profesor de Doctrina del Estado en la Universidad de Padua desde los a\u00f1os sesenta, ha sido miembro de revistas fundamentales como Quaderni Rossi, Classe Operaia, Futur ant\u00e9rieur y militante de formaciones como Potere Operaio y el<br \/>\nproyecto de la Autonomia Operaia. Sus ensayos y estudios sobre Marx, Spinoza y sobre los nuevos movimientos obreros y comunistas desde los a\u00f1os setenta hasta hoy han sido traducidos a las principales lenguas. Su obra ha sido fuente de innumerables debates, planteando problemas a\u00fan no<br \/>\nresueltos para el proyecto comunista.<\/p>\n","protected":false},"excerpt":{"rendered":"<p><strong>Antonio Negri<\/strong><br \/>\n9788412339895 &#8211; Traficantes de sue\u00f1os &#8211; 2021 &#8211; 392 p\u00e1ginas \/orri.<\/p>\n","protected":false},"featured_media":10388,"template":"","meta":[],"product_brand":[],"product_cat":[181,16],"product_tag":[5301,72],"class_list":{"0":"post-10371","1":"product","2":"type-product","3":"status-publish","4":"has-post-thumbnail","6":"product_cat-bazterketa-soziala-eta-errepresioa-exclusion-social-y-represion","7":"product_cat-libros","8":"product_tag-antonio-negri","9":"product_tag-traficantes-de-suenos","11":"first","12":"instock","13":"sold-individually","14":"shipping-taxable","15":"purchasable","16":"product-type-simple"},"yoast_head":"<!-- This site is optimized with the Yoast SEO plugin v27.3 - https:\/\/yoast.com\/product\/yoast-seo-wordpress\/ -->\n<title>C\u00e1rcel y exilio. Historia de un comunista II &#8212; Zapateneo<\/title>\n<meta name=\"robots\" content=\"index, follow, max-snippet:-1, max-image-preview:large, max-video-preview:-1\" \/>\n<link rel=\"canonical\" href=\"https:\/\/zapateneo.net\/wordpress\/index.php\/producto\/carcel-y-exilio-historia-de-un-comunista-ii\/\" \/>\n<meta property=\"og:locale\" content=\"es_ES\" \/>\n<meta property=\"og:type\" content=\"article\" \/>\n<meta property=\"og:title\" content=\"C\u00e1rcel y exilio. Historia de un comunista II &#8212; Zapateneo\" \/>\n<meta property=\"og:description\" content=\"Antonio Negri 9788412339895 - Traficantes de sue\u00f1os - 2021 - 392 p\u00e1ginas \/orri.\" \/>\n<meta property=\"og:url\" content=\"https:\/\/zapateneo.net\/wordpress\/index.php\/producto\/carcel-y-exilio-historia-de-un-comunista-ii\/\" \/>\n<meta property=\"og:site_name\" content=\"Zapateneo\" \/>\n<meta property=\"article:modified_time\" content=\"2021-12-24T11:54:16+00:00\" \/>\n<meta name=\"twitter:card\" content=\"summary_large_image\" \/>\n<meta name=\"twitter:site\" content=\"@zapateneo\" \/>\n<meta name=\"twitter:label1\" content=\"Tiempo de lectura\" \/>\n\t<meta name=\"twitter:data1\" content=\"2 minutos\" \/>\n<script type=\"application\/ld+json\" class=\"yoast-schema-graph\">{\"@context\":\"https:\\\/\\\/schema.org\",\"@graph\":[{\"@type\":\"WebPage\",\"@id\":\"https:\\\/\\\/zapateneo.net\\\/wordpress\\\/index.php\\\/producto\\\/carcel-y-exilio-historia-de-un-comunista-ii\\\/\",\"url\":\"https:\\\/\\\/zapateneo.net\\\/wordpress\\\/index.php\\\/producto\\\/carcel-y-exilio-historia-de-un-comunista-ii\\\/\",\"name\":\"C\u00e1rcel y exilio. Historia de un comunista II &#8212; Zapateneo\",\"isPartOf\":{\"@id\":\"https:\\\/\\\/zapateneo.net\\\/wordpress\\\/#website\"},\"primaryImageOfPage\":{\"@id\":\"https:\\\/\\\/zapateneo.net\\\/wordpress\\\/index.php\\\/producto\\\/carcel-y-exilio-historia-de-un-comunista-ii\\\/#primaryimage\"},\"image\":{\"@id\":\"https:\\\/\\\/zapateneo.net\\\/wordpress\\\/index.php\\\/producto\\\/carcel-y-exilio-historia-de-un-comunista-ii\\\/#primaryimage\"},\"thumbnailUrl\":\"https:\\\/\\\/zapateneo.net\\\/wordpress\\\/wp-content\\\/uploads\\\/2021\\\/12\\\/9788412339895.jpg\",\"datePublished\":\"2021-12-24T11:54:05+00:00\",\"dateModified\":\"2021-12-24T11:54:16+00:00\",\"breadcrumb\":{\"@id\":\"https:\\\/\\\/zapateneo.net\\\/wordpress\\\/index.php\\\/producto\\\/carcel-y-exilio-historia-de-un-comunista-ii\\\/#breadcrumb\"},\"inLanguage\":\"es\",\"potentialAction\":[{\"@type\":\"ReadAction\",\"target\":[\"https:\\\/\\\/zapateneo.net\\\/wordpress\\\/index.php\\\/producto\\\/carcel-y-exilio-historia-de-un-comunista-ii\\\/\"]}]},{\"@type\":\"ImageObject\",\"inLanguage\":\"es\",\"@id\":\"https:\\\/\\\/zapateneo.net\\\/wordpress\\\/index.php\\\/producto\\\/carcel-y-exilio-historia-de-un-comunista-ii\\\/#primaryimage\",\"url\":\"https:\\\/\\\/zapateneo.net\\\/wordpress\\\/wp-content\\\/uploads\\\/2021\\\/12\\\/9788412339895.jpg\",\"contentUrl\":\"https:\\\/\\\/zapateneo.net\\\/wordpress\\\/wp-content\\\/uploads\\\/2021\\\/12\\\/9788412339895.jpg\",\"width\":160,\"height\":257},{\"@type\":\"BreadcrumbList\",\"@id\":\"https:\\\/\\\/zapateneo.net\\\/wordpress\\\/index.php\\\/producto\\\/carcel-y-exilio-historia-de-un-comunista-ii\\\/#breadcrumb\",\"itemListElement\":[{\"@type\":\"ListItem\",\"position\":1,\"name\":\"Portada\",\"item\":\"https:\\\/\\\/zapateneo.net\\\/wordpress\\\/\"},{\"@type\":\"ListItem\",\"position\":2,\"name\":\"Tienda\",\"item\":\"https:\\\/\\\/zapateneo.net\\\/wordpress\\\/\"},{\"@type\":\"ListItem\",\"position\":3,\"name\":\"C\u00e1rcel y exilio. Historia de un comunista II\"}]},{\"@type\":\"WebSite\",\"@id\":\"https:\\\/\\\/zapateneo.net\\\/wordpress\\\/#website\",\"url\":\"https:\\\/\\\/zapateneo.net\\\/wordpress\\\/\",\"name\":\"Zapateneo\",\"description\":\"Zapateneoaren webgunea\",\"publisher\":{\"@id\":\"https:\\\/\\\/zapateneo.net\\\/wordpress\\\/#organization\"},\"potentialAction\":[{\"@type\":\"SearchAction\",\"target\":{\"@type\":\"EntryPoint\",\"urlTemplate\":\"https:\\\/\\\/zapateneo.net\\\/wordpress\\\/?s={search_term_string}\"},\"query-input\":{\"@type\":\"PropertyValueSpecification\",\"valueRequired\":true,\"valueName\":\"search_term_string\"}}],\"inLanguage\":\"es\"},{\"@type\":\"Organization\",\"@id\":\"https:\\\/\\\/zapateneo.net\\\/wordpress\\\/#organization\",\"name\":\"Zapateneo Kultur Elkartea\",\"url\":\"https:\\\/\\\/zapateneo.net\\\/wordpress\\\/\",\"logo\":{\"@type\":\"ImageObject\",\"inLanguage\":\"es\",\"@id\":\"https:\\\/\\\/zapateneo.net\\\/wordpress\\\/#\\\/schema\\\/logo\\\/image\\\/\",\"url\":\"https:\\\/\\\/zapateneo.net\\\/wordpress\\\/wp-content\\\/uploads\\\/2021\\\/04\\\/zap-libu-kolec.jpg\",\"contentUrl\":\"https:\\\/\\\/zapateneo.net\\\/wordpress\\\/wp-content\\\/uploads\\\/2021\\\/04\\\/zap-libu-kolec.jpg\",\"width\":2234,\"height\":398,\"caption\":\"Zapateneo Kultur Elkartea\"},\"image\":{\"@id\":\"https:\\\/\\\/zapateneo.net\\\/wordpress\\\/#\\\/schema\\\/logo\\\/image\\\/\"},\"sameAs\":[\"https:\\\/\\\/x.com\\\/zapateneo\"]}]}<\/script>\n<!-- \/ Yoast SEO plugin. -->","yoast_head_json":{"title":"C\u00e1rcel y exilio. Historia de un comunista II &#8212; Zapateneo","robots":{"index":"index","follow":"follow","max-snippet":"max-snippet:-1","max-image-preview":"max-image-preview:large","max-video-preview":"max-video-preview:-1"},"canonical":"https:\/\/zapateneo.net\/wordpress\/index.php\/producto\/carcel-y-exilio-historia-de-un-comunista-ii\/","og_locale":"es_ES","og_type":"article","og_title":"C\u00e1rcel y exilio. Historia de un comunista II &#8212; Zapateneo","og_description":"Antonio Negri 9788412339895 - Traficantes de sue\u00f1os - 2021 - 392 p\u00e1ginas \/orri.","og_url":"https:\/\/zapateneo.net\/wordpress\/index.php\/producto\/carcel-y-exilio-historia-de-un-comunista-ii\/","og_site_name":"Zapateneo","article_modified_time":"2021-12-24T11:54:16+00:00","twitter_card":"summary_large_image","twitter_site":"@zapateneo","twitter_misc":{"Tiempo de lectura":"2 minutos"},"schema":{"@context":"https:\/\/schema.org","@graph":[{"@type":"WebPage","@id":"https:\/\/zapateneo.net\/wordpress\/index.php\/producto\/carcel-y-exilio-historia-de-un-comunista-ii\/","url":"https:\/\/zapateneo.net\/wordpress\/index.php\/producto\/carcel-y-exilio-historia-de-un-comunista-ii\/","name":"C\u00e1rcel y exilio. Historia de un comunista II &#8212; Zapateneo","isPartOf":{"@id":"https:\/\/zapateneo.net\/wordpress\/#website"},"primaryImageOfPage":{"@id":"https:\/\/zapateneo.net\/wordpress\/index.php\/producto\/carcel-y-exilio-historia-de-un-comunista-ii\/#primaryimage"},"image":{"@id":"https:\/\/zapateneo.net\/wordpress\/index.php\/producto\/carcel-y-exilio-historia-de-un-comunista-ii\/#primaryimage"},"thumbnailUrl":"https:\/\/zapateneo.net\/wordpress\/wp-content\/uploads\/2021\/12\/9788412339895.jpg","datePublished":"2021-12-24T11:54:05+00:00","dateModified":"2021-12-24T11:54:16+00:00","breadcrumb":{"@id":"https:\/\/zapateneo.net\/wordpress\/index.php\/producto\/carcel-y-exilio-historia-de-un-comunista-ii\/#breadcrumb"},"inLanguage":"es","potentialAction":[{"@type":"ReadAction","target":["https:\/\/zapateneo.net\/wordpress\/index.php\/producto\/carcel-y-exilio-historia-de-un-comunista-ii\/"]}]},{"@type":"ImageObject","inLanguage":"es","@id":"https:\/\/zapateneo.net\/wordpress\/index.php\/producto\/carcel-y-exilio-historia-de-un-comunista-ii\/#primaryimage","url":"https:\/\/zapateneo.net\/wordpress\/wp-content\/uploads\/2021\/12\/9788412339895.jpg","contentUrl":"https:\/\/zapateneo.net\/wordpress\/wp-content\/uploads\/2021\/12\/9788412339895.jpg","width":160,"height":257},{"@type":"BreadcrumbList","@id":"https:\/\/zapateneo.net\/wordpress\/index.php\/producto\/carcel-y-exilio-historia-de-un-comunista-ii\/#breadcrumb","itemListElement":[{"@type":"ListItem","position":1,"name":"Portada","item":"https:\/\/zapateneo.net\/wordpress\/"},{"@type":"ListItem","position":2,"name":"Tienda","item":"https:\/\/zapateneo.net\/wordpress\/"},{"@type":"ListItem","position":3,"name":"C\u00e1rcel y exilio. Historia de un comunista II"}]},{"@type":"WebSite","@id":"https:\/\/zapateneo.net\/wordpress\/#website","url":"https:\/\/zapateneo.net\/wordpress\/","name":"Zapateneo","description":"Zapateneoaren webgunea","publisher":{"@id":"https:\/\/zapateneo.net\/wordpress\/#organization"},"potentialAction":[{"@type":"SearchAction","target":{"@type":"EntryPoint","urlTemplate":"https:\/\/zapateneo.net\/wordpress\/?s={search_term_string}"},"query-input":{"@type":"PropertyValueSpecification","valueRequired":true,"valueName":"search_term_string"}}],"inLanguage":"es"},{"@type":"Organization","@id":"https:\/\/zapateneo.net\/wordpress\/#organization","name":"Zapateneo Kultur Elkartea","url":"https:\/\/zapateneo.net\/wordpress\/","logo":{"@type":"ImageObject","inLanguage":"es","@id":"https:\/\/zapateneo.net\/wordpress\/#\/schema\/logo\/image\/","url":"https:\/\/zapateneo.net\/wordpress\/wp-content\/uploads\/2021\/04\/zap-libu-kolec.jpg","contentUrl":"https:\/\/zapateneo.net\/wordpress\/wp-content\/uploads\/2021\/04\/zap-libu-kolec.jpg","width":2234,"height":398,"caption":"Zapateneo Kultur Elkartea"},"image":{"@id":"https:\/\/zapateneo.net\/wordpress\/#\/schema\/logo\/image\/"},"sameAs":["https:\/\/x.com\/zapateneo"]}]}},"_links":{"self":[{"href":"https:\/\/zapateneo.net\/wordpress\/index.php\/wp-json\/wp\/v2\/product\/10371","targetHints":{"allow":["GET"]}}],"collection":[{"href":"https:\/\/zapateneo.net\/wordpress\/index.php\/wp-json\/wp\/v2\/product"}],"about":[{"href":"https:\/\/zapateneo.net\/wordpress\/index.php\/wp-json\/wp\/v2\/types\/product"}],"wp:featuredmedia":[{"embeddable":true,"href":"https:\/\/zapateneo.net\/wordpress\/index.php\/wp-json\/wp\/v2\/media\/10388"}],"wp:attachment":[{"href":"https:\/\/zapateneo.net\/wordpress\/index.php\/wp-json\/wp\/v2\/media?parent=10371"}],"wp:term":[{"taxonomy":"product_brand","embeddable":true,"href":"https:\/\/zapateneo.net\/wordpress\/index.php\/wp-json\/wp\/v2\/product_brand?post=10371"},{"taxonomy":"product_cat","embeddable":true,"href":"https:\/\/zapateneo.net\/wordpress\/index.php\/wp-json\/wp\/v2\/product_cat?post=10371"},{"taxonomy":"product_tag","embeddable":true,"href":"https:\/\/zapateneo.net\/wordpress\/index.php\/wp-json\/wp\/v2\/product_tag?post=10371"}],"curies":[{"name":"wp","href":"https:\/\/api.w.org\/{rel}","templated":true}]}}