{"id":10294,"date":"2021-11-22T16:53:37","date_gmt":"2021-11-22T15:53:37","guid":{"rendered":"https:\/\/zapateneo.net\/wordpress\/?post_type=product&#038;p=10294"},"modified":"2021-12-22T17:19:59","modified_gmt":"2021-12-22T16:19:59","slug":"en-la-fila-de-atras-1","status":"publish","type":"product","link":"https:\/\/zapateneo.net\/wordpress\/index.php\/producto\/en-la-fila-de-atras-1\/","title":{"rendered":"En la fila de atr\u00e1s # 1"},"content":{"rendered":"<p>Estas l&iacute;neas no pretenden ser un alegato victimista que justifique  las agresiones, los insultos, la amenazas, las faltas de respeto&hellip; no  pretenden ser una apolog&iacute;a del inmovilismo, de la resignaci&oacute;n cristiana&hellip;  sino que buscan hacer reflexionar acerca del porqu&eacute; un porcentaje del  alumnado no encuentra el m&aacute;s m&iacute;nimo inter&eacute;s, y lo que es peor, la m&aacute;s  m&iacute;nima necesidad de aprovechar el &aacute;mbito escolar y esa ingente cantidad  de horas durante las que se encuentra en la escuela, para cultivarse  intelectual, f&iacute;sica, afectiva, socialmente&hellip; asimismo, ser&iacute;a interesante  investigar c&oacute;mo va surgiendo la competencia, la violencia, el  individualismo, la sumisi&oacute;n&hellip; en otra parte del alumnado que acepta sin  cuestionamientos ese orden establecido.<\/p>\n<p><\/span><\/p>\n<p>&nbsp;&nbsp;Creemos que las experiencias educativas, ya sean en el &aacute;mbito  formal o en contextos no formales de aprendizaje, que busquen romper con  esta din&aacute;mica (inconsciente en la mayor&iacute;a de los casos) de &ldquo;hacer el  trabajo sucio&rdquo; al Estado, al Capital y a la Iglesia (incluso pensando  que se act&uacute;a con bondad, profesionalidad, con &ldquo;conciencia&rdquo;), de  introyectar la sumisi&oacute;n, la competencia, la desigualdad, la violencia&hellip;  deben construir una alternativa colectiva, comunitaria; es decir, basada  en la organizaci&oacute;n, en la creaci&oacute;n de un proyecto com&uacute;n. Aunque con  des&aacute;nimo, comprobamos que la realidad muestra a valientes  individualidades realizando un extenuante esfuerzo, por intentar llevar a  la pr&aacute;ctica sus ideas, su sensibilidad, en el peque&ntilde;o espacio sobre el  que ejercen una intervenci&oacute;n educativa directa: su clase, su grupo, su  taller&hellip; originando en muchos de estos casos, que esas buenas  intenciones, provoquen una dulcificaci&oacute;n, un maquillaje, un  enmascaramiento de los inevitables (inevitables por su &ldquo;suicida&rdquo; lucha  aislada) fines que persigue el Estado por medio de SU Instituci&oacute;n  Escolar; aunque no por ello dejando de animar (y presentando aqu&iacute;  aportaciones) a estas personas a que sigan investigando y poniendo en  pr&aacute;ctica esas acciones individuales, en contextos donde es &ldquo;imposible&rdquo;  construir un proyecto colectivo.<\/p>\n<p>&nbsp;&nbsp;Por tanto, consideramos necesaria una &ldquo;triple actuaci&oacute;n&rdquo;, una lucha  que se divida en tres frentes: el profundo cambio social (no el  reformismo legalista parlamentario), la creaci&oacute;n de proyectos educativos  colectivos y la implicaci&oacute;n personal basada en la deconstrucci&oacute;n-  construcci&oacute;n constante, en la continua inquietud y reflexi&oacute;n.<\/p>\n<p>&nbsp;&nbsp;En esta publicaci&oacute;n intentaremos centrarnos en aportar ideas,  experiencias, din&aacute;micas, m&eacute;todos&hellip; que persigan dotar a las ni&ntilde;as y los  ni&ntilde;os de libertad, responsabilidad, respeto, creatividad, capacidad de  esfuerzo&hellip; que busquen una implicaci&oacute;n pol&iacute;tica de las y los j&oacute;venes,  entendiendo &eacute;sta como &ldquo;la construcci&oacute;n colectiva de la realidad social&rdquo;,  para de esta forma proporcionar las herramientas que faciliten la  comprensi&oacute;n&ndash;apropiaci&oacute;n de la Realidad, pudiendo as&iacute; construir y  transformar SU Presente y SU Futuro. Intentaremos aportar textos  referentes tanto al &aacute;mbito formal en sus diferentes etapas, como al  no-formal; pero bueno esos son nuestros deseos, poco a poco intentaremos  que los textos &ldquo;pr&aacute;cticos&rdquo; superen en n&uacute;mero a los m&aacute;s &ldquo;te&oacute;ricos&rdquo;.<\/p>\n<p style=\"padding-left: 30px;\">Salud y Rebeld&iacute;a.<\/p>\n<p style=\"padding-left: 30px; text-align: center;\"><em>En la fila de atr&aacute;s<\/em><\/p>\n<p style=\"padding-left: 30px; text-align: center;\">&nbsp;<\/p>\n<p style=\"padding-left: 30px; text-align: center;\"><a href=\"http:\/\/enlafiladeatras.files.wordpress.com\/2010\/01\/en-la-fila-de-atras-n1.pdf\" target=\"_blank\" rel=\"noopener\">Descarga<\/a><\/p>\n","protected":false},"excerpt":{"rendered":"<p><strong><\/strong><br \/>\n2010121200010 &#8211; En la fila de atr\u00e1s &#8211; 2010 &#8211; 22 p\u00e1ginas \/orri.<\/p>\n","protected":false},"featured_media":0,"template":"","meta":[],"product_brand":[],"product_cat":[165,186],"product_tag":[5271],"class_list":{"0":"post-10294","1":"product","2":"type-product","3":"status-publish","5":"product_cat-fanzines-fanzineak","6":"product_cat-hezkuntza-educacion","7":"product_tag-en-la-fila-de-atras","9":"first","10":"instock","11":"sold-individually","12":"shipping-taxable","13":"purchasable","14":"product-type-simple"},"yoast_head":"<!-- This site is optimized with the Yoast SEO plugin v27.3 - https:\/\/yoast.com\/product\/yoast-seo-wordpress\/ -->\n<title>En la fila de atr\u00e1s # 1 &#8212; Zapateneo<\/title>\n<meta name=\"robots\" content=\"index, follow, max-snippet:-1, max-image-preview:large, max-video-preview:-1\" \/>\n<link rel=\"canonical\" href=\"https:\/\/zapateneo.net\/wordpress\/index.php\/producto\/en-la-fila-de-atras-1\/\" \/>\n<meta property=\"og:locale\" content=\"es_ES\" \/>\n<meta property=\"og:type\" content=\"article\" \/>\n<meta property=\"og:title\" content=\"En la fila de atr\u00e1s # 1 &#8212; Zapateneo\" \/>\n<meta property=\"og:description\" content=\"2010121200010 - En la fila de atr\u00e1s - 2010 - 22 p\u00e1ginas \/orri.\" \/>\n<meta property=\"og:url\" content=\"https:\/\/zapateneo.net\/wordpress\/index.php\/producto\/en-la-fila-de-atras-1\/\" \/>\n<meta property=\"og:site_name\" content=\"Zapateneo\" \/>\n<meta property=\"article:modified_time\" content=\"2021-12-22T16:19:59+00:00\" \/>\n<meta name=\"twitter:card\" content=\"summary_large_image\" \/>\n<meta name=\"twitter:site\" content=\"@zapateneo\" \/>\n<meta name=\"twitter:label1\" content=\"Tiempo de lectura\" \/>\n\t<meta name=\"twitter:data1\" content=\"3 minutos\" \/>\n<script type=\"application\/ld+json\" class=\"yoast-schema-graph\">{\"@context\":\"https:\\\/\\\/schema.org\",\"@graph\":[{\"@type\":\"WebPage\",\"@id\":\"https:\\\/\\\/zapateneo.net\\\/wordpress\\\/index.php\\\/producto\\\/en-la-fila-de-atras-1\\\/\",\"url\":\"https:\\\/\\\/zapateneo.net\\\/wordpress\\\/index.php\\\/producto\\\/en-la-fila-de-atras-1\\\/\",\"name\":\"En la fila de atr\u00e1s # 1 &#8212; Zapateneo\",\"isPartOf\":{\"@id\":\"https:\\\/\\\/zapateneo.net\\\/wordpress\\\/#website\"},\"datePublished\":\"2021-11-22T15:53:37+00:00\",\"dateModified\":\"2021-12-22T16:19:59+00:00\",\"breadcrumb\":{\"@id\":\"https:\\\/\\\/zapateneo.net\\\/wordpress\\\/index.php\\\/producto\\\/en-la-fila-de-atras-1\\\/#breadcrumb\"},\"inLanguage\":\"es\",\"potentialAction\":[{\"@type\":\"ReadAction\",\"target\":[\"https:\\\/\\\/zapateneo.net\\\/wordpress\\\/index.php\\\/producto\\\/en-la-fila-de-atras-1\\\/\"]}]},{\"@type\":\"BreadcrumbList\",\"@id\":\"https:\\\/\\\/zapateneo.net\\\/wordpress\\\/index.php\\\/producto\\\/en-la-fila-de-atras-1\\\/#breadcrumb\",\"itemListElement\":[{\"@type\":\"ListItem\",\"position\":1,\"name\":\"Portada\",\"item\":\"https:\\\/\\\/zapateneo.net\\\/wordpress\\\/\"},{\"@type\":\"ListItem\",\"position\":2,\"name\":\"Tienda\",\"item\":\"https:\\\/\\\/zapateneo.net\\\/wordpress\\\/\"},{\"@type\":\"ListItem\",\"position\":3,\"name\":\"En la fila de atr\u00e1s # 1\"}]},{\"@type\":\"WebSite\",\"@id\":\"https:\\\/\\\/zapateneo.net\\\/wordpress\\\/#website\",\"url\":\"https:\\\/\\\/zapateneo.net\\\/wordpress\\\/\",\"name\":\"Zapateneo\",\"description\":\"Zapateneoaren webgunea\",\"publisher\":{\"@id\":\"https:\\\/\\\/zapateneo.net\\\/wordpress\\\/#organization\"},\"potentialAction\":[{\"@type\":\"SearchAction\",\"target\":{\"@type\":\"EntryPoint\",\"urlTemplate\":\"https:\\\/\\\/zapateneo.net\\\/wordpress\\\/?s={search_term_string}\"},\"query-input\":{\"@type\":\"PropertyValueSpecification\",\"valueRequired\":true,\"valueName\":\"search_term_string\"}}],\"inLanguage\":\"es\"},{\"@type\":\"Organization\",\"@id\":\"https:\\\/\\\/zapateneo.net\\\/wordpress\\\/#organization\",\"name\":\"Zapateneo Kultur Elkartea\",\"url\":\"https:\\\/\\\/zapateneo.net\\\/wordpress\\\/\",\"logo\":{\"@type\":\"ImageObject\",\"inLanguage\":\"es\",\"@id\":\"https:\\\/\\\/zapateneo.net\\\/wordpress\\\/#\\\/schema\\\/logo\\\/image\\\/\",\"url\":\"https:\\\/\\\/zapateneo.net\\\/wordpress\\\/wp-content\\\/uploads\\\/2021\\\/04\\\/zap-libu-kolec.jpg\",\"contentUrl\":\"https:\\\/\\\/zapateneo.net\\\/wordpress\\\/wp-content\\\/uploads\\\/2021\\\/04\\\/zap-libu-kolec.jpg\",\"width\":2234,\"height\":398,\"caption\":\"Zapateneo Kultur Elkartea\"},\"image\":{\"@id\":\"https:\\\/\\\/zapateneo.net\\\/wordpress\\\/#\\\/schema\\\/logo\\\/image\\\/\"},\"sameAs\":[\"https:\\\/\\\/x.com\\\/zapateneo\"]}]}<\/script>\n<!-- \/ Yoast SEO plugin. -->","yoast_head_json":{"title":"En la fila de atr\u00e1s # 1 &#8212; Zapateneo","robots":{"index":"index","follow":"follow","max-snippet":"max-snippet:-1","max-image-preview":"max-image-preview:large","max-video-preview":"max-video-preview:-1"},"canonical":"https:\/\/zapateneo.net\/wordpress\/index.php\/producto\/en-la-fila-de-atras-1\/","og_locale":"es_ES","og_type":"article","og_title":"En la fila de atr\u00e1s # 1 &#8212; Zapateneo","og_description":"2010121200010 - En la fila de atr\u00e1s - 2010 - 22 p\u00e1ginas \/orri.","og_url":"https:\/\/zapateneo.net\/wordpress\/index.php\/producto\/en-la-fila-de-atras-1\/","og_site_name":"Zapateneo","article_modified_time":"2021-12-22T16:19:59+00:00","twitter_card":"summary_large_image","twitter_site":"@zapateneo","twitter_misc":{"Tiempo de lectura":"3 minutos"},"schema":{"@context":"https:\/\/schema.org","@graph":[{"@type":"WebPage","@id":"https:\/\/zapateneo.net\/wordpress\/index.php\/producto\/en-la-fila-de-atras-1\/","url":"https:\/\/zapateneo.net\/wordpress\/index.php\/producto\/en-la-fila-de-atras-1\/","name":"En la fila de atr\u00e1s # 1 &#8212; Zapateneo","isPartOf":{"@id":"https:\/\/zapateneo.net\/wordpress\/#website"},"datePublished":"2021-11-22T15:53:37+00:00","dateModified":"2021-12-22T16:19:59+00:00","breadcrumb":{"@id":"https:\/\/zapateneo.net\/wordpress\/index.php\/producto\/en-la-fila-de-atras-1\/#breadcrumb"},"inLanguage":"es","potentialAction":[{"@type":"ReadAction","target":["https:\/\/zapateneo.net\/wordpress\/index.php\/producto\/en-la-fila-de-atras-1\/"]}]},{"@type":"BreadcrumbList","@id":"https:\/\/zapateneo.net\/wordpress\/index.php\/producto\/en-la-fila-de-atras-1\/#breadcrumb","itemListElement":[{"@type":"ListItem","position":1,"name":"Portada","item":"https:\/\/zapateneo.net\/wordpress\/"},{"@type":"ListItem","position":2,"name":"Tienda","item":"https:\/\/zapateneo.net\/wordpress\/"},{"@type":"ListItem","position":3,"name":"En la fila de atr\u00e1s # 1"}]},{"@type":"WebSite","@id":"https:\/\/zapateneo.net\/wordpress\/#website","url":"https:\/\/zapateneo.net\/wordpress\/","name":"Zapateneo","description":"Zapateneoaren webgunea","publisher":{"@id":"https:\/\/zapateneo.net\/wordpress\/#organization"},"potentialAction":[{"@type":"SearchAction","target":{"@type":"EntryPoint","urlTemplate":"https:\/\/zapateneo.net\/wordpress\/?s={search_term_string}"},"query-input":{"@type":"PropertyValueSpecification","valueRequired":true,"valueName":"search_term_string"}}],"inLanguage":"es"},{"@type":"Organization","@id":"https:\/\/zapateneo.net\/wordpress\/#organization","name":"Zapateneo Kultur Elkartea","url":"https:\/\/zapateneo.net\/wordpress\/","logo":{"@type":"ImageObject","inLanguage":"es","@id":"https:\/\/zapateneo.net\/wordpress\/#\/schema\/logo\/image\/","url":"https:\/\/zapateneo.net\/wordpress\/wp-content\/uploads\/2021\/04\/zap-libu-kolec.jpg","contentUrl":"https:\/\/zapateneo.net\/wordpress\/wp-content\/uploads\/2021\/04\/zap-libu-kolec.jpg","width":2234,"height":398,"caption":"Zapateneo Kultur Elkartea"},"image":{"@id":"https:\/\/zapateneo.net\/wordpress\/#\/schema\/logo\/image\/"},"sameAs":["https:\/\/x.com\/zapateneo"]}]}},"_links":{"self":[{"href":"https:\/\/zapateneo.net\/wordpress\/index.php\/wp-json\/wp\/v2\/product\/10294","targetHints":{"allow":["GET"]}}],"collection":[{"href":"https:\/\/zapateneo.net\/wordpress\/index.php\/wp-json\/wp\/v2\/product"}],"about":[{"href":"https:\/\/zapateneo.net\/wordpress\/index.php\/wp-json\/wp\/v2\/types\/product"}],"wp:attachment":[{"href":"https:\/\/zapateneo.net\/wordpress\/index.php\/wp-json\/wp\/v2\/media?parent=10294"}],"wp:term":[{"taxonomy":"product_brand","embeddable":true,"href":"https:\/\/zapateneo.net\/wordpress\/index.php\/wp-json\/wp\/v2\/product_brand?post=10294"},{"taxonomy":"product_cat","embeddable":true,"href":"https:\/\/zapateneo.net\/wordpress\/index.php\/wp-json\/wp\/v2\/product_cat?post=10294"},{"taxonomy":"product_tag","embeddable":true,"href":"https:\/\/zapateneo.net\/wordpress\/index.php\/wp-json\/wp\/v2\/product_tag?post=10294"}],"curies":[{"name":"wp","href":"https:\/\/api.w.org\/{rel}","templated":true}]}}