{"id":10269,"date":"2021-11-22T16:53:06","date_gmt":"2021-11-22T15:53:06","guid":{"rendered":"https:\/\/zapateneo.net\/wordpress\/?post_type=product&#038;p=10269"},"modified":"2022-01-26T15:46:21","modified_gmt":"2022-01-26T14:46:21","slug":"narcocultura-necropolitica-capitalismo-gore-y-ultraviolencia","status":"publish","type":"product","link":"https:\/\/zapateneo.net\/wordpress\/index.php\/producto\/narcocultura-necropolitica-capitalismo-gore-y-ultraviolencia\/","title":{"rendered":"Narcocultura: necropol\u00edtica, capitalismo gore y ultraviolencia"},"content":{"rendered":"<div class=\"woocommerce-product-details__short-description\">\n<p>A principios de los a\u00f1os ochenta la coca\u00edna se convirti\u00f3 en la mercanc\u00eda m\u00e1s rentable del mundo. No era una sustancia nueva, se llevaba utilizando desde hac\u00eda casi un siglo, pero el sistema econ\u00f3mico estaba cambiando y la sociedad lo hac\u00eda con \u00e9l. La coca\u00edna era la droga perfecta para un capitalismo que necesitaba cuerpos capaces de aguantar m\u00e1s, de producir m\u00e1s, de consumir m\u00e1s. La mano invisible del mercado temblaba por el mono. Desde entonces, este aumento del consumo ha incrementando tambi\u00e9n la importancia econ\u00f3mica y social del narcotr\u00e1fico. As\u00ed, en las \u00faltimas d\u00e9cadas se ha generado una subcultura con c\u00f3digos propios alrededor del fen\u00f3meno del narco. Su producto m\u00e1s conocido son los narcocorridos, canciones con el ritmo de los corridos tradicionales pero con letras que tienen como protagonistas a c\u00e1rteles y narcotraficantes. La banda sonora de un capitalismo que ha convertido la depredaci\u00f3n de cuerpos en su principal actividad. La m\u00fasica que pondr\u00edas en tu iPod si tuvieses que torturar a alguien. Necropol\u00edtica cantada por mariachis.<\/p>\n<\/div>\n","protected":false},"excerpt":{"rendered":"<p><strong>Layla Mart\u00ednez<\/strong><br \/>\n2018062600036 &#8211; Antipersona &#8211; 2016 &#8211; 60 p\u00e1ginas \/orri.<\/p>\n","protected":false},"featured_media":10772,"template":"","meta":[],"product_brand":[],"product_cat":[165,173],"product_tag":[440,697],"class_list":{"0":"post-10269","1":"product","2":"type-product","3":"status-publish","4":"has-post-thumbnail","6":"product_cat-fanzines-fanzineak","7":"product_cat-saiakera-ensayo","8":"product_tag-antipersona","9":"product_tag-layla-martinez","11":"first","12":"instock","13":"sold-individually","14":"shipping-taxable","15":"purchasable","16":"product-type-simple"},"yoast_head":"<!-- This site is optimized with the Yoast SEO plugin v27.3 - https:\/\/yoast.com\/product\/yoast-seo-wordpress\/ -->\n<title>Narcocultura: necropol\u00edtica, capitalismo gore y ultraviolencia &#8212; Zapateneo<\/title>\n<meta name=\"robots\" content=\"index, follow, max-snippet:-1, max-image-preview:large, max-video-preview:-1\" \/>\n<link rel=\"canonical\" href=\"https:\/\/zapateneo.net\/wordpress\/index.php\/producto\/narcocultura-necropolitica-capitalismo-gore-y-ultraviolencia\/\" \/>\n<meta property=\"og:locale\" content=\"es_ES\" \/>\n<meta property=\"og:type\" content=\"article\" \/>\n<meta property=\"og:title\" content=\"Narcocultura: necropol\u00edtica, capitalismo gore y ultraviolencia &#8212; Zapateneo\" \/>\n<meta property=\"og:description\" content=\"Layla Mart\u00ednez 2018062600036 - Antipersona - 2016 - 60 p\u00e1ginas \/orri.\" \/>\n<meta property=\"og:url\" content=\"https:\/\/zapateneo.net\/wordpress\/index.php\/producto\/narcocultura-necropolitica-capitalismo-gore-y-ultraviolencia\/\" \/>\n<meta property=\"og:site_name\" content=\"Zapateneo\" \/>\n<meta property=\"article:modified_time\" content=\"2022-01-26T14:46:21+00:00\" \/>\n<meta property=\"og:image\" content=\"https:\/\/zapateneo.net\/wordpress\/wp-content\/uploads\/2021\/11\/portada-narcos-600x834-1-565x785-1.jpg\" \/>\n\t<meta property=\"og:image:width\" content=\"565\" \/>\n\t<meta property=\"og:image:height\" content=\"785\" \/>\n\t<meta property=\"og:image:type\" content=\"image\/jpeg\" \/>\n<meta name=\"twitter:card\" content=\"summary_large_image\" \/>\n<meta name=\"twitter:site\" content=\"@zapateneo\" \/>\n<meta name=\"twitter:label1\" content=\"Tiempo de lectura\" \/>\n\t<meta name=\"twitter:data1\" content=\"1 minuto\" \/>\n<script type=\"application\/ld+json\" class=\"yoast-schema-graph\">{\"@context\":\"https:\\\/\\\/schema.org\",\"@graph\":[{\"@type\":\"WebPage\",\"@id\":\"https:\\\/\\\/zapateneo.net\\\/wordpress\\\/index.php\\\/producto\\\/narcocultura-necropolitica-capitalismo-gore-y-ultraviolencia\\\/\",\"url\":\"https:\\\/\\\/zapateneo.net\\\/wordpress\\\/index.php\\\/producto\\\/narcocultura-necropolitica-capitalismo-gore-y-ultraviolencia\\\/\",\"name\":\"Narcocultura: necropol\u00edtica, capitalismo gore y ultraviolencia &#8212; Zapateneo\",\"isPartOf\":{\"@id\":\"https:\\\/\\\/zapateneo.net\\\/wordpress\\\/#website\"},\"primaryImageOfPage\":{\"@id\":\"https:\\\/\\\/zapateneo.net\\\/wordpress\\\/index.php\\\/producto\\\/narcocultura-necropolitica-capitalismo-gore-y-ultraviolencia\\\/#primaryimage\"},\"image\":{\"@id\":\"https:\\\/\\\/zapateneo.net\\\/wordpress\\\/index.php\\\/producto\\\/narcocultura-necropolitica-capitalismo-gore-y-ultraviolencia\\\/#primaryimage\"},\"thumbnailUrl\":\"https:\\\/\\\/zapateneo.net\\\/wordpress\\\/wp-content\\\/uploads\\\/2021\\\/11\\\/portada-narcos-600x834-1-565x785-1.jpg\",\"datePublished\":\"2021-11-22T15:53:06+00:00\",\"dateModified\":\"2022-01-26T14:46:21+00:00\",\"breadcrumb\":{\"@id\":\"https:\\\/\\\/zapateneo.net\\\/wordpress\\\/index.php\\\/producto\\\/narcocultura-necropolitica-capitalismo-gore-y-ultraviolencia\\\/#breadcrumb\"},\"inLanguage\":\"es\",\"potentialAction\":[{\"@type\":\"ReadAction\",\"target\":[\"https:\\\/\\\/zapateneo.net\\\/wordpress\\\/index.php\\\/producto\\\/narcocultura-necropolitica-capitalismo-gore-y-ultraviolencia\\\/\"]}]},{\"@type\":\"ImageObject\",\"inLanguage\":\"es\",\"@id\":\"https:\\\/\\\/zapateneo.net\\\/wordpress\\\/index.php\\\/producto\\\/narcocultura-necropolitica-capitalismo-gore-y-ultraviolencia\\\/#primaryimage\",\"url\":\"https:\\\/\\\/zapateneo.net\\\/wordpress\\\/wp-content\\\/uploads\\\/2021\\\/11\\\/portada-narcos-600x834-1-565x785-1.jpg\",\"contentUrl\":\"https:\\\/\\\/zapateneo.net\\\/wordpress\\\/wp-content\\\/uploads\\\/2021\\\/11\\\/portada-narcos-600x834-1-565x785-1.jpg\",\"width\":565,\"height\":785},{\"@type\":\"BreadcrumbList\",\"@id\":\"https:\\\/\\\/zapateneo.net\\\/wordpress\\\/index.php\\\/producto\\\/narcocultura-necropolitica-capitalismo-gore-y-ultraviolencia\\\/#breadcrumb\",\"itemListElement\":[{\"@type\":\"ListItem\",\"position\":1,\"name\":\"Portada\",\"item\":\"https:\\\/\\\/zapateneo.net\\\/wordpress\\\/\"},{\"@type\":\"ListItem\",\"position\":2,\"name\":\"Tienda\",\"item\":\"https:\\\/\\\/zapateneo.net\\\/wordpress\\\/\"},{\"@type\":\"ListItem\",\"position\":3,\"name\":\"Narcocultura: necropol\u00edtica, capitalismo gore y ultraviolencia\"}]},{\"@type\":\"WebSite\",\"@id\":\"https:\\\/\\\/zapateneo.net\\\/wordpress\\\/#website\",\"url\":\"https:\\\/\\\/zapateneo.net\\\/wordpress\\\/\",\"name\":\"Zapateneo\",\"description\":\"Zapateneoaren webgunea\",\"publisher\":{\"@id\":\"https:\\\/\\\/zapateneo.net\\\/wordpress\\\/#organization\"},\"potentialAction\":[{\"@type\":\"SearchAction\",\"target\":{\"@type\":\"EntryPoint\",\"urlTemplate\":\"https:\\\/\\\/zapateneo.net\\\/wordpress\\\/?s={search_term_string}\"},\"query-input\":{\"@type\":\"PropertyValueSpecification\",\"valueRequired\":true,\"valueName\":\"search_term_string\"}}],\"inLanguage\":\"es\"},{\"@type\":\"Organization\",\"@id\":\"https:\\\/\\\/zapateneo.net\\\/wordpress\\\/#organization\",\"name\":\"Zapateneo Kultur Elkartea\",\"url\":\"https:\\\/\\\/zapateneo.net\\\/wordpress\\\/\",\"logo\":{\"@type\":\"ImageObject\",\"inLanguage\":\"es\",\"@id\":\"https:\\\/\\\/zapateneo.net\\\/wordpress\\\/#\\\/schema\\\/logo\\\/image\\\/\",\"url\":\"https:\\\/\\\/zapateneo.net\\\/wordpress\\\/wp-content\\\/uploads\\\/2021\\\/04\\\/zap-libu-kolec.jpg\",\"contentUrl\":\"https:\\\/\\\/zapateneo.net\\\/wordpress\\\/wp-content\\\/uploads\\\/2021\\\/04\\\/zap-libu-kolec.jpg\",\"width\":2234,\"height\":398,\"caption\":\"Zapateneo Kultur Elkartea\"},\"image\":{\"@id\":\"https:\\\/\\\/zapateneo.net\\\/wordpress\\\/#\\\/schema\\\/logo\\\/image\\\/\"},\"sameAs\":[\"https:\\\/\\\/x.com\\\/zapateneo\"]}]}<\/script>\n<!-- \/ Yoast SEO plugin. -->","yoast_head_json":{"title":"Narcocultura: necropol\u00edtica, capitalismo gore y ultraviolencia &#8212; Zapateneo","robots":{"index":"index","follow":"follow","max-snippet":"max-snippet:-1","max-image-preview":"max-image-preview:large","max-video-preview":"max-video-preview:-1"},"canonical":"https:\/\/zapateneo.net\/wordpress\/index.php\/producto\/narcocultura-necropolitica-capitalismo-gore-y-ultraviolencia\/","og_locale":"es_ES","og_type":"article","og_title":"Narcocultura: necropol\u00edtica, capitalismo gore y ultraviolencia &#8212; Zapateneo","og_description":"Layla Mart\u00ednez 2018062600036 - Antipersona - 2016 - 60 p\u00e1ginas \/orri.","og_url":"https:\/\/zapateneo.net\/wordpress\/index.php\/producto\/narcocultura-necropolitica-capitalismo-gore-y-ultraviolencia\/","og_site_name":"Zapateneo","article_modified_time":"2022-01-26T14:46:21+00:00","og_image":[{"width":565,"height":785,"url":"https:\/\/zapateneo.net\/wordpress\/wp-content\/uploads\/2021\/11\/portada-narcos-600x834-1-565x785-1.jpg","type":"image\/jpeg"}],"twitter_card":"summary_large_image","twitter_site":"@zapateneo","twitter_misc":{"Tiempo de lectura":"1 minuto"},"schema":{"@context":"https:\/\/schema.org","@graph":[{"@type":"WebPage","@id":"https:\/\/zapateneo.net\/wordpress\/index.php\/producto\/narcocultura-necropolitica-capitalismo-gore-y-ultraviolencia\/","url":"https:\/\/zapateneo.net\/wordpress\/index.php\/producto\/narcocultura-necropolitica-capitalismo-gore-y-ultraviolencia\/","name":"Narcocultura: necropol\u00edtica, capitalismo gore y ultraviolencia &#8212; Zapateneo","isPartOf":{"@id":"https:\/\/zapateneo.net\/wordpress\/#website"},"primaryImageOfPage":{"@id":"https:\/\/zapateneo.net\/wordpress\/index.php\/producto\/narcocultura-necropolitica-capitalismo-gore-y-ultraviolencia\/#primaryimage"},"image":{"@id":"https:\/\/zapateneo.net\/wordpress\/index.php\/producto\/narcocultura-necropolitica-capitalismo-gore-y-ultraviolencia\/#primaryimage"},"thumbnailUrl":"https:\/\/zapateneo.net\/wordpress\/wp-content\/uploads\/2021\/11\/portada-narcos-600x834-1-565x785-1.jpg","datePublished":"2021-11-22T15:53:06+00:00","dateModified":"2022-01-26T14:46:21+00:00","breadcrumb":{"@id":"https:\/\/zapateneo.net\/wordpress\/index.php\/producto\/narcocultura-necropolitica-capitalismo-gore-y-ultraviolencia\/#breadcrumb"},"inLanguage":"es","potentialAction":[{"@type":"ReadAction","target":["https:\/\/zapateneo.net\/wordpress\/index.php\/producto\/narcocultura-necropolitica-capitalismo-gore-y-ultraviolencia\/"]}]},{"@type":"ImageObject","inLanguage":"es","@id":"https:\/\/zapateneo.net\/wordpress\/index.php\/producto\/narcocultura-necropolitica-capitalismo-gore-y-ultraviolencia\/#primaryimage","url":"https:\/\/zapateneo.net\/wordpress\/wp-content\/uploads\/2021\/11\/portada-narcos-600x834-1-565x785-1.jpg","contentUrl":"https:\/\/zapateneo.net\/wordpress\/wp-content\/uploads\/2021\/11\/portada-narcos-600x834-1-565x785-1.jpg","width":565,"height":785},{"@type":"BreadcrumbList","@id":"https:\/\/zapateneo.net\/wordpress\/index.php\/producto\/narcocultura-necropolitica-capitalismo-gore-y-ultraviolencia\/#breadcrumb","itemListElement":[{"@type":"ListItem","position":1,"name":"Portada","item":"https:\/\/zapateneo.net\/wordpress\/"},{"@type":"ListItem","position":2,"name":"Tienda","item":"https:\/\/zapateneo.net\/wordpress\/"},{"@type":"ListItem","position":3,"name":"Narcocultura: necropol\u00edtica, capitalismo gore y ultraviolencia"}]},{"@type":"WebSite","@id":"https:\/\/zapateneo.net\/wordpress\/#website","url":"https:\/\/zapateneo.net\/wordpress\/","name":"Zapateneo","description":"Zapateneoaren webgunea","publisher":{"@id":"https:\/\/zapateneo.net\/wordpress\/#organization"},"potentialAction":[{"@type":"SearchAction","target":{"@type":"EntryPoint","urlTemplate":"https:\/\/zapateneo.net\/wordpress\/?s={search_term_string}"},"query-input":{"@type":"PropertyValueSpecification","valueRequired":true,"valueName":"search_term_string"}}],"inLanguage":"es"},{"@type":"Organization","@id":"https:\/\/zapateneo.net\/wordpress\/#organization","name":"Zapateneo Kultur Elkartea","url":"https:\/\/zapateneo.net\/wordpress\/","logo":{"@type":"ImageObject","inLanguage":"es","@id":"https:\/\/zapateneo.net\/wordpress\/#\/schema\/logo\/image\/","url":"https:\/\/zapateneo.net\/wordpress\/wp-content\/uploads\/2021\/04\/zap-libu-kolec.jpg","contentUrl":"https:\/\/zapateneo.net\/wordpress\/wp-content\/uploads\/2021\/04\/zap-libu-kolec.jpg","width":2234,"height":398,"caption":"Zapateneo Kultur Elkartea"},"image":{"@id":"https:\/\/zapateneo.net\/wordpress\/#\/schema\/logo\/image\/"},"sameAs":["https:\/\/x.com\/zapateneo"]}]}},"_links":{"self":[{"href":"https:\/\/zapateneo.net\/wordpress\/index.php\/wp-json\/wp\/v2\/product\/10269","targetHints":{"allow":["GET"]}}],"collection":[{"href":"https:\/\/zapateneo.net\/wordpress\/index.php\/wp-json\/wp\/v2\/product"}],"about":[{"href":"https:\/\/zapateneo.net\/wordpress\/index.php\/wp-json\/wp\/v2\/types\/product"}],"wp:featuredmedia":[{"embeddable":true,"href":"https:\/\/zapateneo.net\/wordpress\/index.php\/wp-json\/wp\/v2\/media\/10772"}],"wp:attachment":[{"href":"https:\/\/zapateneo.net\/wordpress\/index.php\/wp-json\/wp\/v2\/media?parent=10269"}],"wp:term":[{"taxonomy":"product_brand","embeddable":true,"href":"https:\/\/zapateneo.net\/wordpress\/index.php\/wp-json\/wp\/v2\/product_brand?post=10269"},{"taxonomy":"product_cat","embeddable":true,"href":"https:\/\/zapateneo.net\/wordpress\/index.php\/wp-json\/wp\/v2\/product_cat?post=10269"},{"taxonomy":"product_tag","embeddable":true,"href":"https:\/\/zapateneo.net\/wordpress\/index.php\/wp-json\/wp\/v2\/product_tag?post=10269"}],"curies":[{"name":"wp","href":"https:\/\/api.w.org\/{rel}","templated":true}]}}