{"id":1026,"date":"2021-04-07T07:45:35","date_gmt":"2021-04-07T06:45:35","guid":{"rendered":"https:\/\/zapateneo.net\/wordpress\/?post_type=product&#038;p=1026"},"modified":"2023-05-05T15:14:23","modified_gmt":"2023-05-05T14:14:23","slug":"terrorismo-humanitario-de-la-guerra-del-golfo-a-la-carniceria-de-gaza","status":"publish","type":"product","link":"https:\/\/zapateneo.net\/wordpress\/index.php\/producto\/terrorismo-humanitario-de-la-guerra-del-golfo-a-la-carniceria-de-gaza\/","title":{"rendered":"Terrorismo humanitario. De la guerra del Golfo a la carnicer\u00ed\u00ada de Gaza"},"content":{"rendered":"<p>Creo que es conveniente a\u00f1adir unas l\u00edneas para actualizar esta colecci\u00f3n de ensayos que se public\u00f3 en 2009, en primera edici\u00f3n italiana. Como ver\u00e1n los lectores, la tesis central que defiendo es la siguiente: las guerras que han desencadenado las potencias occidentales en los \u00faltimos veinte a\u00f1os\u2014de la Guerra del Golfo de 1991 a la guerra contra Afganist\u00e1n, que todav\u00eda sigue\u2014 no fueron legitimadas por el derecho ni por las instituciones internacionales.<\/p>\n<p>Han sido guerras sanguinarias por mucho que los agresores pretendieran que se trataba de intervenciones \u00abhumanitarias\u00bb, justificadas en lo moral y lo legal por su finalidad: propagar la libertad y la democracia y garantizar la paz en el mundo contra el \u00abterrorismo global\u00bb de matriz isl\u00e1mica. En realidad, como sostuve, han sido guerras \u00abterroristas\u00bb cubiertas con un manto humanitario, pero en realidad motivadas por intereses estrat\u00e9gicos dentro de un plan de hegemon\u00eda mundial. Pues bien, creo que es obligado afirmar que tambi\u00e9n la guerra contra Libia decidida en marzo de 2011 por Estados Unidos, con la participaci\u00f3n de Francia, Inglaterra e Italia y luego de la OTAN, es una guerra de agresi\u00f3n desencadenada ilegalmente por las potencias occidentales.<\/p>\n","protected":false},"excerpt":{"rendered":"<p><strong>Zolo, Danilo<\/strong><br \/>\n9788472905467 &#8211; Bellaterra &#8211; 2011 &#8211; 199 p\u00e1ginas \/orri.<\/p>\n","protected":false},"featured_media":1056,"template":"","meta":[],"product_brand":[],"product_cat":[16,173],"product_tag":[92,849],"class_list":{"0":"post-1026","1":"product","2":"type-product","3":"status-publish","4":"has-post-thumbnail","6":"product_cat-libros","7":"product_cat-saiakera-ensayo","8":"product_tag-bellaterra","9":"product_tag-zolo","11":"first","12":"instock","13":"sold-individually","14":"shipping-taxable","15":"purchasable","16":"product-type-simple"},"yoast_head":"<!-- This site is optimized with the Yoast SEO plugin v27.3 - https:\/\/yoast.com\/product\/yoast-seo-wordpress\/ -->\n<title>Terrorismo humanitario. De la guerra del Golfo a la carnicer\u00ed\u00ada de Gaza &#8212; Zapateneo<\/title>\n<meta name=\"robots\" content=\"index, follow, max-snippet:-1, max-image-preview:large, max-video-preview:-1\" \/>\n<link rel=\"canonical\" href=\"https:\/\/zapateneo.net\/wordpress\/index.php\/producto\/terrorismo-humanitario-de-la-guerra-del-golfo-a-la-carniceria-de-gaza\/\" \/>\n<meta property=\"og:locale\" content=\"es_ES\" \/>\n<meta property=\"og:type\" content=\"article\" \/>\n<meta property=\"og:title\" content=\"Terrorismo humanitario. De la guerra del Golfo a la carnicer\u00ed\u00ada de Gaza &#8212; Zapateneo\" \/>\n<meta property=\"og:description\" content=\"Zolo, Danilo 9788472905467 - Bellaterra - 2011 - 199 p\u00e1ginas \/orri.\" \/>\n<meta property=\"og:url\" content=\"https:\/\/zapateneo.net\/wordpress\/index.php\/producto\/terrorismo-humanitario-de-la-guerra-del-golfo-a-la-carniceria-de-gaza\/\" \/>\n<meta property=\"og:site_name\" content=\"Zapateneo\" \/>\n<meta property=\"article:modified_time\" content=\"2023-05-05T14:14:23+00:00\" \/>\n<meta property=\"og:image\" content=\"https:\/\/zapateneo.net\/wordpress\/wp-content\/uploads\/2021\/04\/terrorismo_humanitario.jpg\" \/>\n\t<meta property=\"og:image:width\" content=\"100\" \/>\n\t<meta property=\"og:image:height\" content=\"157\" \/>\n\t<meta property=\"og:image:type\" content=\"image\/jpeg\" \/>\n<meta name=\"twitter:card\" content=\"summary_large_image\" \/>\n<meta name=\"twitter:site\" content=\"@zapateneo\" \/>\n<meta name=\"twitter:label1\" content=\"Tiempo de lectura\" \/>\n\t<meta name=\"twitter:data1\" content=\"1 minuto\" \/>\n<script type=\"application\/ld+json\" class=\"yoast-schema-graph\">{\"@context\":\"https:\\\/\\\/schema.org\",\"@graph\":[{\"@type\":\"WebPage\",\"@id\":\"https:\\\/\\\/zapateneo.net\\\/wordpress\\\/index.php\\\/producto\\\/terrorismo-humanitario-de-la-guerra-del-golfo-a-la-carniceria-de-gaza\\\/\",\"url\":\"https:\\\/\\\/zapateneo.net\\\/wordpress\\\/index.php\\\/producto\\\/terrorismo-humanitario-de-la-guerra-del-golfo-a-la-carniceria-de-gaza\\\/\",\"name\":\"Terrorismo humanitario. De la guerra del Golfo a la carnicer\u00ed\u00ada de Gaza &#8212; Zapateneo\",\"isPartOf\":{\"@id\":\"https:\\\/\\\/zapateneo.net\\\/wordpress\\\/#website\"},\"primaryImageOfPage\":{\"@id\":\"https:\\\/\\\/zapateneo.net\\\/wordpress\\\/index.php\\\/producto\\\/terrorismo-humanitario-de-la-guerra-del-golfo-a-la-carniceria-de-gaza\\\/#primaryimage\"},\"image\":{\"@id\":\"https:\\\/\\\/zapateneo.net\\\/wordpress\\\/index.php\\\/producto\\\/terrorismo-humanitario-de-la-guerra-del-golfo-a-la-carniceria-de-gaza\\\/#primaryimage\"},\"thumbnailUrl\":\"https:\\\/\\\/zapateneo.net\\\/wordpress\\\/wp-content\\\/uploads\\\/2021\\\/04\\\/terrorismo_humanitario.jpg\",\"datePublished\":\"2021-04-07T06:45:35+00:00\",\"dateModified\":\"2023-05-05T14:14:23+00:00\",\"breadcrumb\":{\"@id\":\"https:\\\/\\\/zapateneo.net\\\/wordpress\\\/index.php\\\/producto\\\/terrorismo-humanitario-de-la-guerra-del-golfo-a-la-carniceria-de-gaza\\\/#breadcrumb\"},\"inLanguage\":\"es\",\"potentialAction\":[{\"@type\":\"ReadAction\",\"target\":[\"https:\\\/\\\/zapateneo.net\\\/wordpress\\\/index.php\\\/producto\\\/terrorismo-humanitario-de-la-guerra-del-golfo-a-la-carniceria-de-gaza\\\/\"]}]},{\"@type\":\"ImageObject\",\"inLanguage\":\"es\",\"@id\":\"https:\\\/\\\/zapateneo.net\\\/wordpress\\\/index.php\\\/producto\\\/terrorismo-humanitario-de-la-guerra-del-golfo-a-la-carniceria-de-gaza\\\/#primaryimage\",\"url\":\"https:\\\/\\\/zapateneo.net\\\/wordpress\\\/wp-content\\\/uploads\\\/2021\\\/04\\\/terrorismo_humanitario.jpg\",\"contentUrl\":\"https:\\\/\\\/zapateneo.net\\\/wordpress\\\/wp-content\\\/uploads\\\/2021\\\/04\\\/terrorismo_humanitario.jpg\",\"width\":100,\"height\":157},{\"@type\":\"BreadcrumbList\",\"@id\":\"https:\\\/\\\/zapateneo.net\\\/wordpress\\\/index.php\\\/producto\\\/terrorismo-humanitario-de-la-guerra-del-golfo-a-la-carniceria-de-gaza\\\/#breadcrumb\",\"itemListElement\":[{\"@type\":\"ListItem\",\"position\":1,\"name\":\"Portada\",\"item\":\"https:\\\/\\\/zapateneo.net\\\/wordpress\\\/\"},{\"@type\":\"ListItem\",\"position\":2,\"name\":\"Tienda\",\"item\":\"https:\\\/\\\/zapateneo.net\\\/wordpress\\\/\"},{\"@type\":\"ListItem\",\"position\":3,\"name\":\"Terrorismo humanitario. De la guerra del Golfo a la carnicer\u00ed\u00ada de Gaza\"}]},{\"@type\":\"WebSite\",\"@id\":\"https:\\\/\\\/zapateneo.net\\\/wordpress\\\/#website\",\"url\":\"https:\\\/\\\/zapateneo.net\\\/wordpress\\\/\",\"name\":\"Zapateneo\",\"description\":\"Zapateneoaren webgunea\",\"publisher\":{\"@id\":\"https:\\\/\\\/zapateneo.net\\\/wordpress\\\/#organization\"},\"potentialAction\":[{\"@type\":\"SearchAction\",\"target\":{\"@type\":\"EntryPoint\",\"urlTemplate\":\"https:\\\/\\\/zapateneo.net\\\/wordpress\\\/?s={search_term_string}\"},\"query-input\":{\"@type\":\"PropertyValueSpecification\",\"valueRequired\":true,\"valueName\":\"search_term_string\"}}],\"inLanguage\":\"es\"},{\"@type\":\"Organization\",\"@id\":\"https:\\\/\\\/zapateneo.net\\\/wordpress\\\/#organization\",\"name\":\"Zapateneo Kultur Elkartea\",\"url\":\"https:\\\/\\\/zapateneo.net\\\/wordpress\\\/\",\"logo\":{\"@type\":\"ImageObject\",\"inLanguage\":\"es\",\"@id\":\"https:\\\/\\\/zapateneo.net\\\/wordpress\\\/#\\\/schema\\\/logo\\\/image\\\/\",\"url\":\"https:\\\/\\\/zapateneo.net\\\/wordpress\\\/wp-content\\\/uploads\\\/2021\\\/04\\\/zap-libu-kolec.jpg\",\"contentUrl\":\"https:\\\/\\\/zapateneo.net\\\/wordpress\\\/wp-content\\\/uploads\\\/2021\\\/04\\\/zap-libu-kolec.jpg\",\"width\":2234,\"height\":398,\"caption\":\"Zapateneo Kultur Elkartea\"},\"image\":{\"@id\":\"https:\\\/\\\/zapateneo.net\\\/wordpress\\\/#\\\/schema\\\/logo\\\/image\\\/\"},\"sameAs\":[\"https:\\\/\\\/x.com\\\/zapateneo\"]}]}<\/script>\n<!-- \/ Yoast SEO plugin. -->","yoast_head_json":{"title":"Terrorismo humanitario. De la guerra del Golfo a la carnicer\u00ed\u00ada de Gaza &#8212; Zapateneo","robots":{"index":"index","follow":"follow","max-snippet":"max-snippet:-1","max-image-preview":"max-image-preview:large","max-video-preview":"max-video-preview:-1"},"canonical":"https:\/\/zapateneo.net\/wordpress\/index.php\/producto\/terrorismo-humanitario-de-la-guerra-del-golfo-a-la-carniceria-de-gaza\/","og_locale":"es_ES","og_type":"article","og_title":"Terrorismo humanitario. De la guerra del Golfo a la carnicer\u00ed\u00ada de Gaza &#8212; Zapateneo","og_description":"Zolo, Danilo 9788472905467 - Bellaterra - 2011 - 199 p\u00e1ginas \/orri.","og_url":"https:\/\/zapateneo.net\/wordpress\/index.php\/producto\/terrorismo-humanitario-de-la-guerra-del-golfo-a-la-carniceria-de-gaza\/","og_site_name":"Zapateneo","article_modified_time":"2023-05-05T14:14:23+00:00","og_image":[{"width":100,"height":157,"url":"https:\/\/zapateneo.net\/wordpress\/wp-content\/uploads\/2021\/04\/terrorismo_humanitario.jpg","type":"image\/jpeg"}],"twitter_card":"summary_large_image","twitter_site":"@zapateneo","twitter_misc":{"Tiempo de lectura":"1 minuto"},"schema":{"@context":"https:\/\/schema.org","@graph":[{"@type":"WebPage","@id":"https:\/\/zapateneo.net\/wordpress\/index.php\/producto\/terrorismo-humanitario-de-la-guerra-del-golfo-a-la-carniceria-de-gaza\/","url":"https:\/\/zapateneo.net\/wordpress\/index.php\/producto\/terrorismo-humanitario-de-la-guerra-del-golfo-a-la-carniceria-de-gaza\/","name":"Terrorismo humanitario. De la guerra del Golfo a la carnicer\u00ed\u00ada de Gaza &#8212; Zapateneo","isPartOf":{"@id":"https:\/\/zapateneo.net\/wordpress\/#website"},"primaryImageOfPage":{"@id":"https:\/\/zapateneo.net\/wordpress\/index.php\/producto\/terrorismo-humanitario-de-la-guerra-del-golfo-a-la-carniceria-de-gaza\/#primaryimage"},"image":{"@id":"https:\/\/zapateneo.net\/wordpress\/index.php\/producto\/terrorismo-humanitario-de-la-guerra-del-golfo-a-la-carniceria-de-gaza\/#primaryimage"},"thumbnailUrl":"https:\/\/zapateneo.net\/wordpress\/wp-content\/uploads\/2021\/04\/terrorismo_humanitario.jpg","datePublished":"2021-04-07T06:45:35+00:00","dateModified":"2023-05-05T14:14:23+00:00","breadcrumb":{"@id":"https:\/\/zapateneo.net\/wordpress\/index.php\/producto\/terrorismo-humanitario-de-la-guerra-del-golfo-a-la-carniceria-de-gaza\/#breadcrumb"},"inLanguage":"es","potentialAction":[{"@type":"ReadAction","target":["https:\/\/zapateneo.net\/wordpress\/index.php\/producto\/terrorismo-humanitario-de-la-guerra-del-golfo-a-la-carniceria-de-gaza\/"]}]},{"@type":"ImageObject","inLanguage":"es","@id":"https:\/\/zapateneo.net\/wordpress\/index.php\/producto\/terrorismo-humanitario-de-la-guerra-del-golfo-a-la-carniceria-de-gaza\/#primaryimage","url":"https:\/\/zapateneo.net\/wordpress\/wp-content\/uploads\/2021\/04\/terrorismo_humanitario.jpg","contentUrl":"https:\/\/zapateneo.net\/wordpress\/wp-content\/uploads\/2021\/04\/terrorismo_humanitario.jpg","width":100,"height":157},{"@type":"BreadcrumbList","@id":"https:\/\/zapateneo.net\/wordpress\/index.php\/producto\/terrorismo-humanitario-de-la-guerra-del-golfo-a-la-carniceria-de-gaza\/#breadcrumb","itemListElement":[{"@type":"ListItem","position":1,"name":"Portada","item":"https:\/\/zapateneo.net\/wordpress\/"},{"@type":"ListItem","position":2,"name":"Tienda","item":"https:\/\/zapateneo.net\/wordpress\/"},{"@type":"ListItem","position":3,"name":"Terrorismo humanitario. De la guerra del Golfo a la carnicer\u00ed\u00ada de Gaza"}]},{"@type":"WebSite","@id":"https:\/\/zapateneo.net\/wordpress\/#website","url":"https:\/\/zapateneo.net\/wordpress\/","name":"Zapateneo","description":"Zapateneoaren webgunea","publisher":{"@id":"https:\/\/zapateneo.net\/wordpress\/#organization"},"potentialAction":[{"@type":"SearchAction","target":{"@type":"EntryPoint","urlTemplate":"https:\/\/zapateneo.net\/wordpress\/?s={search_term_string}"},"query-input":{"@type":"PropertyValueSpecification","valueRequired":true,"valueName":"search_term_string"}}],"inLanguage":"es"},{"@type":"Organization","@id":"https:\/\/zapateneo.net\/wordpress\/#organization","name":"Zapateneo Kultur Elkartea","url":"https:\/\/zapateneo.net\/wordpress\/","logo":{"@type":"ImageObject","inLanguage":"es","@id":"https:\/\/zapateneo.net\/wordpress\/#\/schema\/logo\/image\/","url":"https:\/\/zapateneo.net\/wordpress\/wp-content\/uploads\/2021\/04\/zap-libu-kolec.jpg","contentUrl":"https:\/\/zapateneo.net\/wordpress\/wp-content\/uploads\/2021\/04\/zap-libu-kolec.jpg","width":2234,"height":398,"caption":"Zapateneo Kultur Elkartea"},"image":{"@id":"https:\/\/zapateneo.net\/wordpress\/#\/schema\/logo\/image\/"},"sameAs":["https:\/\/x.com\/zapateneo"]}]}},"_links":{"self":[{"href":"https:\/\/zapateneo.net\/wordpress\/index.php\/wp-json\/wp\/v2\/product\/1026","targetHints":{"allow":["GET"]}}],"collection":[{"href":"https:\/\/zapateneo.net\/wordpress\/index.php\/wp-json\/wp\/v2\/product"}],"about":[{"href":"https:\/\/zapateneo.net\/wordpress\/index.php\/wp-json\/wp\/v2\/types\/product"}],"wp:featuredmedia":[{"embeddable":true,"href":"https:\/\/zapateneo.net\/wordpress\/index.php\/wp-json\/wp\/v2\/media\/1056"}],"wp:attachment":[{"href":"https:\/\/zapateneo.net\/wordpress\/index.php\/wp-json\/wp\/v2\/media?parent=1026"}],"wp:term":[{"taxonomy":"product_brand","embeddable":true,"href":"https:\/\/zapateneo.net\/wordpress\/index.php\/wp-json\/wp\/v2\/product_brand?post=1026"},{"taxonomy":"product_cat","embeddable":true,"href":"https:\/\/zapateneo.net\/wordpress\/index.php\/wp-json\/wp\/v2\/product_cat?post=1026"},{"taxonomy":"product_tag","embeddable":true,"href":"https:\/\/zapateneo.net\/wordpress\/index.php\/wp-json\/wp\/v2\/product_tag?post=1026"}],"curies":[{"name":"wp","href":"https:\/\/api.w.org\/{rel}","templated":true}]}}