{"id":1024,"date":"2021-04-07T07:45:34","date_gmt":"2021-04-07T06:45:34","guid":{"rendered":"https:\/\/zapateneo.net\/wordpress\/?post_type=product&#038;p=1024"},"modified":"2021-12-27T18:44:41","modified_gmt":"2021-12-27T17:44:41","slug":"los-talleres-ocultos-del-capital-un-mapa-para-la-izquierda","status":"publish","type":"product","link":"https:\/\/zapateneo.net\/wordpress\/index.php\/producto\/los-talleres-ocultos-del-capital-un-mapa-para-la-izquierda\/","title":{"rendered":"LOS TALLERES OCULTOS DEL CAPITAL. UN MAPA PARA LA IZQUIERDA"},"content":{"rendered":"<p>El objeto de este libro es claro: la sociedad capitalista. Se trata de comprender qu\u00e9 es y c\u00f3mo funciona; sus irracionalidades, coerciones e injusticias end\u00f3genas; sus tendencias inherentes a la crisis y sus l\u00edneas de conflicto; sus potenciales inmanentes para la transformaci\u00f3n. Partiendo libre y ecl\u00e9cticamente de \u00ablos dos Karls\u00bb (Marx y Polanyi), as\u00ed como de las teor\u00edas feministas y ecologistas y de las teor\u00edas cr\u00edticas de la raza, este libro propone una visi\u00f3n ampliada de la sociedad capitalista. Esta visi\u00f3n abarca no solo la econom\u00eda visible, \u00abproductiva\u00bb, sino tambi\u00e9n los \u00abtalleres ocultos\u00bb, las condiciones de posibilidad subyacentes de esta \u00faltima, en concreto: los procesos de reproducci\u00f3n social asim\u00e9tricos en cuanto al g\u00e9nero, la din\u00e1mica racializada de la expropiaci\u00f3n, las formas de dominio pol\u00edtico estructuradas por las diferencias de clase, as\u00ed como la depredaci\u00f3n sistem\u00e1tica de los ecosistemas. Todo ello es parte integrante esencial de lo que es, en realidad, una sociedad capitalista.<\/p>\n<p>Una visi\u00f3n ampliada del capitalismo implica tambi\u00e9n una visi\u00f3n ampliada del socialismo. Desde esta perspectiva, el socialismo debe superar no solo la explotaci\u00f3n del trabajo asalariado por parte del capital, sino tambi\u00e9n sus m\u00faltiples formas alternativas de explotaci\u00f3n parasitaria: el trabajo de cuidados no remunerado, los bienes p\u00fablicos y la riqueza expropiada a los sujetos racializados y a la naturaleza no humana. El socialismo debe ser, pues, feminista, antirracista y antiimperialista, ecosostenible y democr\u00e1tico<\/p>\n","protected":false},"excerpt":{"rendered":"<p><strong>FRASER, NANCY<\/strong><br \/>\n9788412125924 &#8211; TRAFICANTES DE SUE\u00d1OS &#8211; 2020 &#8211; 200 p\u00e1ginas \/orri.<\/p>\n","protected":false},"featured_media":1054,"template":"","meta":[],"product_brand":[],"product_cat":[16,173],"product_tag":[847,72],"class_list":{"0":"post-1024","1":"product","2":"type-product","3":"status-publish","4":"has-post-thumbnail","6":"product_cat-libros","7":"product_cat-saiakera-ensayo","8":"product_tag-fraser","9":"product_tag-traficantes-de-suenos","11":"first","12":"instock","13":"sold-individually","14":"shipping-taxable","15":"purchasable","16":"product-type-simple"},"yoast_head":"<!-- This site is optimized with the Yoast SEO plugin v27.3 - https:\/\/yoast.com\/product\/yoast-seo-wordpress\/ -->\n<title>LOS TALLERES OCULTOS DEL CAPITAL. UN MAPA PARA LA IZQUIERDA &#8212; Zapateneo<\/title>\n<meta name=\"robots\" content=\"index, follow, max-snippet:-1, max-image-preview:large, max-video-preview:-1\" \/>\n<link rel=\"canonical\" href=\"https:\/\/zapateneo.net\/wordpress\/index.php\/producto\/los-talleres-ocultos-del-capital-un-mapa-para-la-izquierda\/\" \/>\n<meta property=\"og:locale\" content=\"es_ES\" \/>\n<meta property=\"og:type\" content=\"article\" \/>\n<meta property=\"og:title\" content=\"LOS TALLERES OCULTOS DEL CAPITAL. UN MAPA PARA LA IZQUIERDA &#8212; Zapateneo\" \/>\n<meta property=\"og:description\" content=\"FRASER, NANCY 9788412125924 - TRAFICANTES DE SUE\u00d1OS - 2020 - 200 p\u00e1ginas \/orri.\" \/>\n<meta property=\"og:url\" content=\"https:\/\/zapateneo.net\/wordpress\/index.php\/producto\/los-talleres-ocultos-del-capital-un-mapa-para-la-izquierda\/\" \/>\n<meta property=\"og:site_name\" content=\"Zapateneo\" \/>\n<meta property=\"article:modified_time\" content=\"2021-12-27T17:44:41+00:00\" \/>\n<meta property=\"og:image\" content=\"https:\/\/zapateneo.net\/wordpress\/wp-content\/uploads\/2021\/04\/talleres.jpg\" \/>\n\t<meta property=\"og:image:width\" content=\"250\" \/>\n\t<meta property=\"og:image:height\" content=\"400\" \/>\n\t<meta property=\"og:image:type\" content=\"image\/jpeg\" \/>\n<meta name=\"twitter:card\" content=\"summary_large_image\" \/>\n<meta name=\"twitter:site\" content=\"@zapateneo\" \/>\n<meta name=\"twitter:label1\" content=\"Tiempo de lectura\" \/>\n\t<meta name=\"twitter:data1\" content=\"1 minuto\" \/>\n<script type=\"application\/ld+json\" class=\"yoast-schema-graph\">{\"@context\":\"https:\\\/\\\/schema.org\",\"@graph\":[{\"@type\":\"WebPage\",\"@id\":\"https:\\\/\\\/zapateneo.net\\\/wordpress\\\/index.php\\\/producto\\\/los-talleres-ocultos-del-capital-un-mapa-para-la-izquierda\\\/\",\"url\":\"https:\\\/\\\/zapateneo.net\\\/wordpress\\\/index.php\\\/producto\\\/los-talleres-ocultos-del-capital-un-mapa-para-la-izquierda\\\/\",\"name\":\"LOS TALLERES OCULTOS DEL CAPITAL. UN MAPA PARA LA IZQUIERDA &#8212; Zapateneo\",\"isPartOf\":{\"@id\":\"https:\\\/\\\/zapateneo.net\\\/wordpress\\\/#website\"},\"primaryImageOfPage\":{\"@id\":\"https:\\\/\\\/zapateneo.net\\\/wordpress\\\/index.php\\\/producto\\\/los-talleres-ocultos-del-capital-un-mapa-para-la-izquierda\\\/#primaryimage\"},\"image\":{\"@id\":\"https:\\\/\\\/zapateneo.net\\\/wordpress\\\/index.php\\\/producto\\\/los-talleres-ocultos-del-capital-un-mapa-para-la-izquierda\\\/#primaryimage\"},\"thumbnailUrl\":\"https:\\\/\\\/zapateneo.net\\\/wordpress\\\/wp-content\\\/uploads\\\/2021\\\/04\\\/talleres.jpg\",\"datePublished\":\"2021-04-07T06:45:34+00:00\",\"dateModified\":\"2021-12-27T17:44:41+00:00\",\"breadcrumb\":{\"@id\":\"https:\\\/\\\/zapateneo.net\\\/wordpress\\\/index.php\\\/producto\\\/los-talleres-ocultos-del-capital-un-mapa-para-la-izquierda\\\/#breadcrumb\"},\"inLanguage\":\"es\",\"potentialAction\":[{\"@type\":\"ReadAction\",\"target\":[\"https:\\\/\\\/zapateneo.net\\\/wordpress\\\/index.php\\\/producto\\\/los-talleres-ocultos-del-capital-un-mapa-para-la-izquierda\\\/\"]}]},{\"@type\":\"ImageObject\",\"inLanguage\":\"es\",\"@id\":\"https:\\\/\\\/zapateneo.net\\\/wordpress\\\/index.php\\\/producto\\\/los-talleres-ocultos-del-capital-un-mapa-para-la-izquierda\\\/#primaryimage\",\"url\":\"https:\\\/\\\/zapateneo.net\\\/wordpress\\\/wp-content\\\/uploads\\\/2021\\\/04\\\/talleres.jpg\",\"contentUrl\":\"https:\\\/\\\/zapateneo.net\\\/wordpress\\\/wp-content\\\/uploads\\\/2021\\\/04\\\/talleres.jpg\",\"width\":250,\"height\":400},{\"@type\":\"BreadcrumbList\",\"@id\":\"https:\\\/\\\/zapateneo.net\\\/wordpress\\\/index.php\\\/producto\\\/los-talleres-ocultos-del-capital-un-mapa-para-la-izquierda\\\/#breadcrumb\",\"itemListElement\":[{\"@type\":\"ListItem\",\"position\":1,\"name\":\"Portada\",\"item\":\"https:\\\/\\\/zapateneo.net\\\/wordpress\\\/\"},{\"@type\":\"ListItem\",\"position\":2,\"name\":\"Tienda\",\"item\":\"https:\\\/\\\/zapateneo.net\\\/wordpress\\\/\"},{\"@type\":\"ListItem\",\"position\":3,\"name\":\"LOS TALLERES OCULTOS DEL CAPITAL. UN MAPA PARA LA IZQUIERDA\"}]},{\"@type\":\"WebSite\",\"@id\":\"https:\\\/\\\/zapateneo.net\\\/wordpress\\\/#website\",\"url\":\"https:\\\/\\\/zapateneo.net\\\/wordpress\\\/\",\"name\":\"Zapateneo\",\"description\":\"Zapateneoaren webgunea\",\"publisher\":{\"@id\":\"https:\\\/\\\/zapateneo.net\\\/wordpress\\\/#organization\"},\"potentialAction\":[{\"@type\":\"SearchAction\",\"target\":{\"@type\":\"EntryPoint\",\"urlTemplate\":\"https:\\\/\\\/zapateneo.net\\\/wordpress\\\/?s={search_term_string}\"},\"query-input\":{\"@type\":\"PropertyValueSpecification\",\"valueRequired\":true,\"valueName\":\"search_term_string\"}}],\"inLanguage\":\"es\"},{\"@type\":\"Organization\",\"@id\":\"https:\\\/\\\/zapateneo.net\\\/wordpress\\\/#organization\",\"name\":\"Zapateneo Kultur Elkartea\",\"url\":\"https:\\\/\\\/zapateneo.net\\\/wordpress\\\/\",\"logo\":{\"@type\":\"ImageObject\",\"inLanguage\":\"es\",\"@id\":\"https:\\\/\\\/zapateneo.net\\\/wordpress\\\/#\\\/schema\\\/logo\\\/image\\\/\",\"url\":\"https:\\\/\\\/zapateneo.net\\\/wordpress\\\/wp-content\\\/uploads\\\/2021\\\/04\\\/zap-libu-kolec.jpg\",\"contentUrl\":\"https:\\\/\\\/zapateneo.net\\\/wordpress\\\/wp-content\\\/uploads\\\/2021\\\/04\\\/zap-libu-kolec.jpg\",\"width\":2234,\"height\":398,\"caption\":\"Zapateneo Kultur Elkartea\"},\"image\":{\"@id\":\"https:\\\/\\\/zapateneo.net\\\/wordpress\\\/#\\\/schema\\\/logo\\\/image\\\/\"},\"sameAs\":[\"https:\\\/\\\/x.com\\\/zapateneo\"]}]}<\/script>\n<!-- \/ Yoast SEO plugin. -->","yoast_head_json":{"title":"LOS TALLERES OCULTOS DEL CAPITAL. UN MAPA PARA LA IZQUIERDA &#8212; Zapateneo","robots":{"index":"index","follow":"follow","max-snippet":"max-snippet:-1","max-image-preview":"max-image-preview:large","max-video-preview":"max-video-preview:-1"},"canonical":"https:\/\/zapateneo.net\/wordpress\/index.php\/producto\/los-talleres-ocultos-del-capital-un-mapa-para-la-izquierda\/","og_locale":"es_ES","og_type":"article","og_title":"LOS TALLERES OCULTOS DEL CAPITAL. UN MAPA PARA LA IZQUIERDA &#8212; Zapateneo","og_description":"FRASER, NANCY 9788412125924 - TRAFICANTES DE SUE\u00d1OS - 2020 - 200 p\u00e1ginas \/orri.","og_url":"https:\/\/zapateneo.net\/wordpress\/index.php\/producto\/los-talleres-ocultos-del-capital-un-mapa-para-la-izquierda\/","og_site_name":"Zapateneo","article_modified_time":"2021-12-27T17:44:41+00:00","og_image":[{"width":250,"height":400,"url":"https:\/\/zapateneo.net\/wordpress\/wp-content\/uploads\/2021\/04\/talleres.jpg","type":"image\/jpeg"}],"twitter_card":"summary_large_image","twitter_site":"@zapateneo","twitter_misc":{"Tiempo de lectura":"1 minuto"},"schema":{"@context":"https:\/\/schema.org","@graph":[{"@type":"WebPage","@id":"https:\/\/zapateneo.net\/wordpress\/index.php\/producto\/los-talleres-ocultos-del-capital-un-mapa-para-la-izquierda\/","url":"https:\/\/zapateneo.net\/wordpress\/index.php\/producto\/los-talleres-ocultos-del-capital-un-mapa-para-la-izquierda\/","name":"LOS TALLERES OCULTOS DEL CAPITAL. UN MAPA PARA LA IZQUIERDA &#8212; Zapateneo","isPartOf":{"@id":"https:\/\/zapateneo.net\/wordpress\/#website"},"primaryImageOfPage":{"@id":"https:\/\/zapateneo.net\/wordpress\/index.php\/producto\/los-talleres-ocultos-del-capital-un-mapa-para-la-izquierda\/#primaryimage"},"image":{"@id":"https:\/\/zapateneo.net\/wordpress\/index.php\/producto\/los-talleres-ocultos-del-capital-un-mapa-para-la-izquierda\/#primaryimage"},"thumbnailUrl":"https:\/\/zapateneo.net\/wordpress\/wp-content\/uploads\/2021\/04\/talleres.jpg","datePublished":"2021-04-07T06:45:34+00:00","dateModified":"2021-12-27T17:44:41+00:00","breadcrumb":{"@id":"https:\/\/zapateneo.net\/wordpress\/index.php\/producto\/los-talleres-ocultos-del-capital-un-mapa-para-la-izquierda\/#breadcrumb"},"inLanguage":"es","potentialAction":[{"@type":"ReadAction","target":["https:\/\/zapateneo.net\/wordpress\/index.php\/producto\/los-talleres-ocultos-del-capital-un-mapa-para-la-izquierda\/"]}]},{"@type":"ImageObject","inLanguage":"es","@id":"https:\/\/zapateneo.net\/wordpress\/index.php\/producto\/los-talleres-ocultos-del-capital-un-mapa-para-la-izquierda\/#primaryimage","url":"https:\/\/zapateneo.net\/wordpress\/wp-content\/uploads\/2021\/04\/talleres.jpg","contentUrl":"https:\/\/zapateneo.net\/wordpress\/wp-content\/uploads\/2021\/04\/talleres.jpg","width":250,"height":400},{"@type":"BreadcrumbList","@id":"https:\/\/zapateneo.net\/wordpress\/index.php\/producto\/los-talleres-ocultos-del-capital-un-mapa-para-la-izquierda\/#breadcrumb","itemListElement":[{"@type":"ListItem","position":1,"name":"Portada","item":"https:\/\/zapateneo.net\/wordpress\/"},{"@type":"ListItem","position":2,"name":"Tienda","item":"https:\/\/zapateneo.net\/wordpress\/"},{"@type":"ListItem","position":3,"name":"LOS TALLERES OCULTOS DEL CAPITAL. UN MAPA PARA LA IZQUIERDA"}]},{"@type":"WebSite","@id":"https:\/\/zapateneo.net\/wordpress\/#website","url":"https:\/\/zapateneo.net\/wordpress\/","name":"Zapateneo","description":"Zapateneoaren webgunea","publisher":{"@id":"https:\/\/zapateneo.net\/wordpress\/#organization"},"potentialAction":[{"@type":"SearchAction","target":{"@type":"EntryPoint","urlTemplate":"https:\/\/zapateneo.net\/wordpress\/?s={search_term_string}"},"query-input":{"@type":"PropertyValueSpecification","valueRequired":true,"valueName":"search_term_string"}}],"inLanguage":"es"},{"@type":"Organization","@id":"https:\/\/zapateneo.net\/wordpress\/#organization","name":"Zapateneo Kultur Elkartea","url":"https:\/\/zapateneo.net\/wordpress\/","logo":{"@type":"ImageObject","inLanguage":"es","@id":"https:\/\/zapateneo.net\/wordpress\/#\/schema\/logo\/image\/","url":"https:\/\/zapateneo.net\/wordpress\/wp-content\/uploads\/2021\/04\/zap-libu-kolec.jpg","contentUrl":"https:\/\/zapateneo.net\/wordpress\/wp-content\/uploads\/2021\/04\/zap-libu-kolec.jpg","width":2234,"height":398,"caption":"Zapateneo Kultur Elkartea"},"image":{"@id":"https:\/\/zapateneo.net\/wordpress\/#\/schema\/logo\/image\/"},"sameAs":["https:\/\/x.com\/zapateneo"]}]}},"_links":{"self":[{"href":"https:\/\/zapateneo.net\/wordpress\/index.php\/wp-json\/wp\/v2\/product\/1024","targetHints":{"allow":["GET"]}}],"collection":[{"href":"https:\/\/zapateneo.net\/wordpress\/index.php\/wp-json\/wp\/v2\/product"}],"about":[{"href":"https:\/\/zapateneo.net\/wordpress\/index.php\/wp-json\/wp\/v2\/types\/product"}],"wp:featuredmedia":[{"embeddable":true,"href":"https:\/\/zapateneo.net\/wordpress\/index.php\/wp-json\/wp\/v2\/media\/1054"}],"wp:attachment":[{"href":"https:\/\/zapateneo.net\/wordpress\/index.php\/wp-json\/wp\/v2\/media?parent=1024"}],"wp:term":[{"taxonomy":"product_brand","embeddable":true,"href":"https:\/\/zapateneo.net\/wordpress\/index.php\/wp-json\/wp\/v2\/product_brand?post=1024"},{"taxonomy":"product_cat","embeddable":true,"href":"https:\/\/zapateneo.net\/wordpress\/index.php\/wp-json\/wp\/v2\/product_cat?post=1024"},{"taxonomy":"product_tag","embeddable":true,"href":"https:\/\/zapateneo.net\/wordpress\/index.php\/wp-json\/wp\/v2\/product_tag?post=1024"}],"curies":[{"name":"wp","href":"https:\/\/api.w.org\/{rel}","templated":true}]}}