{"id":10219,"date":"2021-11-20T17:32:19","date_gmt":"2021-11-20T16:32:19","guid":{"rendered":"https:\/\/zapateneo.net\/wordpress\/?post_type=product&#038;p=10219"},"modified":"2021-12-20T17:35:31","modified_gmt":"2021-12-20T16:35:31","slug":"comentarios-acerca-de-la-espana-salvaje-en-el-prologo-de-su-segunda-revolucion","status":"publish","type":"product","link":"https:\/\/zapateneo.net\/wordpress\/index.php\/producto\/comentarios-acerca-de-la-espana-salvaje-en-el-prologo-de-su-segunda-revolucion\/","title":{"rendered":"Comentarios acerca de la Espa\u00f1a salvaje en el pr\u00f3logo de su segunda revoluci\u00f3n"},"content":{"rendered":"<p><span><\/p>\n<p>&nbsp;<\/p>\n<p><span><\/p>\n<p>\u00abComentarios acerca de la Espa&ntilde;a salvaje en el pr&oacute;logo de su segunda  revoluci&oacute;n\u00bb, es un texto hecho en 1978 por una agrupaci&oacute;n llamada  Trabajadores por la Autonom&iacute;a Proletaria y la Revoluci&oacute;n Social; texto que se ha difundido bastante en los &uacute;ltimos a&ntilde;os.<\/p>\n<p><\/span><\/p>\n<p>&nbsp;<\/p>\n<p><\/span><\/p>\n","protected":false},"excerpt":{"rendered":"<p><strong>Trabajadores por la Autonom\u00eda Proletaria y la Revoluci\u00f3n Social<\/strong><br \/>\n2011112000077 &#8211;  &#8211;  &#8211; 32 p\u00e1ginas \/orri.<\/p>\n","protected":false},"featured_media":0,"template":"","meta":[],"product_brand":[],"product_cat":[177,166],"product_tag":[5230],"class_list":{"0":"post-10219","1":"product","2":"type-product","3":"status-publish","5":"product_cat-gizarte-mugimenduak-movimientos-sociales","6":"product_cat-panfletos-panfletoak","7":"product_tag-trabajadores-por-la-autonomia-proletaria-y-la-revolucion-social","9":"first","10":"instock","11":"sold-individually","12":"shipping-taxable","13":"purchasable","14":"product-type-simple"},"yoast_head":"<!-- This site is optimized with the Yoast SEO plugin v27.3 - https:\/\/yoast.com\/product\/yoast-seo-wordpress\/ -->\n<title>Comentarios acerca de la Espa\u00f1a salvaje en el pr\u00f3logo de su segunda revoluci\u00f3n &#8212; Zapateneo<\/title>\n<meta name=\"robots\" content=\"index, follow, max-snippet:-1, max-image-preview:large, max-video-preview:-1\" \/>\n<link rel=\"canonical\" href=\"https:\/\/zapateneo.net\/wordpress\/index.php\/producto\/comentarios-acerca-de-la-espana-salvaje-en-el-prologo-de-su-segunda-revolucion\/\" \/>\n<meta property=\"og:locale\" content=\"es_ES\" \/>\n<meta property=\"og:type\" content=\"article\" \/>\n<meta property=\"og:title\" content=\"Comentarios acerca de la Espa\u00f1a salvaje en el pr\u00f3logo de su segunda revoluci\u00f3n &#8212; Zapateneo\" \/>\n<meta property=\"og:description\" content=\"Trabajadores por la Autonom\u00eda Proletaria y la Revoluci\u00f3n Social 2011112000077 - - - 32 p\u00e1ginas \/orri.\" \/>\n<meta property=\"og:url\" content=\"https:\/\/zapateneo.net\/wordpress\/index.php\/producto\/comentarios-acerca-de-la-espana-salvaje-en-el-prologo-de-su-segunda-revolucion\/\" \/>\n<meta property=\"og:site_name\" content=\"Zapateneo\" \/>\n<meta property=\"article:modified_time\" content=\"2021-12-20T16:35:31+00:00\" \/>\n<meta name=\"twitter:card\" content=\"summary_large_image\" \/>\n<meta name=\"twitter:site\" content=\"@zapateneo\" \/>\n<script type=\"application\/ld+json\" class=\"yoast-schema-graph\">{\"@context\":\"https:\\\/\\\/schema.org\",\"@graph\":[{\"@type\":\"WebPage\",\"@id\":\"https:\\\/\\\/zapateneo.net\\\/wordpress\\\/index.php\\\/producto\\\/comentarios-acerca-de-la-espana-salvaje-en-el-prologo-de-su-segunda-revolucion\\\/\",\"url\":\"https:\\\/\\\/zapateneo.net\\\/wordpress\\\/index.php\\\/producto\\\/comentarios-acerca-de-la-espana-salvaje-en-el-prologo-de-su-segunda-revolucion\\\/\",\"name\":\"Comentarios acerca de la Espa\u00f1a salvaje en el pr\u00f3logo de su segunda revoluci\u00f3n &#8212; Zapateneo\",\"isPartOf\":{\"@id\":\"https:\\\/\\\/zapateneo.net\\\/wordpress\\\/#website\"},\"datePublished\":\"2021-11-20T16:32:19+00:00\",\"dateModified\":\"2021-12-20T16:35:31+00:00\",\"breadcrumb\":{\"@id\":\"https:\\\/\\\/zapateneo.net\\\/wordpress\\\/index.php\\\/producto\\\/comentarios-acerca-de-la-espana-salvaje-en-el-prologo-de-su-segunda-revolucion\\\/#breadcrumb\"},\"inLanguage\":\"es\",\"potentialAction\":[{\"@type\":\"ReadAction\",\"target\":[\"https:\\\/\\\/zapateneo.net\\\/wordpress\\\/index.php\\\/producto\\\/comentarios-acerca-de-la-espana-salvaje-en-el-prologo-de-su-segunda-revolucion\\\/\"]}]},{\"@type\":\"BreadcrumbList\",\"@id\":\"https:\\\/\\\/zapateneo.net\\\/wordpress\\\/index.php\\\/producto\\\/comentarios-acerca-de-la-espana-salvaje-en-el-prologo-de-su-segunda-revolucion\\\/#breadcrumb\",\"itemListElement\":[{\"@type\":\"ListItem\",\"position\":1,\"name\":\"Portada\",\"item\":\"https:\\\/\\\/zapateneo.net\\\/wordpress\\\/\"},{\"@type\":\"ListItem\",\"position\":2,\"name\":\"Tienda\",\"item\":\"https:\\\/\\\/zapateneo.net\\\/wordpress\\\/\"},{\"@type\":\"ListItem\",\"position\":3,\"name\":\"Comentarios acerca de la Espa\u00f1a salvaje en el pr\u00f3logo de su segunda revoluci\u00f3n\"}]},{\"@type\":\"WebSite\",\"@id\":\"https:\\\/\\\/zapateneo.net\\\/wordpress\\\/#website\",\"url\":\"https:\\\/\\\/zapateneo.net\\\/wordpress\\\/\",\"name\":\"Zapateneo\",\"description\":\"Zapateneoaren webgunea\",\"publisher\":{\"@id\":\"https:\\\/\\\/zapateneo.net\\\/wordpress\\\/#organization\"},\"potentialAction\":[{\"@type\":\"SearchAction\",\"target\":{\"@type\":\"EntryPoint\",\"urlTemplate\":\"https:\\\/\\\/zapateneo.net\\\/wordpress\\\/?s={search_term_string}\"},\"query-input\":{\"@type\":\"PropertyValueSpecification\",\"valueRequired\":true,\"valueName\":\"search_term_string\"}}],\"inLanguage\":\"es\"},{\"@type\":\"Organization\",\"@id\":\"https:\\\/\\\/zapateneo.net\\\/wordpress\\\/#organization\",\"name\":\"Zapateneo Kultur Elkartea\",\"url\":\"https:\\\/\\\/zapateneo.net\\\/wordpress\\\/\",\"logo\":{\"@type\":\"ImageObject\",\"inLanguage\":\"es\",\"@id\":\"https:\\\/\\\/zapateneo.net\\\/wordpress\\\/#\\\/schema\\\/logo\\\/image\\\/\",\"url\":\"https:\\\/\\\/zapateneo.net\\\/wordpress\\\/wp-content\\\/uploads\\\/2021\\\/04\\\/zap-libu-kolec.jpg\",\"contentUrl\":\"https:\\\/\\\/zapateneo.net\\\/wordpress\\\/wp-content\\\/uploads\\\/2021\\\/04\\\/zap-libu-kolec.jpg\",\"width\":2234,\"height\":398,\"caption\":\"Zapateneo Kultur Elkartea\"},\"image\":{\"@id\":\"https:\\\/\\\/zapateneo.net\\\/wordpress\\\/#\\\/schema\\\/logo\\\/image\\\/\"},\"sameAs\":[\"https:\\\/\\\/x.com\\\/zapateneo\"]}]}<\/script>\n<!-- \/ Yoast SEO plugin. -->","yoast_head_json":{"title":"Comentarios acerca de la Espa\u00f1a salvaje en el pr\u00f3logo de su segunda revoluci\u00f3n &#8212; Zapateneo","robots":{"index":"index","follow":"follow","max-snippet":"max-snippet:-1","max-image-preview":"max-image-preview:large","max-video-preview":"max-video-preview:-1"},"canonical":"https:\/\/zapateneo.net\/wordpress\/index.php\/producto\/comentarios-acerca-de-la-espana-salvaje-en-el-prologo-de-su-segunda-revolucion\/","og_locale":"es_ES","og_type":"article","og_title":"Comentarios acerca de la Espa\u00f1a salvaje en el pr\u00f3logo de su segunda revoluci\u00f3n &#8212; Zapateneo","og_description":"Trabajadores por la Autonom\u00eda Proletaria y la Revoluci\u00f3n Social 2011112000077 - - - 32 p\u00e1ginas \/orri.","og_url":"https:\/\/zapateneo.net\/wordpress\/index.php\/producto\/comentarios-acerca-de-la-espana-salvaje-en-el-prologo-de-su-segunda-revolucion\/","og_site_name":"Zapateneo","article_modified_time":"2021-12-20T16:35:31+00:00","twitter_card":"summary_large_image","twitter_site":"@zapateneo","schema":{"@context":"https:\/\/schema.org","@graph":[{"@type":"WebPage","@id":"https:\/\/zapateneo.net\/wordpress\/index.php\/producto\/comentarios-acerca-de-la-espana-salvaje-en-el-prologo-de-su-segunda-revolucion\/","url":"https:\/\/zapateneo.net\/wordpress\/index.php\/producto\/comentarios-acerca-de-la-espana-salvaje-en-el-prologo-de-su-segunda-revolucion\/","name":"Comentarios acerca de la Espa\u00f1a salvaje en el pr\u00f3logo de su segunda revoluci\u00f3n &#8212; Zapateneo","isPartOf":{"@id":"https:\/\/zapateneo.net\/wordpress\/#website"},"datePublished":"2021-11-20T16:32:19+00:00","dateModified":"2021-12-20T16:35:31+00:00","breadcrumb":{"@id":"https:\/\/zapateneo.net\/wordpress\/index.php\/producto\/comentarios-acerca-de-la-espana-salvaje-en-el-prologo-de-su-segunda-revolucion\/#breadcrumb"},"inLanguage":"es","potentialAction":[{"@type":"ReadAction","target":["https:\/\/zapateneo.net\/wordpress\/index.php\/producto\/comentarios-acerca-de-la-espana-salvaje-en-el-prologo-de-su-segunda-revolucion\/"]}]},{"@type":"BreadcrumbList","@id":"https:\/\/zapateneo.net\/wordpress\/index.php\/producto\/comentarios-acerca-de-la-espana-salvaje-en-el-prologo-de-su-segunda-revolucion\/#breadcrumb","itemListElement":[{"@type":"ListItem","position":1,"name":"Portada","item":"https:\/\/zapateneo.net\/wordpress\/"},{"@type":"ListItem","position":2,"name":"Tienda","item":"https:\/\/zapateneo.net\/wordpress\/"},{"@type":"ListItem","position":3,"name":"Comentarios acerca de la Espa\u00f1a salvaje en el pr\u00f3logo de su segunda revoluci\u00f3n"}]},{"@type":"WebSite","@id":"https:\/\/zapateneo.net\/wordpress\/#website","url":"https:\/\/zapateneo.net\/wordpress\/","name":"Zapateneo","description":"Zapateneoaren webgunea","publisher":{"@id":"https:\/\/zapateneo.net\/wordpress\/#organization"},"potentialAction":[{"@type":"SearchAction","target":{"@type":"EntryPoint","urlTemplate":"https:\/\/zapateneo.net\/wordpress\/?s={search_term_string}"},"query-input":{"@type":"PropertyValueSpecification","valueRequired":true,"valueName":"search_term_string"}}],"inLanguage":"es"},{"@type":"Organization","@id":"https:\/\/zapateneo.net\/wordpress\/#organization","name":"Zapateneo Kultur Elkartea","url":"https:\/\/zapateneo.net\/wordpress\/","logo":{"@type":"ImageObject","inLanguage":"es","@id":"https:\/\/zapateneo.net\/wordpress\/#\/schema\/logo\/image\/","url":"https:\/\/zapateneo.net\/wordpress\/wp-content\/uploads\/2021\/04\/zap-libu-kolec.jpg","contentUrl":"https:\/\/zapateneo.net\/wordpress\/wp-content\/uploads\/2021\/04\/zap-libu-kolec.jpg","width":2234,"height":398,"caption":"Zapateneo Kultur Elkartea"},"image":{"@id":"https:\/\/zapateneo.net\/wordpress\/#\/schema\/logo\/image\/"},"sameAs":["https:\/\/x.com\/zapateneo"]}]}},"_links":{"self":[{"href":"https:\/\/zapateneo.net\/wordpress\/index.php\/wp-json\/wp\/v2\/product\/10219","targetHints":{"allow":["GET"]}}],"collection":[{"href":"https:\/\/zapateneo.net\/wordpress\/index.php\/wp-json\/wp\/v2\/product"}],"about":[{"href":"https:\/\/zapateneo.net\/wordpress\/index.php\/wp-json\/wp\/v2\/types\/product"}],"wp:attachment":[{"href":"https:\/\/zapateneo.net\/wordpress\/index.php\/wp-json\/wp\/v2\/media?parent=10219"}],"wp:term":[{"taxonomy":"product_brand","embeddable":true,"href":"https:\/\/zapateneo.net\/wordpress\/index.php\/wp-json\/wp\/v2\/product_brand?post=10219"},{"taxonomy":"product_cat","embeddable":true,"href":"https:\/\/zapateneo.net\/wordpress\/index.php\/wp-json\/wp\/v2\/product_cat?post=10219"},{"taxonomy":"product_tag","embeddable":true,"href":"https:\/\/zapateneo.net\/wordpress\/index.php\/wp-json\/wp\/v2\/product_tag?post=10219"}],"curies":[{"name":"wp","href":"https:\/\/api.w.org\/{rel}","templated":true}]}}