{"id":10107,"date":"2021-11-20T17:23:00","date_gmt":"2021-11-20T16:23:00","guid":{"rendered":"https:\/\/zapateneo.net\/wordpress\/?post_type=product&#038;p=10107"},"modified":"2021-12-20T17:58:39","modified_gmt":"2021-12-20T16:58:39","slug":"genero-y-anarquismo-un-acercamiento-a-las-relaciones-entre-genero-y-dominacion","status":"publish","type":"product","link":"https:\/\/zapateneo.net\/wordpress\/index.php\/producto\/genero-y-anarquismo-un-acercamiento-a-las-relaciones-entre-genero-y-dominacion\/","title":{"rendered":"Genero y anarquismo. Un acercamiento a las relaciones entre g\u00e9nero y dominaci\u00f3n&#8230;."},"content":{"rendered":"<p>9&ordm; n&uacute;mero de la serie <em>Minianarquismos<\/em>.<\/p>\n<p>&nbsp;<\/p>\n<p>Si queremos una revuelta que atente contra todos los valores dominantes,  es necesario acabar tambi&eacute;n con la opresi&oacute;n de g&eacute;nero, no podemos  pretender revoluciones a medias, revoluciones para liberar por mitades.  Es necesario cuestionar y acabar con el sometimiento de la mujer por el  poder existente, expresado en el dominio tanto del espacio privado como  del p&uacute;blico. Los modelos impuestos de lo femenino y lo masculino no son  cuestiones naturales determinadas por nuestros &oacute;rganos genitales; son  roles que nos han obligado a ejercer, esto es un impedimento m&aacute;s en el  intento de decidir libremente c&oacute;mo queremos vivir y relacionarnos entre  las personas.<\/p>\n<p>Con esto no queremos decir que tanto los hombres como las mujeres han  sufrido igual opresi&oacute;n dentro de sus roles de g&eacute;nero, s&oacute;lo queremos  hacer notar que este modelo patriarcal nos condiciona a tod@s, y que la  libertad real no est&aacute; en afirmar una nueva masculinidad &laquo;m&aacute;s amable&raquo; y\/o  una feminidad m&aacute;s activa, sino que est&aacute; por fuera de estos modelos,  siendo individualidades libres y aut&oacute;nomas.<\/p>\n<p>Esto no es una tarea terap&eacute;utica, sino una revuelta insolente, que surge  desde nuestra fuerza y nuestra negativa a retroceder. Si nuestro deseo  es destruir toda dominaci&oacute;n, entonces es necesario que nos movamos m&aacute;s  all&aacute; de todo lo que nos esclaviza.<\/p>\n","protected":false},"excerpt":{"rendered":"<p><strong>Visionaria Insumisa Rebelde (Uni\u00f3n Trabajadoras Aut\u00f3nomas), Peggy Kornegger, Anarquistas Rosario<\/strong><br \/>\n2014102800015 &#8211; La Neurosis o Las Barricadas &#8211; 2013 &#8211; 27 p\u00e1ginas \/orri.<\/p>\n","protected":false},"featured_media":10121,"template":"","meta":[],"product_brand":[],"product_cat":[174,166],"product_tag":[5236,714,5235,5234],"class_list":{"0":"post-10107","1":"product","2":"type-product","3":"status-publish","4":"has-post-thumbnail","6":"product_cat-generoak-generos","7":"product_cat-panfletos-panfletoak","8":"product_tag-anarquistas-rosario","9":"product_tag-la-neurosis-o-las-barricadas","10":"product_tag-peggy-kornegger","11":"product_tag-visionaria-insumisa-rebelde-union-trabajadoras-autonomas","13":"first","14":"instock","15":"sold-individually","16":"shipping-taxable","17":"purchasable","18":"product-type-simple"},"yoast_head":"<!-- This site is optimized with the Yoast SEO plugin v27.3 - https:\/\/yoast.com\/product\/yoast-seo-wordpress\/ -->\n<title>Genero y anarquismo. Un acercamiento a las relaciones entre g\u00e9nero y dominaci\u00f3n.... &#8212; Zapateneo<\/title>\n<meta name=\"robots\" content=\"index, follow, max-snippet:-1, max-image-preview:large, max-video-preview:-1\" \/>\n<link rel=\"canonical\" href=\"https:\/\/zapateneo.net\/wordpress\/index.php\/producto\/genero-y-anarquismo-un-acercamiento-a-las-relaciones-entre-genero-y-dominacion\/\" \/>\n<meta property=\"og:locale\" content=\"es_ES\" \/>\n<meta property=\"og:type\" content=\"article\" \/>\n<meta property=\"og:title\" content=\"Genero y anarquismo. Un acercamiento a las relaciones entre g\u00e9nero y dominaci\u00f3n.... &#8212; Zapateneo\" \/>\n<meta property=\"og:description\" content=\"Visionaria Insumisa Rebelde (Uni\u00f3n Trabajadoras Aut\u00f3nomas), Peggy Kornegger, Anarquistas Rosario 2014102800015 - La Neurosis o Las Barricadas - 2013 - 27 p\u00e1ginas \/orri.\" \/>\n<meta property=\"og:url\" content=\"https:\/\/zapateneo.net\/wordpress\/index.php\/producto\/genero-y-anarquismo-un-acercamiento-a-las-relaciones-entre-genero-y-dominacion\/\" \/>\n<meta property=\"og:site_name\" content=\"Zapateneo\" \/>\n<meta property=\"article:modified_time\" content=\"2021-12-20T16:58:39+00:00\" \/>\n<meta property=\"og:image\" content=\"https:\/\/zapateneo.net\/wordpress\/wp-content\/uploads\/2021\/12\/gnero-y-anarquismo.jpg\" \/>\n\t<meta property=\"og:image:width\" content=\"269\" \/>\n\t<meta property=\"og:image:height\" content=\"400\" \/>\n\t<meta property=\"og:image:type\" content=\"image\/jpeg\" \/>\n<meta name=\"twitter:card\" content=\"summary_large_image\" \/>\n<meta name=\"twitter:site\" content=\"@zapateneo\" \/>\n<meta name=\"twitter:label1\" content=\"Tiempo de lectura\" \/>\n\t<meta name=\"twitter:data1\" content=\"1 minuto\" \/>\n<script type=\"application\/ld+json\" class=\"yoast-schema-graph\">{\"@context\":\"https:\\\/\\\/schema.org\",\"@graph\":[{\"@type\":\"WebPage\",\"@id\":\"https:\\\/\\\/zapateneo.net\\\/wordpress\\\/index.php\\\/producto\\\/genero-y-anarquismo-un-acercamiento-a-las-relaciones-entre-genero-y-dominacion\\\/\",\"url\":\"https:\\\/\\\/zapateneo.net\\\/wordpress\\\/index.php\\\/producto\\\/genero-y-anarquismo-un-acercamiento-a-las-relaciones-entre-genero-y-dominacion\\\/\",\"name\":\"Genero y anarquismo. Un acercamiento a las relaciones entre g\u00e9nero y dominaci\u00f3n.... &#8212; Zapateneo\",\"isPartOf\":{\"@id\":\"https:\\\/\\\/zapateneo.net\\\/wordpress\\\/#website\"},\"primaryImageOfPage\":{\"@id\":\"https:\\\/\\\/zapateneo.net\\\/wordpress\\\/index.php\\\/producto\\\/genero-y-anarquismo-un-acercamiento-a-las-relaciones-entre-genero-y-dominacion\\\/#primaryimage\"},\"image\":{\"@id\":\"https:\\\/\\\/zapateneo.net\\\/wordpress\\\/index.php\\\/producto\\\/genero-y-anarquismo-un-acercamiento-a-las-relaciones-entre-genero-y-dominacion\\\/#primaryimage\"},\"thumbnailUrl\":\"https:\\\/\\\/zapateneo.net\\\/wordpress\\\/wp-content\\\/uploads\\\/2021\\\/12\\\/gnero-y-anarquismo.jpg\",\"datePublished\":\"2021-11-20T16:23:00+00:00\",\"dateModified\":\"2021-12-20T16:58:39+00:00\",\"breadcrumb\":{\"@id\":\"https:\\\/\\\/zapateneo.net\\\/wordpress\\\/index.php\\\/producto\\\/genero-y-anarquismo-un-acercamiento-a-las-relaciones-entre-genero-y-dominacion\\\/#breadcrumb\"},\"inLanguage\":\"es\",\"potentialAction\":[{\"@type\":\"ReadAction\",\"target\":[\"https:\\\/\\\/zapateneo.net\\\/wordpress\\\/index.php\\\/producto\\\/genero-y-anarquismo-un-acercamiento-a-las-relaciones-entre-genero-y-dominacion\\\/\"]}]},{\"@type\":\"ImageObject\",\"inLanguage\":\"es\",\"@id\":\"https:\\\/\\\/zapateneo.net\\\/wordpress\\\/index.php\\\/producto\\\/genero-y-anarquismo-un-acercamiento-a-las-relaciones-entre-genero-y-dominacion\\\/#primaryimage\",\"url\":\"https:\\\/\\\/zapateneo.net\\\/wordpress\\\/wp-content\\\/uploads\\\/2021\\\/12\\\/gnero-y-anarquismo.jpg\",\"contentUrl\":\"https:\\\/\\\/zapateneo.net\\\/wordpress\\\/wp-content\\\/uploads\\\/2021\\\/12\\\/gnero-y-anarquismo.jpg\",\"width\":269,\"height\":400},{\"@type\":\"BreadcrumbList\",\"@id\":\"https:\\\/\\\/zapateneo.net\\\/wordpress\\\/index.php\\\/producto\\\/genero-y-anarquismo-un-acercamiento-a-las-relaciones-entre-genero-y-dominacion\\\/#breadcrumb\",\"itemListElement\":[{\"@type\":\"ListItem\",\"position\":1,\"name\":\"Portada\",\"item\":\"https:\\\/\\\/zapateneo.net\\\/wordpress\\\/\"},{\"@type\":\"ListItem\",\"position\":2,\"name\":\"Tienda\",\"item\":\"https:\\\/\\\/zapateneo.net\\\/wordpress\\\/\"},{\"@type\":\"ListItem\",\"position\":3,\"name\":\"Genero y anarquismo. Un acercamiento a las relaciones entre g\u00e9nero y dominaci\u00f3n&#8230;.\"}]},{\"@type\":\"WebSite\",\"@id\":\"https:\\\/\\\/zapateneo.net\\\/wordpress\\\/#website\",\"url\":\"https:\\\/\\\/zapateneo.net\\\/wordpress\\\/\",\"name\":\"Zapateneo\",\"description\":\"Zapateneoaren webgunea\",\"publisher\":{\"@id\":\"https:\\\/\\\/zapateneo.net\\\/wordpress\\\/#organization\"},\"potentialAction\":[{\"@type\":\"SearchAction\",\"target\":{\"@type\":\"EntryPoint\",\"urlTemplate\":\"https:\\\/\\\/zapateneo.net\\\/wordpress\\\/?s={search_term_string}\"},\"query-input\":{\"@type\":\"PropertyValueSpecification\",\"valueRequired\":true,\"valueName\":\"search_term_string\"}}],\"inLanguage\":\"es\"},{\"@type\":\"Organization\",\"@id\":\"https:\\\/\\\/zapateneo.net\\\/wordpress\\\/#organization\",\"name\":\"Zapateneo Kultur Elkartea\",\"url\":\"https:\\\/\\\/zapateneo.net\\\/wordpress\\\/\",\"logo\":{\"@type\":\"ImageObject\",\"inLanguage\":\"es\",\"@id\":\"https:\\\/\\\/zapateneo.net\\\/wordpress\\\/#\\\/schema\\\/logo\\\/image\\\/\",\"url\":\"https:\\\/\\\/zapateneo.net\\\/wordpress\\\/wp-content\\\/uploads\\\/2021\\\/04\\\/zap-libu-kolec.jpg\",\"contentUrl\":\"https:\\\/\\\/zapateneo.net\\\/wordpress\\\/wp-content\\\/uploads\\\/2021\\\/04\\\/zap-libu-kolec.jpg\",\"width\":2234,\"height\":398,\"caption\":\"Zapateneo Kultur Elkartea\"},\"image\":{\"@id\":\"https:\\\/\\\/zapateneo.net\\\/wordpress\\\/#\\\/schema\\\/logo\\\/image\\\/\"},\"sameAs\":[\"https:\\\/\\\/x.com\\\/zapateneo\"]}]}<\/script>\n<!-- \/ Yoast SEO plugin. -->","yoast_head_json":{"title":"Genero y anarquismo. Un acercamiento a las relaciones entre g\u00e9nero y dominaci\u00f3n.... &#8212; Zapateneo","robots":{"index":"index","follow":"follow","max-snippet":"max-snippet:-1","max-image-preview":"max-image-preview:large","max-video-preview":"max-video-preview:-1"},"canonical":"https:\/\/zapateneo.net\/wordpress\/index.php\/producto\/genero-y-anarquismo-un-acercamiento-a-las-relaciones-entre-genero-y-dominacion\/","og_locale":"es_ES","og_type":"article","og_title":"Genero y anarquismo. Un acercamiento a las relaciones entre g\u00e9nero y dominaci\u00f3n.... &#8212; Zapateneo","og_description":"Visionaria Insumisa Rebelde (Uni\u00f3n Trabajadoras Aut\u00f3nomas), Peggy Kornegger, Anarquistas Rosario 2014102800015 - La Neurosis o Las Barricadas - 2013 - 27 p\u00e1ginas \/orri.","og_url":"https:\/\/zapateneo.net\/wordpress\/index.php\/producto\/genero-y-anarquismo-un-acercamiento-a-las-relaciones-entre-genero-y-dominacion\/","og_site_name":"Zapateneo","article_modified_time":"2021-12-20T16:58:39+00:00","og_image":[{"width":269,"height":400,"url":"https:\/\/zapateneo.net\/wordpress\/wp-content\/uploads\/2021\/12\/gnero-y-anarquismo.jpg","type":"image\/jpeg"}],"twitter_card":"summary_large_image","twitter_site":"@zapateneo","twitter_misc":{"Tiempo de lectura":"1 minuto"},"schema":{"@context":"https:\/\/schema.org","@graph":[{"@type":"WebPage","@id":"https:\/\/zapateneo.net\/wordpress\/index.php\/producto\/genero-y-anarquismo-un-acercamiento-a-las-relaciones-entre-genero-y-dominacion\/","url":"https:\/\/zapateneo.net\/wordpress\/index.php\/producto\/genero-y-anarquismo-un-acercamiento-a-las-relaciones-entre-genero-y-dominacion\/","name":"Genero y anarquismo. Un acercamiento a las relaciones entre g\u00e9nero y dominaci\u00f3n.... &#8212; Zapateneo","isPartOf":{"@id":"https:\/\/zapateneo.net\/wordpress\/#website"},"primaryImageOfPage":{"@id":"https:\/\/zapateneo.net\/wordpress\/index.php\/producto\/genero-y-anarquismo-un-acercamiento-a-las-relaciones-entre-genero-y-dominacion\/#primaryimage"},"image":{"@id":"https:\/\/zapateneo.net\/wordpress\/index.php\/producto\/genero-y-anarquismo-un-acercamiento-a-las-relaciones-entre-genero-y-dominacion\/#primaryimage"},"thumbnailUrl":"https:\/\/zapateneo.net\/wordpress\/wp-content\/uploads\/2021\/12\/gnero-y-anarquismo.jpg","datePublished":"2021-11-20T16:23:00+00:00","dateModified":"2021-12-20T16:58:39+00:00","breadcrumb":{"@id":"https:\/\/zapateneo.net\/wordpress\/index.php\/producto\/genero-y-anarquismo-un-acercamiento-a-las-relaciones-entre-genero-y-dominacion\/#breadcrumb"},"inLanguage":"es","potentialAction":[{"@type":"ReadAction","target":["https:\/\/zapateneo.net\/wordpress\/index.php\/producto\/genero-y-anarquismo-un-acercamiento-a-las-relaciones-entre-genero-y-dominacion\/"]}]},{"@type":"ImageObject","inLanguage":"es","@id":"https:\/\/zapateneo.net\/wordpress\/index.php\/producto\/genero-y-anarquismo-un-acercamiento-a-las-relaciones-entre-genero-y-dominacion\/#primaryimage","url":"https:\/\/zapateneo.net\/wordpress\/wp-content\/uploads\/2021\/12\/gnero-y-anarquismo.jpg","contentUrl":"https:\/\/zapateneo.net\/wordpress\/wp-content\/uploads\/2021\/12\/gnero-y-anarquismo.jpg","width":269,"height":400},{"@type":"BreadcrumbList","@id":"https:\/\/zapateneo.net\/wordpress\/index.php\/producto\/genero-y-anarquismo-un-acercamiento-a-las-relaciones-entre-genero-y-dominacion\/#breadcrumb","itemListElement":[{"@type":"ListItem","position":1,"name":"Portada","item":"https:\/\/zapateneo.net\/wordpress\/"},{"@type":"ListItem","position":2,"name":"Tienda","item":"https:\/\/zapateneo.net\/wordpress\/"},{"@type":"ListItem","position":3,"name":"Genero y anarquismo. Un acercamiento a las relaciones entre g\u00e9nero y dominaci\u00f3n&#8230;."}]},{"@type":"WebSite","@id":"https:\/\/zapateneo.net\/wordpress\/#website","url":"https:\/\/zapateneo.net\/wordpress\/","name":"Zapateneo","description":"Zapateneoaren webgunea","publisher":{"@id":"https:\/\/zapateneo.net\/wordpress\/#organization"},"potentialAction":[{"@type":"SearchAction","target":{"@type":"EntryPoint","urlTemplate":"https:\/\/zapateneo.net\/wordpress\/?s={search_term_string}"},"query-input":{"@type":"PropertyValueSpecification","valueRequired":true,"valueName":"search_term_string"}}],"inLanguage":"es"},{"@type":"Organization","@id":"https:\/\/zapateneo.net\/wordpress\/#organization","name":"Zapateneo Kultur Elkartea","url":"https:\/\/zapateneo.net\/wordpress\/","logo":{"@type":"ImageObject","inLanguage":"es","@id":"https:\/\/zapateneo.net\/wordpress\/#\/schema\/logo\/image\/","url":"https:\/\/zapateneo.net\/wordpress\/wp-content\/uploads\/2021\/04\/zap-libu-kolec.jpg","contentUrl":"https:\/\/zapateneo.net\/wordpress\/wp-content\/uploads\/2021\/04\/zap-libu-kolec.jpg","width":2234,"height":398,"caption":"Zapateneo Kultur Elkartea"},"image":{"@id":"https:\/\/zapateneo.net\/wordpress\/#\/schema\/logo\/image\/"},"sameAs":["https:\/\/x.com\/zapateneo"]}]}},"_links":{"self":[{"href":"https:\/\/zapateneo.net\/wordpress\/index.php\/wp-json\/wp\/v2\/product\/10107","targetHints":{"allow":["GET"]}}],"collection":[{"href":"https:\/\/zapateneo.net\/wordpress\/index.php\/wp-json\/wp\/v2\/product"}],"about":[{"href":"https:\/\/zapateneo.net\/wordpress\/index.php\/wp-json\/wp\/v2\/types\/product"}],"wp:featuredmedia":[{"embeddable":true,"href":"https:\/\/zapateneo.net\/wordpress\/index.php\/wp-json\/wp\/v2\/media\/10121"}],"wp:attachment":[{"href":"https:\/\/zapateneo.net\/wordpress\/index.php\/wp-json\/wp\/v2\/media?parent=10107"}],"wp:term":[{"taxonomy":"product_brand","embeddable":true,"href":"https:\/\/zapateneo.net\/wordpress\/index.php\/wp-json\/wp\/v2\/product_brand?post=10107"},{"taxonomy":"product_cat","embeddable":true,"href":"https:\/\/zapateneo.net\/wordpress\/index.php\/wp-json\/wp\/v2\/product_cat?post=10107"},{"taxonomy":"product_tag","embeddable":true,"href":"https:\/\/zapateneo.net\/wordpress\/index.php\/wp-json\/wp\/v2\/product_tag?post=10107"}],"curies":[{"name":"wp","href":"https:\/\/api.w.org\/{rel}","templated":true}]}}