{"id":10069,"date":"2021-11-20T17:22:39","date_gmt":"2021-11-20T16:22:39","guid":{"rendered":"https:\/\/zapateneo.net\/wordpress\/?post_type=product&#038;p=10069"},"modified":"2021-12-20T17:59:07","modified_gmt":"2021-12-20T16:59:07","slug":"dios-y-los-anarquistas","status":"publish","type":"product","link":"https:\/\/zapateneo.net\/wordpress\/index.php\/producto\/dios-y-los-anarquistas\/","title":{"rendered":"Dios y los anarquistas"},"content":{"rendered":"<p>Dios y los anarquistas es el s\u00e9ptimo n\u00famero de Minianarquismos (cl\u00e1sicos) con textos de Johan Most, Emma Goldmann y \u00c9lisee Reclus.<\/p>\n<p>Durante d\u00e9cadas la Iglesia y su gente ha difundido la idea de que los anarquistas en sus ratos libres violan monjas y comen ni\u00f1os. Intuimos que las\/os anarquistas no estamos a la altura de nuestra fama, pero para que las y los lectores de todos los gustos saquen sus propias conclusiones hemos decidido seleccionar una serie de textos cl\u00e1sicos para que las mentes inquietas puedan corroborar las siempre tensas relaciones entre la religi\u00f3n y los anarquistas.<\/p>\n<p>\u2014-<\/p>\n<p>Introducci\u00f3n<br \/>\nHay que reconocer que las ideas y la historia del anarquismo no son muy conocidas entre el com\u00fan de los mortales e, incluso, creemos no equivocarnos si decimos que ese desconocimiento del anarquismo se mezcla con prejuicios y tergiversaciones de todo tipo, gracias, sobre todo, a los diferentes medios de difusi\u00f3n (la prensa o las instituciones acad\u00e9micas, por ejemplo) de las ideas de las clases dominantes.<\/p>\n<p>Puede que la mayor\u00eda de la gente con la que te cruces por la calle sepa poco o nada sobre las ideas y la historia del anarquismo pero es casi seguro que sabr\u00e1 que detr\u00e1s de todo\/a anarquista hay un come-curas. Esta idea tan arraigada tiene su raz\u00f3n de ser y es que el anarquismo desde sus or\u00edgenes ha tenido un fuerte componente anticlerical que ha traspasado la cr\u00edtica a las instituciones eclesi\u00e1sticas para criticar directamente la idea de la existencia de un dios que representa la idea de encarnaci\u00f3n de la m\u00e1xima figura de autoridad que una sociedad humana puede concebir. Es por esto que no es raro encontrar a quienes se\u00f1alan que los\/as anarquistas no son ateos sino que son anti-teos (antidios) pues su cr\u00edtica va m\u00e1s all\u00e1 del anticlericalismo hist\u00f3rico occidental: no se critica s\u00f3lo a las instituciones religiosas por sus ruindades e incoherencias, no se critica s\u00f3lo la superstici\u00f3n sobre la que se asienta la idea de la existencia de un dios con su m\u00e1s all\u00e1 y tal sino que se ataca la idea religiosa en s\u00ed misma por cuanto sirve para normalizar en la sociedad la existencia de una jerarqu\u00eda del que Dios representa el m\u00e1ximo exponente.<\/p>\n<p>No obstante y pese a que los anarquistas siempre se han declarado enemigos de toda instituci\u00f3n coercitiva, debemos decir que de forma interesada se ha difundido una fama que asocia anarquismo a violencia anticlerical de forma simplista y manipulada.<\/p>\n<p>El primer punto que habr\u00eda que se\u00f1alar, respecto a ese asunto, es que el movimiento anarquista ha sido tan diverso y\u2026<\/p>\n","protected":false},"excerpt":{"rendered":"<p><strong>Johan Most, Emma Goldmann, \u00c9lisee Reclus<\/strong><br \/>\n2014102800022 &#8211; La Neurosis o Las Barricadas &#8211; 2013 &#8211; 32 p\u00e1ginas \/orri.<\/p>\n","protected":false},"featured_media":10089,"template":"","meta":[],"product_brand":[],"product_cat":[1868,166],"product_tag":[5215,5214,5213,714],"class_list":{"0":"post-10069","1":"product","2":"type-product","3":"status-publish","4":"has-post-thumbnail","6":"product_cat-anarkismoa-anarquismo","7":"product_cat-panfletos-panfletoak","8":"product_tag-elisee-reclus","9":"product_tag-emma-goldmann","10":"product_tag-johan-most","11":"product_tag-la-neurosis-o-las-barricadas","13":"first","14":"instock","15":"sold-individually","16":"shipping-taxable","17":"purchasable","18":"product-type-simple"},"yoast_head":"<!-- This site is optimized with the Yoast SEO plugin v27.3 - https:\/\/yoast.com\/product\/yoast-seo-wordpress\/ -->\n<title>Dios y los anarquistas &#8212; Zapateneo<\/title>\n<meta name=\"robots\" content=\"index, follow, max-snippet:-1, max-image-preview:large, max-video-preview:-1\" \/>\n<link rel=\"canonical\" href=\"https:\/\/zapateneo.net\/wordpress\/index.php\/producto\/dios-y-los-anarquistas\/\" \/>\n<meta property=\"og:locale\" content=\"es_ES\" \/>\n<meta property=\"og:type\" content=\"article\" \/>\n<meta property=\"og:title\" content=\"Dios y los anarquistas &#8212; Zapateneo\" \/>\n<meta property=\"og:description\" content=\"Johan Most, Emma Goldmann, \u00c9lisee Reclus 2014102800022 - La Neurosis o Las Barricadas - 2013 - 32 p\u00e1ginas \/orri.\" \/>\n<meta property=\"og:url\" content=\"https:\/\/zapateneo.net\/wordpress\/index.php\/producto\/dios-y-los-anarquistas\/\" \/>\n<meta property=\"og:site_name\" content=\"Zapateneo\" \/>\n<meta property=\"article:modified_time\" content=\"2021-12-20T16:59:07+00:00\" \/>\n<meta property=\"og:image\" content=\"https:\/\/zapateneo.net\/wordpress\/wp-content\/uploads\/2021\/12\/dios-y-los-anrkistas.jpg\" \/>\n\t<meta property=\"og:image:width\" content=\"250\" \/>\n\t<meta property=\"og:image:height\" content=\"394\" \/>\n\t<meta property=\"og:image:type\" content=\"image\/jpeg\" \/>\n<meta name=\"twitter:card\" content=\"summary_large_image\" \/>\n<meta name=\"twitter:site\" content=\"@zapateneo\" \/>\n<meta name=\"twitter:label1\" content=\"Tiempo de lectura\" \/>\n\t<meta name=\"twitter:data1\" content=\"2 minutos\" \/>\n<script type=\"application\/ld+json\" class=\"yoast-schema-graph\">{\"@context\":\"https:\\\/\\\/schema.org\",\"@graph\":[{\"@type\":\"WebPage\",\"@id\":\"https:\\\/\\\/zapateneo.net\\\/wordpress\\\/index.php\\\/producto\\\/dios-y-los-anarquistas\\\/\",\"url\":\"https:\\\/\\\/zapateneo.net\\\/wordpress\\\/index.php\\\/producto\\\/dios-y-los-anarquistas\\\/\",\"name\":\"Dios y los anarquistas &#8212; Zapateneo\",\"isPartOf\":{\"@id\":\"https:\\\/\\\/zapateneo.net\\\/wordpress\\\/#website\"},\"primaryImageOfPage\":{\"@id\":\"https:\\\/\\\/zapateneo.net\\\/wordpress\\\/index.php\\\/producto\\\/dios-y-los-anarquistas\\\/#primaryimage\"},\"image\":{\"@id\":\"https:\\\/\\\/zapateneo.net\\\/wordpress\\\/index.php\\\/producto\\\/dios-y-los-anarquistas\\\/#primaryimage\"},\"thumbnailUrl\":\"https:\\\/\\\/zapateneo.net\\\/wordpress\\\/wp-content\\\/uploads\\\/2021\\\/12\\\/dios-y-los-anrkistas.jpg\",\"datePublished\":\"2021-11-20T16:22:39+00:00\",\"dateModified\":\"2021-12-20T16:59:07+00:00\",\"breadcrumb\":{\"@id\":\"https:\\\/\\\/zapateneo.net\\\/wordpress\\\/index.php\\\/producto\\\/dios-y-los-anarquistas\\\/#breadcrumb\"},\"inLanguage\":\"es\",\"potentialAction\":[{\"@type\":\"ReadAction\",\"target\":[\"https:\\\/\\\/zapateneo.net\\\/wordpress\\\/index.php\\\/producto\\\/dios-y-los-anarquistas\\\/\"]}]},{\"@type\":\"ImageObject\",\"inLanguage\":\"es\",\"@id\":\"https:\\\/\\\/zapateneo.net\\\/wordpress\\\/index.php\\\/producto\\\/dios-y-los-anarquistas\\\/#primaryimage\",\"url\":\"https:\\\/\\\/zapateneo.net\\\/wordpress\\\/wp-content\\\/uploads\\\/2021\\\/12\\\/dios-y-los-anrkistas.jpg\",\"contentUrl\":\"https:\\\/\\\/zapateneo.net\\\/wordpress\\\/wp-content\\\/uploads\\\/2021\\\/12\\\/dios-y-los-anrkistas.jpg\",\"width\":250,\"height\":394},{\"@type\":\"BreadcrumbList\",\"@id\":\"https:\\\/\\\/zapateneo.net\\\/wordpress\\\/index.php\\\/producto\\\/dios-y-los-anarquistas\\\/#breadcrumb\",\"itemListElement\":[{\"@type\":\"ListItem\",\"position\":1,\"name\":\"Portada\",\"item\":\"https:\\\/\\\/zapateneo.net\\\/wordpress\\\/\"},{\"@type\":\"ListItem\",\"position\":2,\"name\":\"Tienda\",\"item\":\"https:\\\/\\\/zapateneo.net\\\/wordpress\\\/\"},{\"@type\":\"ListItem\",\"position\":3,\"name\":\"Dios y los anarquistas\"}]},{\"@type\":\"WebSite\",\"@id\":\"https:\\\/\\\/zapateneo.net\\\/wordpress\\\/#website\",\"url\":\"https:\\\/\\\/zapateneo.net\\\/wordpress\\\/\",\"name\":\"Zapateneo\",\"description\":\"Zapateneoaren webgunea\",\"publisher\":{\"@id\":\"https:\\\/\\\/zapateneo.net\\\/wordpress\\\/#organization\"},\"potentialAction\":[{\"@type\":\"SearchAction\",\"target\":{\"@type\":\"EntryPoint\",\"urlTemplate\":\"https:\\\/\\\/zapateneo.net\\\/wordpress\\\/?s={search_term_string}\"},\"query-input\":{\"@type\":\"PropertyValueSpecification\",\"valueRequired\":true,\"valueName\":\"search_term_string\"}}],\"inLanguage\":\"es\"},{\"@type\":\"Organization\",\"@id\":\"https:\\\/\\\/zapateneo.net\\\/wordpress\\\/#organization\",\"name\":\"Zapateneo Kultur Elkartea\",\"url\":\"https:\\\/\\\/zapateneo.net\\\/wordpress\\\/\",\"logo\":{\"@type\":\"ImageObject\",\"inLanguage\":\"es\",\"@id\":\"https:\\\/\\\/zapateneo.net\\\/wordpress\\\/#\\\/schema\\\/logo\\\/image\\\/\",\"url\":\"https:\\\/\\\/zapateneo.net\\\/wordpress\\\/wp-content\\\/uploads\\\/2021\\\/04\\\/zap-libu-kolec.jpg\",\"contentUrl\":\"https:\\\/\\\/zapateneo.net\\\/wordpress\\\/wp-content\\\/uploads\\\/2021\\\/04\\\/zap-libu-kolec.jpg\",\"width\":2234,\"height\":398,\"caption\":\"Zapateneo Kultur Elkartea\"},\"image\":{\"@id\":\"https:\\\/\\\/zapateneo.net\\\/wordpress\\\/#\\\/schema\\\/logo\\\/image\\\/\"},\"sameAs\":[\"https:\\\/\\\/x.com\\\/zapateneo\"]}]}<\/script>\n<!-- \/ Yoast SEO plugin. -->","yoast_head_json":{"title":"Dios y los anarquistas &#8212; Zapateneo","robots":{"index":"index","follow":"follow","max-snippet":"max-snippet:-1","max-image-preview":"max-image-preview:large","max-video-preview":"max-video-preview:-1"},"canonical":"https:\/\/zapateneo.net\/wordpress\/index.php\/producto\/dios-y-los-anarquistas\/","og_locale":"es_ES","og_type":"article","og_title":"Dios y los anarquistas &#8212; Zapateneo","og_description":"Johan Most, Emma Goldmann, \u00c9lisee Reclus 2014102800022 - La Neurosis o Las Barricadas - 2013 - 32 p\u00e1ginas \/orri.","og_url":"https:\/\/zapateneo.net\/wordpress\/index.php\/producto\/dios-y-los-anarquistas\/","og_site_name":"Zapateneo","article_modified_time":"2021-12-20T16:59:07+00:00","og_image":[{"width":250,"height":394,"url":"https:\/\/zapateneo.net\/wordpress\/wp-content\/uploads\/2021\/12\/dios-y-los-anrkistas.jpg","type":"image\/jpeg"}],"twitter_card":"summary_large_image","twitter_site":"@zapateneo","twitter_misc":{"Tiempo de lectura":"2 minutos"},"schema":{"@context":"https:\/\/schema.org","@graph":[{"@type":"WebPage","@id":"https:\/\/zapateneo.net\/wordpress\/index.php\/producto\/dios-y-los-anarquistas\/","url":"https:\/\/zapateneo.net\/wordpress\/index.php\/producto\/dios-y-los-anarquistas\/","name":"Dios y los anarquistas &#8212; Zapateneo","isPartOf":{"@id":"https:\/\/zapateneo.net\/wordpress\/#website"},"primaryImageOfPage":{"@id":"https:\/\/zapateneo.net\/wordpress\/index.php\/producto\/dios-y-los-anarquistas\/#primaryimage"},"image":{"@id":"https:\/\/zapateneo.net\/wordpress\/index.php\/producto\/dios-y-los-anarquistas\/#primaryimage"},"thumbnailUrl":"https:\/\/zapateneo.net\/wordpress\/wp-content\/uploads\/2021\/12\/dios-y-los-anrkistas.jpg","datePublished":"2021-11-20T16:22:39+00:00","dateModified":"2021-12-20T16:59:07+00:00","breadcrumb":{"@id":"https:\/\/zapateneo.net\/wordpress\/index.php\/producto\/dios-y-los-anarquistas\/#breadcrumb"},"inLanguage":"es","potentialAction":[{"@type":"ReadAction","target":["https:\/\/zapateneo.net\/wordpress\/index.php\/producto\/dios-y-los-anarquistas\/"]}]},{"@type":"ImageObject","inLanguage":"es","@id":"https:\/\/zapateneo.net\/wordpress\/index.php\/producto\/dios-y-los-anarquistas\/#primaryimage","url":"https:\/\/zapateneo.net\/wordpress\/wp-content\/uploads\/2021\/12\/dios-y-los-anrkistas.jpg","contentUrl":"https:\/\/zapateneo.net\/wordpress\/wp-content\/uploads\/2021\/12\/dios-y-los-anrkistas.jpg","width":250,"height":394},{"@type":"BreadcrumbList","@id":"https:\/\/zapateneo.net\/wordpress\/index.php\/producto\/dios-y-los-anarquistas\/#breadcrumb","itemListElement":[{"@type":"ListItem","position":1,"name":"Portada","item":"https:\/\/zapateneo.net\/wordpress\/"},{"@type":"ListItem","position":2,"name":"Tienda","item":"https:\/\/zapateneo.net\/wordpress\/"},{"@type":"ListItem","position":3,"name":"Dios y los anarquistas"}]},{"@type":"WebSite","@id":"https:\/\/zapateneo.net\/wordpress\/#website","url":"https:\/\/zapateneo.net\/wordpress\/","name":"Zapateneo","description":"Zapateneoaren webgunea","publisher":{"@id":"https:\/\/zapateneo.net\/wordpress\/#organization"},"potentialAction":[{"@type":"SearchAction","target":{"@type":"EntryPoint","urlTemplate":"https:\/\/zapateneo.net\/wordpress\/?s={search_term_string}"},"query-input":{"@type":"PropertyValueSpecification","valueRequired":true,"valueName":"search_term_string"}}],"inLanguage":"es"},{"@type":"Organization","@id":"https:\/\/zapateneo.net\/wordpress\/#organization","name":"Zapateneo Kultur Elkartea","url":"https:\/\/zapateneo.net\/wordpress\/","logo":{"@type":"ImageObject","inLanguage":"es","@id":"https:\/\/zapateneo.net\/wordpress\/#\/schema\/logo\/image\/","url":"https:\/\/zapateneo.net\/wordpress\/wp-content\/uploads\/2021\/04\/zap-libu-kolec.jpg","contentUrl":"https:\/\/zapateneo.net\/wordpress\/wp-content\/uploads\/2021\/04\/zap-libu-kolec.jpg","width":2234,"height":398,"caption":"Zapateneo Kultur Elkartea"},"image":{"@id":"https:\/\/zapateneo.net\/wordpress\/#\/schema\/logo\/image\/"},"sameAs":["https:\/\/x.com\/zapateneo"]}]}},"_links":{"self":[{"href":"https:\/\/zapateneo.net\/wordpress\/index.php\/wp-json\/wp\/v2\/product\/10069","targetHints":{"allow":["GET"]}}],"collection":[{"href":"https:\/\/zapateneo.net\/wordpress\/index.php\/wp-json\/wp\/v2\/product"}],"about":[{"href":"https:\/\/zapateneo.net\/wordpress\/index.php\/wp-json\/wp\/v2\/types\/product"}],"wp:featuredmedia":[{"embeddable":true,"href":"https:\/\/zapateneo.net\/wordpress\/index.php\/wp-json\/wp\/v2\/media\/10089"}],"wp:attachment":[{"href":"https:\/\/zapateneo.net\/wordpress\/index.php\/wp-json\/wp\/v2\/media?parent=10069"}],"wp:term":[{"taxonomy":"product_brand","embeddable":true,"href":"https:\/\/zapateneo.net\/wordpress\/index.php\/wp-json\/wp\/v2\/product_brand?post=10069"},{"taxonomy":"product_cat","embeddable":true,"href":"https:\/\/zapateneo.net\/wordpress\/index.php\/wp-json\/wp\/v2\/product_cat?post=10069"},{"taxonomy":"product_tag","embeddable":true,"href":"https:\/\/zapateneo.net\/wordpress\/index.php\/wp-json\/wp\/v2\/product_tag?post=10069"}],"curies":[{"name":"wp","href":"https:\/\/api.w.org\/{rel}","templated":true}]}}