{"id":8370,"date":"2021-09-28T08:25:01","date_gmt":"2021-09-28T07:25:01","guid":{"rendered":"https:\/\/zapateneo.net\/wordpress\/?page_id=8370"},"modified":"2026-01-08T19:09:44","modified_gmt":"2026-01-08T18:09:44","slug":"como-consigo-uno-de-estos-materiales-nola-lortzen-dut-material-hautariko-bat","status":"publish","type":"page","link":"https:\/\/zapateneo.net\/wordpress\/index.php\/como-consigo-uno-de-estos-materiales-nola-lortzen-dut-material-hautariko-bat\/","title":{"rendered":"\u00bfC\u00f3mo consigo uno de estos materiales? &#8211; Nola lortzen dut material hauetariko bat?"},"content":{"rendered":"<h2>En esta web podr\u00e1s ver las actividades que organizamos, as\u00ed como todo el cat\u00e1logo disponible en el ZAPateneo. <strong>Pero no te fies ni un pelo del stock que aparece en la web ya que muchas veces no se corresponde con la realidad&#8230;<\/strong><\/h2>\n<p>En el colectivo hemos decidido no vender on-line y por eso, huyendo de automatizaciones algor\u00edtmico-deshumanizantes, hemos eliminado el apestoso carrito de la compra. Preferimos verte en persona por el ZAPateneo, y si no te es posible, puedes acudir a cualquiera de las muchas librer\u00edas asociativas y vinculadas a los movimientos sociales que cada vez se extienden m\u00e1s por los territorios.<\/p>\n<p>De todas formas, si est\u00e1s interesada en algunos de los materiales que aparecen en este cat\u00e1logo, mandanos un email a zapateneo@gmail.com y nos ponemos de acuerdo. Porque nos gusta tejer redes.<\/p>\n<hr \/>\n<div id=\"translation_text\">\n<div class=\"jumbotron-text\">\n<div class=\"row\">\n<div class=\"col-md-12 col-xs-12\"><\/div>\n<\/div>\n<div class=\"row\">\n<div class=\"col-md-12 col-xs-12\">\n<h1>Webgune honetan, antolatzen ditugun jarduerak ikusi ahal izango dituzu, baita ZAPateneon eskuragarri dagoen katalogo osoa ere. Hala ere, <strong>ez fidatu gehiegi bertan agertzen den stock-az, askoetan errealitatearekin bat ez datorrelako.<\/strong><\/h1>\n<p>Kolektiboan, on-line ez saltzea erabaki dugu, eta, horregatik, automatizazio algoritmiko-deshumanizatzaileetatik ihesiz, erosketa-gurditxo kirastua ezabatu dugu. Nahiago dugu ZAPateneotik bertatik elkar ikustea, eta ezin bazara hurbuildu, gero eta lurralde gehiagotan zabaltzen diren elkarte-liburu-denda ugarietako edozeinetara jo dezakezu.<\/p>\n<p>Dena den, katalogo honetan agertzen diren materialetako batzuetan interesa baduzu, bidali mezu elektroniko bat zapateneo@gmail.com helbidera eta ados jarriko gara. Sareak ehuntzea gustatzen zaigulako.<\/p>\n<\/div>\n<\/div>\n<\/div>\n<\/div>\n<p>&nbsp;<\/p>\n","protected":false},"excerpt":{"rendered":"<p>En esta web podr\u00e1s ver las actividades que organizamos, as\u00ed como todo el cat\u00e1logo disponible en el ZAPateneo. Pero no te fies ni un pelo del stock que aparece en la web ya que muchas veces no se corresponde con la realidad&#8230; En el colectivo hemos decidido no vender on-line y por eso, huyendo de [&hellip;]<\/p>\n","protected":false},"author":1,"featured_media":7429,"parent":0,"menu_order":0,"comment_status":"closed","ping_status":"closed","template":"","meta":{"footnotes":""},"class_list":["post-8370","page","type-page","status-publish","has-post-thumbnail","hentry"],"yoast_head":"<!-- This site is optimized with the Yoast SEO plugin v27.3 - https:\/\/yoast.com\/product\/yoast-seo-wordpress\/ -->\n<title>\u00bfC\u00f3mo consigo uno de estos materiales? - Nola lortzen dut material hauetariko bat? &#8212; Zapateneo<\/title>\n<meta name=\"robots\" content=\"index, follow, max-snippet:-1, max-image-preview:large, max-video-preview:-1\" \/>\n<link rel=\"canonical\" href=\"https:\/\/zapateneo.net\/wordpress\/index.php\/como-consigo-uno-de-estos-materiales-nola-lortzen-dut-material-hautariko-bat\/\" \/>\n<meta property=\"og:locale\" content=\"es_ES\" \/>\n<meta property=\"og:type\" content=\"article\" \/>\n<meta property=\"og:title\" content=\"\u00bfC\u00f3mo consigo uno de estos materiales? - Nola lortzen dut material hauetariko bat? &#8212; Zapateneo\" \/>\n<meta property=\"og:description\" content=\"En esta web podr\u00e1s ver las actividades que organizamos, as\u00ed como todo el cat\u00e1logo disponible en el ZAPateneo. Pero no te fies ni un pelo del stock que aparece en la web ya que muchas veces no se corresponde con la realidad&#8230; En el colectivo hemos decidido no vender on-line y por eso, huyendo de [&hellip;]\" \/>\n<meta property=\"og:url\" content=\"https:\/\/zapateneo.net\/wordpress\/index.php\/como-consigo-uno-de-estos-materiales-nola-lortzen-dut-material-hautariko-bat\/\" \/>\n<meta property=\"og:site_name\" content=\"Zapateneo\" \/>\n<meta property=\"article:modified_time\" content=\"2026-01-08T18:09:44+00:00\" \/>\n<meta property=\"og:image\" content=\"https:\/\/zapateneo.net\/wordpress\/wp-content\/uploads\/2021\/04\/cropped-zap-libu-kolec-1.jpg\" \/>\n\t<meta property=\"og:image:width\" content=\"240\" \/>\n\t<meta property=\"og:image:height\" content=\"42\" \/>\n\t<meta property=\"og:image:type\" content=\"image\/jpeg\" \/>\n<meta name=\"twitter:card\" content=\"summary_large_image\" \/>\n<meta name=\"twitter:site\" content=\"@zapateneo\" \/>\n<meta name=\"twitter:label1\" content=\"Tiempo de lectura\" \/>\n\t<meta name=\"twitter:data1\" content=\"1 minuto\" \/>\n<script type=\"application\/ld+json\" class=\"yoast-schema-graph\">{\"@context\":\"https:\\\/\\\/schema.org\",\"@graph\":[{\"@type\":\"WebPage\",\"@id\":\"https:\\\/\\\/zapateneo.net\\\/wordpress\\\/index.php\\\/como-consigo-uno-de-estos-materiales-nola-lortzen-dut-material-hautariko-bat\\\/\",\"url\":\"https:\\\/\\\/zapateneo.net\\\/wordpress\\\/index.php\\\/como-consigo-uno-de-estos-materiales-nola-lortzen-dut-material-hautariko-bat\\\/\",\"name\":\"\u00bfC\u00f3mo consigo uno de estos materiales? - Nola lortzen dut material hauetariko bat? &#8212; Zapateneo\",\"isPartOf\":{\"@id\":\"https:\\\/\\\/zapateneo.net\\\/wordpress\\\/#website\"},\"primaryImageOfPage\":{\"@id\":\"https:\\\/\\\/zapateneo.net\\\/wordpress\\\/index.php\\\/como-consigo-uno-de-estos-materiales-nola-lortzen-dut-material-hautariko-bat\\\/#primaryimage\"},\"image\":{\"@id\":\"https:\\\/\\\/zapateneo.net\\\/wordpress\\\/index.php\\\/como-consigo-uno-de-estos-materiales-nola-lortzen-dut-material-hautariko-bat\\\/#primaryimage\"},\"thumbnailUrl\":\"https:\\\/\\\/zapateneo.net\\\/wordpress\\\/wp-content\\\/uploads\\\/2021\\\/04\\\/cropped-zap-libu-kolec-1.jpg\",\"datePublished\":\"2021-09-28T07:25:01+00:00\",\"dateModified\":\"2026-01-08T18:09:44+00:00\",\"breadcrumb\":{\"@id\":\"https:\\\/\\\/zapateneo.net\\\/wordpress\\\/index.php\\\/como-consigo-uno-de-estos-materiales-nola-lortzen-dut-material-hautariko-bat\\\/#breadcrumb\"},\"inLanguage\":\"es\",\"potentialAction\":[{\"@type\":\"ReadAction\",\"target\":[\"https:\\\/\\\/zapateneo.net\\\/wordpress\\\/index.php\\\/como-consigo-uno-de-estos-materiales-nola-lortzen-dut-material-hautariko-bat\\\/\"]}]},{\"@type\":\"ImageObject\",\"inLanguage\":\"es\",\"@id\":\"https:\\\/\\\/zapateneo.net\\\/wordpress\\\/index.php\\\/como-consigo-uno-de-estos-materiales-nola-lortzen-dut-material-hautariko-bat\\\/#primaryimage\",\"url\":\"https:\\\/\\\/zapateneo.net\\\/wordpress\\\/wp-content\\\/uploads\\\/2021\\\/04\\\/cropped-zap-libu-kolec-1.jpg\",\"contentUrl\":\"https:\\\/\\\/zapateneo.net\\\/wordpress\\\/wp-content\\\/uploads\\\/2021\\\/04\\\/cropped-zap-libu-kolec-1.jpg\",\"width\":240,\"height\":42},{\"@type\":\"BreadcrumbList\",\"@id\":\"https:\\\/\\\/zapateneo.net\\\/wordpress\\\/index.php\\\/como-consigo-uno-de-estos-materiales-nola-lortzen-dut-material-hautariko-bat\\\/#breadcrumb\",\"itemListElement\":[{\"@type\":\"ListItem\",\"position\":1,\"name\":\"Portada\",\"item\":\"https:\\\/\\\/zapateneo.net\\\/wordpress\\\/\"},{\"@type\":\"ListItem\",\"position\":2,\"name\":\"\u00bfC\u00f3mo consigo uno de estos materiales? &#8211; Nola lortzen dut material hauetariko bat?\"}]},{\"@type\":\"WebSite\",\"@id\":\"https:\\\/\\\/zapateneo.net\\\/wordpress\\\/#website\",\"url\":\"https:\\\/\\\/zapateneo.net\\\/wordpress\\\/\",\"name\":\"Zapateneo\",\"description\":\"Zapateneoaren webgunea\",\"publisher\":{\"@id\":\"https:\\\/\\\/zapateneo.net\\\/wordpress\\\/#organization\"},\"potentialAction\":[{\"@type\":\"SearchAction\",\"target\":{\"@type\":\"EntryPoint\",\"urlTemplate\":\"https:\\\/\\\/zapateneo.net\\\/wordpress\\\/?s={search_term_string}\"},\"query-input\":{\"@type\":\"PropertyValueSpecification\",\"valueRequired\":true,\"valueName\":\"search_term_string\"}}],\"inLanguage\":\"es\"},{\"@type\":\"Organization\",\"@id\":\"https:\\\/\\\/zapateneo.net\\\/wordpress\\\/#organization\",\"name\":\"Zapateneo Kultur Elkartea\",\"url\":\"https:\\\/\\\/zapateneo.net\\\/wordpress\\\/\",\"logo\":{\"@type\":\"ImageObject\",\"inLanguage\":\"es\",\"@id\":\"https:\\\/\\\/zapateneo.net\\\/wordpress\\\/#\\\/schema\\\/logo\\\/image\\\/\",\"url\":\"https:\\\/\\\/zapateneo.net\\\/wordpress\\\/wp-content\\\/uploads\\\/2021\\\/04\\\/zap-libu-kolec.jpg\",\"contentUrl\":\"https:\\\/\\\/zapateneo.net\\\/wordpress\\\/wp-content\\\/uploads\\\/2021\\\/04\\\/zap-libu-kolec.jpg\",\"width\":2234,\"height\":398,\"caption\":\"Zapateneo Kultur Elkartea\"},\"image\":{\"@id\":\"https:\\\/\\\/zapateneo.net\\\/wordpress\\\/#\\\/schema\\\/logo\\\/image\\\/\"},\"sameAs\":[\"https:\\\/\\\/x.com\\\/zapateneo\"]}]}<\/script>\n<!-- \/ Yoast SEO plugin. -->","yoast_head_json":{"title":"\u00bfC\u00f3mo consigo uno de estos materiales? - Nola lortzen dut material hauetariko bat? &#8212; Zapateneo","robots":{"index":"index","follow":"follow","max-snippet":"max-snippet:-1","max-image-preview":"max-image-preview:large","max-video-preview":"max-video-preview:-1"},"canonical":"https:\/\/zapateneo.net\/wordpress\/index.php\/como-consigo-uno-de-estos-materiales-nola-lortzen-dut-material-hautariko-bat\/","og_locale":"es_ES","og_type":"article","og_title":"\u00bfC\u00f3mo consigo uno de estos materiales? - Nola lortzen dut material hauetariko bat? &#8212; Zapateneo","og_description":"En esta web podr\u00e1s ver las actividades que organizamos, as\u00ed como todo el cat\u00e1logo disponible en el ZAPateneo. Pero no te fies ni un pelo del stock que aparece en la web ya que muchas veces no se corresponde con la realidad&#8230; En el colectivo hemos decidido no vender on-line y por eso, huyendo de [&hellip;]","og_url":"https:\/\/zapateneo.net\/wordpress\/index.php\/como-consigo-uno-de-estos-materiales-nola-lortzen-dut-material-hautariko-bat\/","og_site_name":"Zapateneo","article_modified_time":"2026-01-08T18:09:44+00:00","og_image":[{"width":240,"height":42,"url":"https:\/\/zapateneo.net\/wordpress\/wp-content\/uploads\/2021\/04\/cropped-zap-libu-kolec-1.jpg","type":"image\/jpeg"}],"twitter_card":"summary_large_image","twitter_site":"@zapateneo","twitter_misc":{"Tiempo de lectura":"1 minuto"},"schema":{"@context":"https:\/\/schema.org","@graph":[{"@type":"WebPage","@id":"https:\/\/zapateneo.net\/wordpress\/index.php\/como-consigo-uno-de-estos-materiales-nola-lortzen-dut-material-hautariko-bat\/","url":"https:\/\/zapateneo.net\/wordpress\/index.php\/como-consigo-uno-de-estos-materiales-nola-lortzen-dut-material-hautariko-bat\/","name":"\u00bfC\u00f3mo consigo uno de estos materiales? - Nola lortzen dut material hauetariko bat? &#8212; Zapateneo","isPartOf":{"@id":"https:\/\/zapateneo.net\/wordpress\/#website"},"primaryImageOfPage":{"@id":"https:\/\/zapateneo.net\/wordpress\/index.php\/como-consigo-uno-de-estos-materiales-nola-lortzen-dut-material-hautariko-bat\/#primaryimage"},"image":{"@id":"https:\/\/zapateneo.net\/wordpress\/index.php\/como-consigo-uno-de-estos-materiales-nola-lortzen-dut-material-hautariko-bat\/#primaryimage"},"thumbnailUrl":"https:\/\/zapateneo.net\/wordpress\/wp-content\/uploads\/2021\/04\/cropped-zap-libu-kolec-1.jpg","datePublished":"2021-09-28T07:25:01+00:00","dateModified":"2026-01-08T18:09:44+00:00","breadcrumb":{"@id":"https:\/\/zapateneo.net\/wordpress\/index.php\/como-consigo-uno-de-estos-materiales-nola-lortzen-dut-material-hautariko-bat\/#breadcrumb"},"inLanguage":"es","potentialAction":[{"@type":"ReadAction","target":["https:\/\/zapateneo.net\/wordpress\/index.php\/como-consigo-uno-de-estos-materiales-nola-lortzen-dut-material-hautariko-bat\/"]}]},{"@type":"ImageObject","inLanguage":"es","@id":"https:\/\/zapateneo.net\/wordpress\/index.php\/como-consigo-uno-de-estos-materiales-nola-lortzen-dut-material-hautariko-bat\/#primaryimage","url":"https:\/\/zapateneo.net\/wordpress\/wp-content\/uploads\/2021\/04\/cropped-zap-libu-kolec-1.jpg","contentUrl":"https:\/\/zapateneo.net\/wordpress\/wp-content\/uploads\/2021\/04\/cropped-zap-libu-kolec-1.jpg","width":240,"height":42},{"@type":"BreadcrumbList","@id":"https:\/\/zapateneo.net\/wordpress\/index.php\/como-consigo-uno-de-estos-materiales-nola-lortzen-dut-material-hautariko-bat\/#breadcrumb","itemListElement":[{"@type":"ListItem","position":1,"name":"Portada","item":"https:\/\/zapateneo.net\/wordpress\/"},{"@type":"ListItem","position":2,"name":"\u00bfC\u00f3mo consigo uno de estos materiales? &#8211; Nola lortzen dut material hauetariko bat?"}]},{"@type":"WebSite","@id":"https:\/\/zapateneo.net\/wordpress\/#website","url":"https:\/\/zapateneo.net\/wordpress\/","name":"Zapateneo","description":"Zapateneoaren webgunea","publisher":{"@id":"https:\/\/zapateneo.net\/wordpress\/#organization"},"potentialAction":[{"@type":"SearchAction","target":{"@type":"EntryPoint","urlTemplate":"https:\/\/zapateneo.net\/wordpress\/?s={search_term_string}"},"query-input":{"@type":"PropertyValueSpecification","valueRequired":true,"valueName":"search_term_string"}}],"inLanguage":"es"},{"@type":"Organization","@id":"https:\/\/zapateneo.net\/wordpress\/#organization","name":"Zapateneo Kultur Elkartea","url":"https:\/\/zapateneo.net\/wordpress\/","logo":{"@type":"ImageObject","inLanguage":"es","@id":"https:\/\/zapateneo.net\/wordpress\/#\/schema\/logo\/image\/","url":"https:\/\/zapateneo.net\/wordpress\/wp-content\/uploads\/2021\/04\/zap-libu-kolec.jpg","contentUrl":"https:\/\/zapateneo.net\/wordpress\/wp-content\/uploads\/2021\/04\/zap-libu-kolec.jpg","width":2234,"height":398,"caption":"Zapateneo Kultur Elkartea"},"image":{"@id":"https:\/\/zapateneo.net\/wordpress\/#\/schema\/logo\/image\/"},"sameAs":["https:\/\/x.com\/zapateneo"]}]}},"_links":{"self":[{"href":"https:\/\/zapateneo.net\/wordpress\/index.php\/wp-json\/wp\/v2\/pages\/8370","targetHints":{"allow":["GET"]}}],"collection":[{"href":"https:\/\/zapateneo.net\/wordpress\/index.php\/wp-json\/wp\/v2\/pages"}],"about":[{"href":"https:\/\/zapateneo.net\/wordpress\/index.php\/wp-json\/wp\/v2\/types\/page"}],"author":[{"embeddable":true,"href":"https:\/\/zapateneo.net\/wordpress\/index.php\/wp-json\/wp\/v2\/users\/1"}],"replies":[{"embeddable":true,"href":"https:\/\/zapateneo.net\/wordpress\/index.php\/wp-json\/wp\/v2\/comments?post=8370"}],"version-history":[{"count":10,"href":"https:\/\/zapateneo.net\/wordpress\/index.php\/wp-json\/wp\/v2\/pages\/8370\/revisions"}],"predecessor-version":[{"id":16404,"href":"https:\/\/zapateneo.net\/wordpress\/index.php\/wp-json\/wp\/v2\/pages\/8370\/revisions\/16404"}],"wp:featuredmedia":[{"embeddable":true,"href":"https:\/\/zapateneo.net\/wordpress\/index.php\/wp-json\/wp\/v2\/media\/7429"}],"wp:attachment":[{"href":"https:\/\/zapateneo.net\/wordpress\/index.php\/wp-json\/wp\/v2\/media?parent=8370"}],"curies":[{"name":"wp","href":"https:\/\/api.w.org\/{rel}","templated":true}]}}