{"id":7473,"date":"2021-04-20T14:40:26","date_gmt":"2021-04-20T13:40:26","guid":{"rendered":"https:\/\/zapateneo.net\/wordpress\/?page_id=7473"},"modified":"2021-04-20T14:48:52","modified_gmt":"2021-04-20T13:48:52","slug":"nortzuk-gara-quienes-somos","status":"publish","type":"page","link":"https:\/\/zapateneo.net\/wordpress\/index.php\/nortzuk-gara-quienes-somos\/","title":{"rendered":"Nortzuk gara \u2013 Qui\u00e9nes somos"},"content":{"rendered":"<p><b>ZAPateneo Kultur Elkartea<\/b> es un proyecto contracultural, que inici\u00f3 su andadura en 2002, cuyo principal <b>objetivo<\/b> es el de <b>generar debate<\/b>, del que surjan opiniones cr\u00edticas con el mundo asfixiante que nos quieren imponer desde el poder establecido. Para ello, contamos con una <b>\u201clibrer\u00eda asociativa\u201d<\/b>; un espacio alternativo donde se pueden conseguir libros, fanzines, folletos, informes, CDs y otros materiales que, normalmente, no tienen difusi\u00f3n en la red comercial establecida. Un lugar donde encontrar todo lo publicado desde una realidad plural y cr\u00edtica, desde una perspectiva <b>aut\u00f3noma y antiautoritaria<\/b>, en diferentes campos (<i>las luchas asamblearias, la cr\u00edtica de la ciencia y la tecnolog\u00eda, feminismo y g\u00e9nero, cr\u00edtica de la burocracia, nuevas formas de acci\u00f3n pol\u00edtica y filos\u00f3fica, movimientos sociales\u2026<\/i>)<\/p>\n<p>&nbsp;<\/p>\n<p>Es <b>\u201casociativa\u201d<\/b> porque tenemos socias y socios, que se comprometen a aportar una cantidad de dinero mensualmente (la que cada una decide) que se va acumulando en una cuenta individual y de la que pueden hacer uso en cualquier momento, para adquirir los materiales que deseen. De todas formas no es necesario \u00abasociarse\u00bb para adquirir los libros o materiales que puedan interesarte. Tambi\u00e9n contamos con una <b>\u201cbiblioteca social\u201d<\/b>, con un interesante fondo de libros,libelos, fanzines y v\u00eddeos, que pueden ser consultados en el local o tomados en pr\u00e9stamo. Para poder utilizar la biblioteca es necesario \u201chacerse usuaria\u201d de la misma y para ello, como \u00fanico requisito, hay que aportar un libro (que responda a los par\u00e1metros del proyecto). Ser usuaria de la Biblioteca no supone ning\u00fan pago de cuotas. Nos adentramos, tambi\u00e9n, en el campo de la edici\u00f3n, intentando ser una <b>\u201ceditorial\u201d<\/b> sin grandes pretensiones; una opci\u00f3n para ayudar a editar materiales elaborados por personas y\/o colectivos de nuestra ciudad y\/o \u00e1mbito geogr\u00e1fico e ideol\u00f3gico.<\/p>\n<p>Somos, adem\u00e1s, una <b>\u201cdistribuidora alternativa\u201d<\/b>; por una parte, para difundir esos materiales editados por nosotras, o por movimientos sociales de nuestro entorno, a otros puntos del Estado y, por otra, para acercar a nuestra ciudad materiales de otras distribuidoras y peque\u00f1as editoriales alternativas del resto de Euskal Herria y del Estado. Por \u00faltimo, aunque tan importante como todo lo anterior, pretendemos que el local sea un <b>\u201cpunto de encuentro\u201d<\/b> para Colectivos Sociales, presentaciones, charlas, talleres, debates y tertulias generadoras de opiniones cr\u00edticas con el sistema establecido.<img loading=\"lazy\" decoding=\"async\" class=\" wp-image-7478 alignleft\" src=\"https:\/\/zapateneo.net\/wordpress\/wp-content\/uploads\/2021\/04\/abominable-213x300-1.jpg\" alt=\"\" width=\"193\" height=\"272\" \/><img loading=\"lazy\" decoding=\"async\" class=\"size-full wp-image-7479 alignleft\" src=\"https:\/\/zapateneo.net\/wordpress\/wp-content\/uploads\/2021\/04\/armagintza-211x300-1.jpg\" alt=\"\" width=\"211\" height=\"300\" \/>\u00a0 <img loading=\"lazy\" decoding=\"async\" class=\"size-full wp-image-7480 alignleft\" src=\"https:\/\/zapateneo.net\/wordpress\/wp-content\/uploads\/2021\/04\/eh_cubierta_web-220x300-1.jpg\" alt=\"\" width=\"220\" height=\"300\" \/><\/p>\n<p>&nbsp;<\/p>\n<p>Las personas interesadas en el proyecto, <b>pod\u00e9is colaborar<\/b> en \u00e9l <b>de varias formas<\/b>: La m\u00e1s elemental consiste en <b>acercarse al local<\/b> y ver lo que tenemos, lo que hacemos, utilizar la biblioteca\u2026 Otra forma importante de colaborar, para asegurar la continuidad del proyecto, es <b>haci\u00e9ndoos socias<\/b>, abriendo una cuenta de librer\u00eda. Y aquellas personas que quer\u00e1is <b>implicaros m\u00e1s<\/b>, pod\u00e9is <b>apuntaros a trabajar <\/b>codo con codo <b>con nosotras<\/b> en la gesti\u00f3n del proyecto, aportando vuestra experiencia, vuestras ideas, sugerencias\u2026 <b>Funcionamos de modo asambleario<\/b>, para lo que nos reunimos los <b>lunes<\/b>, a partir de las <b>18:00 horas<\/b>\u2026 y, por supuesto, la asamblea est\u00e1 abierta para todas las que est\u00e9is interesadas en el proyecto. El local de ZAPateneo est\u00e1 ubicado en la calle <b>Zapater\u00eda, 93 \u2013 bajo<\/b>, de<b> Vitoria-Gasteiz<\/b>, y el <b>horario<\/b> de apertura al p\u00fablico es de <b>Martes a Viernes, de 18:30 a 21:00 y los S\u00e1bados, de 11:30 a 13:30 horas<\/b> (y, por supuesto, tambi\u00e9n solemos estar en el mercadillo de los primeros s\u00e1bados de mes, en el Casco Viejo).<\/p>\n<p>&#8212;&#8212;&#8212;&#8212;&#8212;&#8212;&#8212;&#8212;&#8212;&#8212;&#8212;&#8212;&#8212;&#8212;&#8212;&#8212;&#8212;&#8212;&#8212;&#8212;&#8212;&#8212;&#8212;&#8212;&#8212;&#8212;&#8212;&#8212;&#8212;&#8212;&#8212;&#8212;<\/p>\n<p><b>ZAPateneo Kultur Elkartea<\/b> 2002an martxan jarri zen proiektu kontrakulturala da, inposatu nahi diguten mundu itogarri honekiko iritzi kritikoak sortaraz ditzan <b>debatea pizteko helburua duena<\/b>. Horretarako <b>\u201celkartze-liburudenda\u201d<\/b> bat dugu; Leku alternatibo bat merkataritza-sarean saltzen ez diren liburuak, fanzineak, liburuxkak, txostenak, CDak eta beste materialak ere lortzeko. Errealitate askotariko eta kritiko batetik,<b> ikuspuntu autonomo eta antiautoritario<\/b> batetik argitaratutako guztia aurkitzeko toki bat, esparru ezberdinetan (borroka asanblearioak, zientzia eta teknologiarekiko kritika, genero eta feminismoa, burokraziarekiko kritika, ekintza politiko eta filosofiko mota berriak, gizarte mugimenduak\u2026)<\/p>\n<p>&nbsp;<\/p>\n<p><b>\u201cAsoziatiboa\u201d<\/b> da, bazkideak baititugu, hileroko kuota bat ordaintzeko konpromisoa hartzen dutenak (bakoitzak erabakitzen duen kantitatea). Diru hori banako liburudenda-kontu batean metatzen da eta edonoiz erabilili dezakete salgai dugun edozein materiala eskuratzeko. Dena dela, ez da derrigorrezkoa bazkide izatea interesatzen zaizkizun liburuak edo\u00a0 materialak lortzeko. Badugu <b>\u201cliburutegi sozial\u201d<\/b> bat ere, lokalean bertan kontsultatu edo maileguz har daitezken liburu eta bideo funts interesgarri batez osatua. Liburutegia erabiltzeko \u201ckidetu\u201d behar da, eta horretarako baldintza bakarra liburu bat ekartzea da (proiektuaren filosofiari dagokion liburu bat). Liburutegiko erabiltzaile izateak ez du inolako diru-kuotarik suposatzen. Edizio-eremuan ere barneratzen gara, asmo handirik gabeko <b>\u201cargitaletxe\u201d<\/b> bat izan nahirik; gure hiriko edo inguru geografiko eta ideologiko pertsonek edota kolektiboek egindakoa argitaratzeko aukera bat.<\/p>\n<p><img loading=\"lazy\" decoding=\"async\" class=\"size-full wp-image-7478 alignleft\" src=\"https:\/\/zapateneo.net\/wordpress\/wp-content\/uploads\/2021\/04\/abominable-213x300-1.jpg\" alt=\"\" width=\"213\" height=\"300\" \/> <img loading=\"lazy\" decoding=\"async\" class=\"size-full wp-image-7479 alignleft\" src=\"https:\/\/zapateneo.net\/wordpress\/wp-content\/uploads\/2021\/04\/armagintza-211x300-1.jpg\" alt=\"\" width=\"211\" height=\"300\" \/> <img loading=\"lazy\" decoding=\"async\" class=\"size-full wp-image-7480 alignleft\" src=\"https:\/\/zapateneo.net\/wordpress\/wp-content\/uploads\/2021\/04\/eh_cubierta_web-220x300-1.jpg\" alt=\"\" width=\"220\" height=\"300\" \/>Horrez gain, bagara <b>\u201cbanatzaile alternatibo\u201d<\/b> bat ere; alde batetik, guk edota gure inguruneko gizarte mugimenduek argitaratutako material horiek Estatuko beste tokietara zabaltzeko eta, beste aldetik, Euskal Herriko gainerako lekuetako bai eta Estatuko banatzaile alternatibo eta argitaletxe txikietako materialak ere gure hiri honetara hurbiltzeko. Azkenik, baina aurreko guztia bezain garrantzitsua, lokala ezarritako sistemarekiko iritzi kritikoak sortaraziko dituzten Giza Kolektiboen bilera ,aurkezpen, hitzaldi, tailer, debate edota solasaldiak egiteko <b>\u201ctopagunea\u201d<\/b> izan dadin nahi dugu.<\/p>\n<p>Proiektu honi interesgarria baderitzozue, <b>parte hartzeko era ezberdin<\/b> batzuk dituzue: Oinarrizkoena <b>lokaletik pasatzea<\/b> da, eta hor daukaguna eta egiten duguna ikustea, liburutegia erabiltzea\u2026 zabaldu eta banatzeko interesgarriak izan daitezkeen materialen iradokizunak ematea\u2026 Parte hartzeko beste modu garrantzitsua, proiektua bizirik iraun dezan, <b>bazkide egitea<\/b> da, liburudenda-kontu bat irekitzen. Eta <b>gehiago sartu<\/b> nahi duzuenak, etor zaitezkete <b>gurekin batera<\/b> proiektuaren kudeaketaz <b>lan egitera<\/b>, zuen eskarmentua, ideiak, iradokizunak\u2026 ekarriz. <b>Biltzar bidezko funtzionamendua eramaten dugu<\/b> eta, horrela, <b>astelehenero <\/b>elkartzen gara, <b>arratsaldeko 18:00etatik aurrera<\/b>\u2026 eta, noski, asanblada irekia da proiektuan interesaturik zaudetenontzat. ZAPateneo <b>Gasteizko Zapatari kalea, 93 \u2013 baxu<\/b>an dago kokatuta; eta jendeaurreko <b>ordutegia 18:30etatik 21:00etara<\/b> da, <b>asteartetik ostiralera<\/b>; eta <b>larunbatetan 11:30etatik 13:30ak arte <\/b>(\u2026eta, noski, saitzen gara egoten hileko lehen larunbatetan Alde Zaharreko merkatuan ere).<\/p>\n","protected":false},"excerpt":{"rendered":"<p>ZAPateneo Kultur Elkartea es un proyecto contracultural, que inici\u00f3 su andadura en 2002, cuyo principal objetivo es el de generar debate, del que surjan opiniones cr\u00edticas con el mundo asfixiante que nos quieren imponer desde el poder establecido. Para ello, contamos con una \u201clibrer\u00eda asociativa\u201d; un espacio alternativo donde se pueden conseguir libros, fanzines, folletos, [&hellip;]<\/p>\n","protected":false},"author":1,"featured_media":0,"parent":0,"menu_order":0,"comment_status":"closed","ping_status":"closed","template":"","meta":{"footnotes":""},"class_list":["post-7473","page","type-page","status-publish","hentry"],"yoast_head":"<!-- This site is optimized with the Yoast SEO plugin v27.3 - https:\/\/yoast.com\/product\/yoast-seo-wordpress\/ -->\n<title>Nortzuk gara \u2013 Qui\u00e9nes somos &#8212; Zapateneo<\/title>\n<meta name=\"robots\" content=\"index, follow, max-snippet:-1, max-image-preview:large, max-video-preview:-1\" \/>\n<link rel=\"canonical\" href=\"https:\/\/zapateneo.net\/wordpress\/index.php\/nortzuk-gara-quienes-somos\/\" \/>\n<meta property=\"og:locale\" content=\"es_ES\" \/>\n<meta property=\"og:type\" content=\"article\" \/>\n<meta property=\"og:title\" content=\"Nortzuk gara \u2013 Qui\u00e9nes somos &#8212; Zapateneo\" \/>\n<meta property=\"og:description\" content=\"ZAPateneo Kultur Elkartea es un proyecto contracultural, que inici\u00f3 su andadura en 2002, cuyo principal objetivo es el de generar debate, del que surjan opiniones cr\u00edticas con el mundo asfixiante que nos quieren imponer desde el poder establecido. Para ello, contamos con una \u201clibrer\u00eda asociativa\u201d; un espacio alternativo donde se pueden conseguir libros, fanzines, folletos, [&hellip;]\" \/>\n<meta property=\"og:url\" content=\"https:\/\/zapateneo.net\/wordpress\/index.php\/nortzuk-gara-quienes-somos\/\" \/>\n<meta property=\"og:site_name\" content=\"Zapateneo\" \/>\n<meta property=\"article:modified_time\" content=\"2021-04-20T13:48:52+00:00\" \/>\n<meta property=\"og:image\" content=\"https:\/\/zapateneo.net\/wordpress\/wp-content\/uploads\/2021\/04\/abominable-213x300-1.jpg\" \/>\n<meta name=\"twitter:card\" content=\"summary_large_image\" \/>\n<meta name=\"twitter:site\" content=\"@zapateneo\" \/>\n<meta name=\"twitter:label1\" content=\"Tiempo de lectura\" \/>\n\t<meta name=\"twitter:data1\" content=\"6 minutos\" \/>\n<script type=\"application\/ld+json\" class=\"yoast-schema-graph\">{\"@context\":\"https:\\\/\\\/schema.org\",\"@graph\":[{\"@type\":\"WebPage\",\"@id\":\"https:\\\/\\\/zapateneo.net\\\/wordpress\\\/index.php\\\/nortzuk-gara-quienes-somos\\\/\",\"url\":\"https:\\\/\\\/zapateneo.net\\\/wordpress\\\/index.php\\\/nortzuk-gara-quienes-somos\\\/\",\"name\":\"Nortzuk gara \u2013 Qui\u00e9nes somos &#8212; Zapateneo\",\"isPartOf\":{\"@id\":\"https:\\\/\\\/zapateneo.net\\\/wordpress\\\/#website\"},\"primaryImageOfPage\":{\"@id\":\"https:\\\/\\\/zapateneo.net\\\/wordpress\\\/index.php\\\/nortzuk-gara-quienes-somos\\\/#primaryimage\"},\"image\":{\"@id\":\"https:\\\/\\\/zapateneo.net\\\/wordpress\\\/index.php\\\/nortzuk-gara-quienes-somos\\\/#primaryimage\"},\"thumbnailUrl\":\"https:\\\/\\\/zapateneo.net\\\/wordpress\\\/wp-content\\\/uploads\\\/2021\\\/04\\\/abominable-213x300-1.jpg\",\"datePublished\":\"2021-04-20T13:40:26+00:00\",\"dateModified\":\"2021-04-20T13:48:52+00:00\",\"breadcrumb\":{\"@id\":\"https:\\\/\\\/zapateneo.net\\\/wordpress\\\/index.php\\\/nortzuk-gara-quienes-somos\\\/#breadcrumb\"},\"inLanguage\":\"es\",\"potentialAction\":[{\"@type\":\"ReadAction\",\"target\":[\"https:\\\/\\\/zapateneo.net\\\/wordpress\\\/index.php\\\/nortzuk-gara-quienes-somos\\\/\"]}]},{\"@type\":\"ImageObject\",\"inLanguage\":\"es\",\"@id\":\"https:\\\/\\\/zapateneo.net\\\/wordpress\\\/index.php\\\/nortzuk-gara-quienes-somos\\\/#primaryimage\",\"url\":\"https:\\\/\\\/zapateneo.net\\\/wordpress\\\/wp-content\\\/uploads\\\/2021\\\/04\\\/abominable-213x300-1.jpg\",\"contentUrl\":\"https:\\\/\\\/zapateneo.net\\\/wordpress\\\/wp-content\\\/uploads\\\/2021\\\/04\\\/abominable-213x300-1.jpg\",\"width\":213,\"height\":300},{\"@type\":\"BreadcrumbList\",\"@id\":\"https:\\\/\\\/zapateneo.net\\\/wordpress\\\/index.php\\\/nortzuk-gara-quienes-somos\\\/#breadcrumb\",\"itemListElement\":[{\"@type\":\"ListItem\",\"position\":1,\"name\":\"Portada\",\"item\":\"https:\\\/\\\/zapateneo.net\\\/wordpress\\\/\"},{\"@type\":\"ListItem\",\"position\":2,\"name\":\"Nortzuk gara \u2013 Qui\u00e9nes somos\"}]},{\"@type\":\"WebSite\",\"@id\":\"https:\\\/\\\/zapateneo.net\\\/wordpress\\\/#website\",\"url\":\"https:\\\/\\\/zapateneo.net\\\/wordpress\\\/\",\"name\":\"Zapateneo\",\"description\":\"Zapateneoaren webgunea\",\"publisher\":{\"@id\":\"https:\\\/\\\/zapateneo.net\\\/wordpress\\\/#organization\"},\"potentialAction\":[{\"@type\":\"SearchAction\",\"target\":{\"@type\":\"EntryPoint\",\"urlTemplate\":\"https:\\\/\\\/zapateneo.net\\\/wordpress\\\/?s={search_term_string}\"},\"query-input\":{\"@type\":\"PropertyValueSpecification\",\"valueRequired\":true,\"valueName\":\"search_term_string\"}}],\"inLanguage\":\"es\"},{\"@type\":\"Organization\",\"@id\":\"https:\\\/\\\/zapateneo.net\\\/wordpress\\\/#organization\",\"name\":\"Zapateneo Kultur Elkartea\",\"url\":\"https:\\\/\\\/zapateneo.net\\\/wordpress\\\/\",\"logo\":{\"@type\":\"ImageObject\",\"inLanguage\":\"es\",\"@id\":\"https:\\\/\\\/zapateneo.net\\\/wordpress\\\/#\\\/schema\\\/logo\\\/image\\\/\",\"url\":\"https:\\\/\\\/zapateneo.net\\\/wordpress\\\/wp-content\\\/uploads\\\/2021\\\/04\\\/zap-libu-kolec.jpg\",\"contentUrl\":\"https:\\\/\\\/zapateneo.net\\\/wordpress\\\/wp-content\\\/uploads\\\/2021\\\/04\\\/zap-libu-kolec.jpg\",\"width\":2234,\"height\":398,\"caption\":\"Zapateneo Kultur Elkartea\"},\"image\":{\"@id\":\"https:\\\/\\\/zapateneo.net\\\/wordpress\\\/#\\\/schema\\\/logo\\\/image\\\/\"},\"sameAs\":[\"https:\\\/\\\/x.com\\\/zapateneo\"]}]}<\/script>\n<!-- \/ Yoast SEO plugin. -->","yoast_head_json":{"title":"Nortzuk gara \u2013 Qui\u00e9nes somos &#8212; Zapateneo","robots":{"index":"index","follow":"follow","max-snippet":"max-snippet:-1","max-image-preview":"max-image-preview:large","max-video-preview":"max-video-preview:-1"},"canonical":"https:\/\/zapateneo.net\/wordpress\/index.php\/nortzuk-gara-quienes-somos\/","og_locale":"es_ES","og_type":"article","og_title":"Nortzuk gara \u2013 Qui\u00e9nes somos &#8212; Zapateneo","og_description":"ZAPateneo Kultur Elkartea es un proyecto contracultural, que inici\u00f3 su andadura en 2002, cuyo principal objetivo es el de generar debate, del que surjan opiniones cr\u00edticas con el mundo asfixiante que nos quieren imponer desde el poder establecido. Para ello, contamos con una \u201clibrer\u00eda asociativa\u201d; un espacio alternativo donde se pueden conseguir libros, fanzines, folletos, [&hellip;]","og_url":"https:\/\/zapateneo.net\/wordpress\/index.php\/nortzuk-gara-quienes-somos\/","og_site_name":"Zapateneo","article_modified_time":"2021-04-20T13:48:52+00:00","og_image":[{"url":"https:\/\/zapateneo.net\/wordpress\/wp-content\/uploads\/2021\/04\/abominable-213x300-1.jpg","type":"","width":"","height":""}],"twitter_card":"summary_large_image","twitter_site":"@zapateneo","twitter_misc":{"Tiempo de lectura":"6 minutos"},"schema":{"@context":"https:\/\/schema.org","@graph":[{"@type":"WebPage","@id":"https:\/\/zapateneo.net\/wordpress\/index.php\/nortzuk-gara-quienes-somos\/","url":"https:\/\/zapateneo.net\/wordpress\/index.php\/nortzuk-gara-quienes-somos\/","name":"Nortzuk gara \u2013 Qui\u00e9nes somos &#8212; Zapateneo","isPartOf":{"@id":"https:\/\/zapateneo.net\/wordpress\/#website"},"primaryImageOfPage":{"@id":"https:\/\/zapateneo.net\/wordpress\/index.php\/nortzuk-gara-quienes-somos\/#primaryimage"},"image":{"@id":"https:\/\/zapateneo.net\/wordpress\/index.php\/nortzuk-gara-quienes-somos\/#primaryimage"},"thumbnailUrl":"https:\/\/zapateneo.net\/wordpress\/wp-content\/uploads\/2021\/04\/abominable-213x300-1.jpg","datePublished":"2021-04-20T13:40:26+00:00","dateModified":"2021-04-20T13:48:52+00:00","breadcrumb":{"@id":"https:\/\/zapateneo.net\/wordpress\/index.php\/nortzuk-gara-quienes-somos\/#breadcrumb"},"inLanguage":"es","potentialAction":[{"@type":"ReadAction","target":["https:\/\/zapateneo.net\/wordpress\/index.php\/nortzuk-gara-quienes-somos\/"]}]},{"@type":"ImageObject","inLanguage":"es","@id":"https:\/\/zapateneo.net\/wordpress\/index.php\/nortzuk-gara-quienes-somos\/#primaryimage","url":"https:\/\/zapateneo.net\/wordpress\/wp-content\/uploads\/2021\/04\/abominable-213x300-1.jpg","contentUrl":"https:\/\/zapateneo.net\/wordpress\/wp-content\/uploads\/2021\/04\/abominable-213x300-1.jpg","width":213,"height":300},{"@type":"BreadcrumbList","@id":"https:\/\/zapateneo.net\/wordpress\/index.php\/nortzuk-gara-quienes-somos\/#breadcrumb","itemListElement":[{"@type":"ListItem","position":1,"name":"Portada","item":"https:\/\/zapateneo.net\/wordpress\/"},{"@type":"ListItem","position":2,"name":"Nortzuk gara \u2013 Qui\u00e9nes somos"}]},{"@type":"WebSite","@id":"https:\/\/zapateneo.net\/wordpress\/#website","url":"https:\/\/zapateneo.net\/wordpress\/","name":"Zapateneo","description":"Zapateneoaren webgunea","publisher":{"@id":"https:\/\/zapateneo.net\/wordpress\/#organization"},"potentialAction":[{"@type":"SearchAction","target":{"@type":"EntryPoint","urlTemplate":"https:\/\/zapateneo.net\/wordpress\/?s={search_term_string}"},"query-input":{"@type":"PropertyValueSpecification","valueRequired":true,"valueName":"search_term_string"}}],"inLanguage":"es"},{"@type":"Organization","@id":"https:\/\/zapateneo.net\/wordpress\/#organization","name":"Zapateneo Kultur Elkartea","url":"https:\/\/zapateneo.net\/wordpress\/","logo":{"@type":"ImageObject","inLanguage":"es","@id":"https:\/\/zapateneo.net\/wordpress\/#\/schema\/logo\/image\/","url":"https:\/\/zapateneo.net\/wordpress\/wp-content\/uploads\/2021\/04\/zap-libu-kolec.jpg","contentUrl":"https:\/\/zapateneo.net\/wordpress\/wp-content\/uploads\/2021\/04\/zap-libu-kolec.jpg","width":2234,"height":398,"caption":"Zapateneo Kultur Elkartea"},"image":{"@id":"https:\/\/zapateneo.net\/wordpress\/#\/schema\/logo\/image\/"},"sameAs":["https:\/\/x.com\/zapateneo"]}]}},"_links":{"self":[{"href":"https:\/\/zapateneo.net\/wordpress\/index.php\/wp-json\/wp\/v2\/pages\/7473","targetHints":{"allow":["GET"]}}],"collection":[{"href":"https:\/\/zapateneo.net\/wordpress\/index.php\/wp-json\/wp\/v2\/pages"}],"about":[{"href":"https:\/\/zapateneo.net\/wordpress\/index.php\/wp-json\/wp\/v2\/types\/page"}],"author":[{"embeddable":true,"href":"https:\/\/zapateneo.net\/wordpress\/index.php\/wp-json\/wp\/v2\/users\/1"}],"replies":[{"embeddable":true,"href":"https:\/\/zapateneo.net\/wordpress\/index.php\/wp-json\/wp\/v2\/comments?post=7473"}],"version-history":[{"count":3,"href":"https:\/\/zapateneo.net\/wordpress\/index.php\/wp-json\/wp\/v2\/pages\/7473\/revisions"}],"predecessor-version":[{"id":7482,"href":"https:\/\/zapateneo.net\/wordpress\/index.php\/wp-json\/wp\/v2\/pages\/7473\/revisions\/7482"}],"wp:attachment":[{"href":"https:\/\/zapateneo.net\/wordpress\/index.php\/wp-json\/wp\/v2\/media?parent=7473"}],"curies":[{"name":"wp","href":"https:\/\/api.w.org\/{rel}","templated":true}]}}